{"id":17902,"date":"2025-06-23T08:39:33","date_gmt":"2025-06-23T08:39:33","guid":{"rendered":"https:\/\/www.zmdetech.com\/?page_id=17902"},"modified":"2025-06-23T08:41:00","modified_gmt":"2025-06-23T08:41:00","slug":"cookies-policy","status":"publish","type":"page","link":"https:\/\/www.zmdetech.com\/es\/cookies-policy\/","title":{"rendered":"Pol\u00edtica de cookies"},"content":{"rendered":"<div class=\"wpb-content-wrapper\"><div class=\"vc_row wpb_row vc_row-fluid vc_column-gap-24\" >\n\t<div class=\"container et-clearfix\">\n\t\t<div class=\"wpb_column vc_column_container vc_col-sm-12 text-align-none\" >\n\t<div class=\"vc_column-inner\" >\n\t\t<div class=\"wpb_wrapper\">\n\t\t\t\n<div class=\"wpb_text_column wpb_content_element\"  data-animation-delay=\"0\">\n\t<div class=\"wpb_wrapper\">\n\t\t<p>\u00daltima actualizaci\u00f3n: 23 de junio de 2025<\/p>\n<p>Esta Pol\u00edtica de Cookies explica qu\u00e9 son las Cookies y c\u00f3mo las utilizamos. Debe leer esta pol\u00edtica para que pueda entender qu\u00e9 tipo de cookies utilizamos, o la informaci\u00f3n que recopilamos utilizando Cookies y c\u00f3mo se utiliza esa informaci\u00f3n.<\/p>\n<p>Las cookies no suelen contener informaci\u00f3n que identifique personalmente a un usuario, pero la informaci\u00f3n personal que almacenamos sobre Usted puede estar vinculada a la informaci\u00f3n almacenada y obtenida de las cookies. Para m\u00e1s informaci\u00f3n sobre c\u00f3mo utilizamos, almacenamos y mantenemos seguros sus datos personales, consulte nuestra Pol\u00edtica de privacidad.<\/p>\n<p>No almacenamos informaci\u00f3n personal sensible, como direcciones de correo, contrase\u00f1as de cuentas, etc. en las cookies que utilizamos.<\/p>\n<h2>Interpretaci\u00f3n y definiciones<\/h2>\n<h4>Interpretaci\u00f3n<\/h4>\n<p>Las palabras cuya letra inicial aparece en may\u00fascula tienen los significados que se definen a continuaci\u00f3n. Las siguientes definiciones tendr\u00e1n el mismo significado independientemente de que aparezcan en singular o en plural.<\/p>\n<h4>Definiciones<\/h4>\n<p>A efectos de la presente Pol\u00edtica de Cookies:<\/p>\n<ul>\n<li><strong>Empresa<\/strong>&nbsp;(en adelante \u201cla Empresa\u201d, \u201cNosotros\u201d, \u201cNos\u201d o \u201cNuestro\u201d en esta Pol\u00edtica de Cookies) se refiere a ZMDE TECH Co., Ltd., 999 Yunjuan Road, Lingang Pilot Free Zone, Pudong, Shanghai.<\/li>\n<li><strong>Cookies<\/strong>&nbsp;se refiere a peque\u00f1os archivos que un sitio web coloca en su ordenador, dispositivo m\u00f3vil o cualquier otro dispositivo y que contienen, entre otras cosas, detalles de su historial de navegaci\u00f3n en dicho sitio web.<\/li>\n<li><strong>P\u00e1gina web<\/strong>&nbsp;se refiere a ZMDE Steel Machinery, accesible desde&nbsp;<a href=\"https:\/\/www.zmdetech.com\/es\/\" target=\"_blank\" rel=\"external nofollow noopener\">https:\/\/www.zmdetech.com<\/a><\/li>\n<li><strong>Usted<\/strong>&nbsp;significa el individuo que accede o utiliza el Sitio Web, o una empresa, o cualquier entidad legal en nombre de la cual dicho individuo accede o utiliza el Sitio Web, seg\u00fan corresponda.<\/li>\n<\/ul>\n<h2>El uso de las cookies<\/h2>\n<h4>Tipo de cookies que utilizamos<\/h4>\n<p>Las Cookies pueden ser \u201cPersistentes\u201d o de \u201cSesi\u00f3n\u201d. Las Cookies Persistentes permanecen en su ordenador personal o dispositivo m\u00f3vil cuando Usted se desconecta, mientras que las Cookies de Sesi\u00f3n se eliminan en cuanto Usted cierra su navegador web.<\/p>\n<p>Utilizamos tanto Cookies de sesi\u00f3n como persistentes para los fines que se indican a continuaci\u00f3n:<\/p>\n<ul>\n<li><strong>Cookies necesarias \/ esenciales<\/strong>\n<p>Tipo: Cookies de sesi\u00f3n<\/p>\n<p>Administrado por: Us<\/p>\n<p>Finalidad: Estas Cookies son esenciales para proporcionarle los servicios disponibles a trav\u00e9s del Sitio Web y permitirle utilizar algunas de sus funciones. Ayudan a autenticar a los usuarios y a evitar el uso fraudulento de las cuentas de usuario. Sin estas Cookies, los servicios que Usted ha solicitado no pueden ser proporcionados, y s\u00f3lo utilizamos estas Cookies para proporcionarle dichos servicios.<\/li>\n<li><strong>Cookies de funcionalidad<\/strong>\n<p>Tipo: Cookies persistentes<\/p>\n<p>Administrado por: Us<\/p>\n<p>Finalidad: Estas Cookies nos permiten recordar las elecciones que Usted realiza cuando utiliza el Sitio Web, como recordar sus datos de acceso o su preferencia de idioma. La finalidad de estas Cookies es proporcionarle una experiencia m\u00e1s personal y evitar que tenga que volver a introducir sus preferencias cada vez que utilice el Sitio Web.<\/li>\n<\/ul>\n<h4>Sus opciones con respecto a las cookies<\/h4>\n<p>Si prefiere evitar el uso de Cookies en el Sitio Web, primero debe desactivar el uso de Cookies en su navegador y despu\u00e9s borrar las Cookies guardadas en su navegador asociadas a este sitio web. Puede utilizar esta opci\u00f3n para evitar el uso de Cookies en cualquier momento.<\/p>\n<p>Si no acepta nuestras cookies, puede experimentar algunos inconvenientes en el uso del sitio web y algunas funciones pueden no funcionar correctamente.<\/p>\n<p>Si desea eliminar las cookies o dar instrucciones a su navegador web para que elimine o rechace las cookies, visite las p\u00e1ginas de ayuda de su navegador web.<\/p>\n<ul>\n<li>Para el navegador web Chrome, visite esta p\u00e1gina de Google:&nbsp;<a href=\"https:\/\/support.google.com\/accounts\/answer\/32050\" target=\"_blank\" rel=\"external nofollow noopener\">https:\/\/support.google.com\/accounts\/answer\/32050<\/a><\/li>\n<li>Para el navegador Internet Explorer, visite esta p\u00e1gina de Microsoft:&nbsp;<a href=\"http:\/\/support.microsoft.com\/kb\/278835\" target=\"_blank\" rel=\"external nofollow noopener\">http:\/\/support.microsoft.com\/kb\/278835<\/a><\/li>\n<li>Para el navegador Firefox, visite esta p\u00e1gina de Mozilla:&nbsp;<a href=\"https:\/\/support.mozilla.org\/en-US\/kb\/delete-cookies-remove-info-websites-stored\" target=\"_blank\" rel=\"external nofollow noopener\">https:\/\/support.mozilla.org\/en-US\/kb\/delete-cookies-remove-info-websites-stored<\/a><\/li>\n<li>Para el navegador Safari, visite esta p\u00e1gina de Apple:&nbsp;<a href=\"https:\/\/support.apple.com\/guide\/safari\/manage-cookies-and-website-data-sfri11471\/mac\" target=\"_blank\" rel=\"external nofollow noopener\">https:\/\/support.apple.com\/guide\/safari\/manage-cookies-and-website-data-sfri11471\/mac<\/a><\/li>\n<\/ul>\n<p>Para cualquier otro navegador web, visite las p\u00e1ginas web oficiales de su navegador web.<\/p>\n<h4>Contacte con nosotros<\/h4>\n<p>Si tiene alguna pregunta sobre esta Pol\u00edtica de Cookies, puede ponerse en contacto con nosotros:<\/p>\n<ul>\n<li>Por correo electr\u00f3nico: export.zmde@zmdetech.com<\/li>\n<\/ul>\n\t<\/div>\n<\/div>\n\n\t\t<\/div>\n\t\t\t<\/div>\n<\/div>\t<\/div>\n\t\t<\/div>\n<\/div>","protected":false},"excerpt":{"rendered":"Last updated: June 23, 2025 This Cookies Policy explains what Cookies are and how We use them. You should read this policy so You can understand what type of cookies We use, or the information We collect using Cookies and how that information is used. Cookies do not typically contain any information that personally identifies [...]","protected":false},"author":1,"featured_media":0,"parent":0,"menu_order":0,"comment_status":"closed","ping_status":"open","template":"","meta":{"footnotes":""},"class_list":["post-17902","page","type-page","status-publish","hentry"],"yoast_head":"<!-- This site is optimized with the Yoast SEO Premium plugin v27.1 (Yoast SEO v27.3) - https:\/\/yoast.com\/product\/yoast-seo-premium-wordpress\/ -->\n<title>Cookies Policy - ZMDE Steel Machinery<\/title>\n<meta name=\"robots\" content=\"index, follow, max-snippet:-1, max-image-preview:large, max-video-preview:-1\" \/>\n<link rel=\"canonical\" href=\"https:\/\/www.zmdetech.com\/es\/cookies-policy\/\" \/>\n<meta property=\"og:locale\" content=\"es_ES\" \/>\n<meta property=\"og:type\" content=\"article\" \/>\n<meta property=\"og:title\" content=\"Cookies Policy\" \/>\n<meta property=\"og:url\" content=\"https:\/\/www.zmdetech.com\/es\/cookies-policy\/\" \/>\n<meta property=\"og:site_name\" content=\"ZMDE Steel Machinery\" \/>\n<meta property=\"article:publisher\" content=\"https:\/\/facebook.com\/zmdemachinery\" \/>\n<meta property=\"article:modified_time\" content=\"2025-06-23T08:41:00+00:00\" \/>\n<meta name=\"twitter:card\" content=\"summary_large_image\" \/>\n<meta name=\"twitter:site\" content=\"@zmdemachinery\" \/>\n<meta name=\"twitter:label1\" content=\"Tiempo de lectura\" \/>\n\t<meta name=\"twitter:data1\" content=\"3 minutos\" \/>\n<script type=\"application\/ld+json\" class=\"yoast-schema-graph\">{\"@context\":\"https:\\\/\\\/schema.org\",\"@graph\":[{\"@type\":\"WebPage\",\"@id\":\"https:\\\/\\\/www.zmdetech.com\\\/cookies-policy\\\/\",\"url\":\"https:\\\/\\\/www.zmdetech.com\\\/cookies-policy\\\/\",\"name\":\"Cookies Policy - ZMDE Steel Machinery\",\"isPartOf\":{\"@id\":\"https:\\\/\\\/www.zmdetech.com\\\/#website\"},\"datePublished\":\"2025-06-23T08:39:33+00:00\",\"dateModified\":\"2025-06-23T08:41:00+00:00\",\"breadcrumb\":{\"@id\":\"https:\\\/\\\/www.zmdetech.com\\\/cookies-policy\\\/#breadcrumb\"},\"inLanguage\":\"es\",\"potentialAction\":[{\"@type\":\"ReadAction\",\"target\":[\"https:\\\/\\\/www.zmdetech.com\\\/cookies-policy\\\/\"]}]},{\"@type\":\"BreadcrumbList\",\"@id\":\"https:\\\/\\\/www.zmdetech.com\\\/cookies-policy\\\/#breadcrumb\",\"itemListElement\":[{\"@type\":\"ListItem\",\"position\":1,\"name\":\"Home\",\"item\":\"https:\\\/\\\/www.zmdetech.com\\\/\"},{\"@type\":\"ListItem\",\"position\":2,\"name\":\"Cookies Policy\"}]},{\"@type\":\"WebSite\",\"@id\":\"https:\\\/\\\/www.zmdetech.com\\\/#website\",\"url\":\"https:\\\/\\\/www.zmdetech.com\\\/\",\"name\":\"ZMDE Steel Machinery\",\"description\":\"Make Buildings Manufactured in Factory\",\"publisher\":{\"@id\":\"https:\\\/\\\/www.zmdetech.com\\\/#organization\"},\"potentialAction\":[{\"@type\":\"SearchAction\",\"target\":{\"@type\":\"EntryPoint\",\"urlTemplate\":\"https:\\\/\\\/www.zmdetech.com\\\/?s={search_term_string}\"},\"query-input\":{\"@type\":\"PropertyValueSpecification\",\"valueRequired\":true,\"valueName\":\"search_term_string\"}}],\"inLanguage\":\"es\"},{\"@type\":\"Organization\",\"@id\":\"https:\\\/\\\/www.zmdetech.com\\\/#organization\",\"name\":\"ZMDE Steel Machinery\",\"url\":\"https:\\\/\\\/www.zmdetech.com\\\/\",\"logo\":{\"@type\":\"ImageObject\",\"inLanguage\":\"es\",\"@id\":\"https:\\\/\\\/www.zmdetech.com\\\/#\\\/schema\\\/logo\\\/image\\\/\",\"url\":\"https:\\\/\\\/www.zmdetech.com\\\/wp-content\\\/uploads\\\/websitelogo3.webp\",\"contentUrl\":\"https:\\\/\\\/www.zmdetech.com\\\/wp-content\\\/uploads\\\/websitelogo3.webp\",\"width\":200,\"height\":64,\"caption\":\"ZMDE Steel Machinery\"},\"image\":{\"@id\":\"https:\\\/\\\/www.zmdetech.com\\\/#\\\/schema\\\/logo\\\/image\\\/\"},\"sameAs\":[\"https:\\\/\\\/facebook.com\\\/zmdemachinery\",\"https:\\\/\\\/x.com\\\/zmdemachinery\",\"https:\\\/\\\/www.youtube.com\\\/@ZMDE-TECH\",\"https:\\\/\\\/www.linkedin.com\\\/company\\\/zmde-tech\"]}]}<\/script>\n<!-- \/ Yoast SEO Premium plugin. -->","yoast_head_json":{"title":"Pol\u00edtica de cookies - ZMDE Steel Machinery","robots":{"index":"index","follow":"follow","max-snippet":"max-snippet:-1","max-image-preview":"max-image-preview:large","max-video-preview":"max-video-preview:-1"},"canonical":"https:\/\/www.zmdetech.com\/es\/cookies-policy\/","og_locale":"es_ES","og_type":"article","og_title":"Cookies Policy","og_url":"https:\/\/www.zmdetech.com\/es\/cookies-policy\/","og_site_name":"ZMDE Steel Machinery","article_publisher":"https:\/\/facebook.com\/zmdemachinery","article_modified_time":"2025-06-23T08:41:00+00:00","twitter_card":"summary_large_image","twitter_site":"@zmdemachinery","twitter_misc":{"Tiempo de lectura":"3 minutos"},"schema":{"@context":"https:\/\/schema.org","@graph":[{"@type":"WebPage","@id":"https:\/\/www.zmdetech.com\/cookies-policy\/","url":"https:\/\/www.zmdetech.com\/cookies-policy\/","name":"Pol\u00edtica de cookies - ZMDE Steel Machinery","isPartOf":{"@id":"https:\/\/www.zmdetech.com\/#website"},"datePublished":"2025-06-23T08:39:33+00:00","dateModified":"2025-06-23T08:41:00+00:00","breadcrumb":{"@id":"https:\/\/www.zmdetech.com\/cookies-policy\/#breadcrumb"},"inLanguage":"es","potentialAction":[{"@type":"ReadAction","target":["https:\/\/www.zmdetech.com\/cookies-policy\/"]}]},{"@type":"BreadcrumbList","@id":"https:\/\/www.zmdetech.com\/cookies-policy\/#breadcrumb","itemListElement":[{"@type":"ListItem","position":1,"name":"Home","item":"https:\/\/www.zmdetech.com\/"},{"@type":"ListItem","position":2,"name":"Cookies Policy"}]},{"@type":"WebSite","@id":"https:\/\/www.zmdetech.com\/#website","url":"https:\/\/www.zmdetech.com\/","name":"Maquinaria de acero ZMDE","description":"Construir edificios en f\u00e1brica","publisher":{"@id":"https:\/\/www.zmdetech.com\/#organization"},"potentialAction":[{"@type":"SearchAction","target":{"@type":"EntryPoint","urlTemplate":"https:\/\/www.zmdetech.com\/?s={search_term_string}"},"query-input":{"@type":"PropertyValueSpecification","valueRequired":true,"valueName":"search_term_string"}}],"inLanguage":"es"},{"@type":"Organization","@id":"https:\/\/www.zmdetech.com\/#organization","name":"Maquinaria de acero ZMDE","url":"https:\/\/www.zmdetech.com\/","logo":{"@type":"ImageObject","inLanguage":"es","@id":"https:\/\/www.zmdetech.com\/#\/schema\/logo\/image\/","url":"https:\/\/www.zmdetech.com\/wp-content\/uploads\/websitelogo3.webp","contentUrl":"https:\/\/www.zmdetech.com\/wp-content\/uploads\/websitelogo3.webp","width":200,"height":64,"caption":"ZMDE Steel Machinery"},"image":{"@id":"https:\/\/www.zmdetech.com\/#\/schema\/logo\/image\/"},"sameAs":["https:\/\/facebook.com\/zmdemachinery","https:\/\/x.com\/zmdemachinery","https:\/\/www.youtube.com\/@ZMDE-TECH","https:\/\/www.linkedin.com\/company\/zmde-tech"]}]}},"_links":{"self":[{"href":"https:\/\/www.zmdetech.com\/es\/wp-json\/wp\/v2\/pages\/17902","targetHints":{"allow":["GET"]}}],"collection":[{"href":"https:\/\/www.zmdetech.com\/es\/wp-json\/wp\/v2\/pages"}],"about":[{"href":"https:\/\/www.zmdetech.com\/es\/wp-json\/wp\/v2\/types\/page"}],"author":[{"embeddable":true,"href":"https:\/\/www.zmdetech.com\/es\/wp-json\/wp\/v2\/users\/1"}],"replies":[{"embeddable":true,"href":"https:\/\/www.zmdetech.com\/es\/wp-json\/wp\/v2\/comments?post=17902"}],"version-history":[{"count":3,"href":"https:\/\/www.zmdetech.com\/es\/wp-json\/wp\/v2\/pages\/17902\/revisions"}],"predecessor-version":[{"id":17905,"href":"https:\/\/www.zmdetech.com\/es\/wp-json\/wp\/v2\/pages\/17902\/revisions\/17905"}],"wp:attachment":[{"href":"https:\/\/www.zmdetech.com\/es\/wp-json\/wp\/v2\/media?parent=17902"}],"curies":[{"name":"wp","href":"https:\/\/api.w.org\/{rel}","templated":true}]}}