{"id":18176,"date":"2025-07-19T11:45:12","date_gmt":"2025-07-19T11:45:12","guid":{"rendered":"https:\/\/www.zmdetech.com\/?post_type=product&#038;p=18176"},"modified":"2025-10-11T00:53:04","modified_gmt":"2025-10-11T00:53:04","slug":"zmde-cnc-laser-cutting-machine-20000w-lcm20k-12026s","status":"publish","type":"product","link":"https:\/\/www.zmdetech.com\/es\/producto\/zmde-cnc-laser-cutting-machine-20000w-lcm20k-12026s\/","title":{"rendered":"M\u00e1quina de corte l\u00e1ser CNC ZMDE 20000W LCM20K-12026S"},"content":{"rendered":"<p><img fetchpriority=\"high\" decoding=\"async\" width=\"1000\" height=\"2272\" class=\"aligncenter size-medium wp-image-18303\" src=\"https:\/\/www.zmdetech.com\/wp-content\/uploads\/Laser-Cutting-Machine-1.webp\" alt=\"M\u00e1quina de corte por l\u00e1ser-1\" \/><br \/>\n<img decoding=\"async\" class=\"aligncenter size-medium wp-image-18304\" src=\"https:\/\/www.zmdetech.com\/wp-content\/uploads\/Laser-Cutting-Machine-2.webp\" alt=\"M\u00e1quina de corte por l\u00e1ser-2\" \/><br \/>\n<img decoding=\"async\" width=\"1000\" height=\"1404\" class=\"aligncenter size-medium wp-image-18300\" src=\"https:\/\/www.zmdetech.com\/wp-content\/uploads\/Laser-Cutting-Machine-3.webp\" alt=\"M\u00e1quina de corte por l\u00e1ser-3\" \/><br \/>\n<img decoding=\"async\" class=\"aligncenter size-medium wp-image-18301\" src=\"https:\/\/www.zmdetech.com\/wp-content\/uploads\/Laser-Cutting-Machine-4.webp\" alt=\"M\u00e1quina de corte por l\u00e1ser-4\" \/><br \/>\n<img decoding=\"async\" width=\"1000\" height=\"1238\" class=\"aligncenter size-medium wp-image-18302\" src=\"https:\/\/www.zmdetech.com\/wp-content\/uploads\/Laser-Cutting-Machine-5.webp\" alt=\"M\u00e1quina de corte por l\u00e1ser-5\" \/><\/p>","protected":false},"excerpt":{"rendered":"<p>M\u00e1quina de corte por l\u00e1ser CNC ZMDE 20000W 20kW para el corte y taladrado de vigas de acero en la industria de fabricaci\u00f3n de acero.<\/p>","protected":false},"featured_media":18422,"template":"","meta":[],"product_brand":[109],"product_cat":[54],"product_tag":[146,147,134,139,138,137,223,224,117,123],"class_list":{"0":"post-18176","1":"product","2":"type-product","3":"status-publish","4":"has-post-thumbnail","6":"product_brand-zmde","7":"product_cat-cutting-machine","8":"product_tag-20000w","9":"product_tag-20kw","10":"product_tag-cnc","11":"product_tag-cutting-machine","12":"product_tag-laser","13":"product_tag-laser-cutting-machine","14":"product_tag-peb","15":"product_tag-pre-engineered-building","16":"product_tag-steel-fabrication","17":"product_tag-zmde","19":"first","20":"instock","21":"shipping-taxable","22":"product-type-simple"},"yoast_head":"<!-- This site is optimized with the Yoast SEO Premium plugin v27.1 (Yoast SEO v27.3) - https:\/\/yoast.com\/product\/yoast-seo-premium-wordpress\/ -->\n<title>ZMDE CNC Laser Cutting Machine 20000W LCM20K-12026S - ZMDE Steel Machinery<\/title>\n<meta name=\"description\" content=\"ZMDE CNC Laser Cutting Machine 20000W 20kW for steel beam cutting and drilling in steel fabrication industry.\" \/>\n<meta name=\"robots\" content=\"index, follow, max-snippet:-1, max-image-preview:large, max-video-preview:-1\" \/>\n<link rel=\"canonical\" href=\"https:\/\/www.zmdetech.com\/es\/producto\/zmde-cnc-laser-cutting-machine-20000w-lcm20k-12026s\/\" \/>\n<meta property=\"og:locale\" content=\"es_ES\" \/>\n<meta property=\"og:type\" content=\"article\" \/>\n<meta property=\"og:title\" content=\"ZMDE CNC Laser Cutting Machine 20000W LCM20K-12026S\" \/>\n<meta property=\"og:description\" content=\"ZMDE CNC Laser Cutting Machine 20000W 20kW for steel beam cutting and drilling in steel fabrication industry.\" \/>\n<meta property=\"og:url\" content=\"https:\/\/www.zmdetech.com\/es\/producto\/zmde-cnc-laser-cutting-machine-20000w-lcm20k-12026s\/\" \/>\n<meta property=\"og:site_name\" content=\"ZMDE Steel Machinery\" \/>\n<meta property=\"article:publisher\" content=\"https:\/\/facebook.com\/zmdemachinery\" \/>\n<meta property=\"article:modified_time\" content=\"2025-10-11T00:53:04+00:00\" \/>\n<meta property=\"og:image\" content=\"https:\/\/www.zmdetech.com\/wp-content\/uploads\/CNC-Laser-Cutting-Machine-8025-main-4.webp\" \/>\n\t<meta property=\"og:image:width\" content=\"1000\" \/>\n\t<meta property=\"og:image:height\" content=\"1000\" \/>\n\t<meta property=\"og:image:type\" content=\"image\/webp\" \/>\n<meta name=\"twitter:card\" content=\"summary_large_image\" \/>\n<meta name=\"twitter:site\" content=\"@zmdemachinery\" \/>\n<meta name=\"twitter:label1\" content=\"Precio\" \/>\n\t<meta name=\"twitter:data1\" content=\"\" \/>\n\t<meta name=\"twitter:label2\" content=\"Disponibilidad\" \/>\n\t<meta name=\"twitter:data2\" content=\"Disponible\" \/>\n<script type=\"application\/ld+json\" class=\"yoast-schema-graph\">{\"@context\":\"https:\\\/\\\/schema.org\",\"@graph\":[{\"@type\":\"WebPage\",\"@id\":\"https:\\\/\\\/www.zmdetech.com\\\/product\\\/zmde-cnc-laser-cutting-machine-20000w-lcm20k-12026s\\\/\",\"url\":\"https:\\\/\\\/www.zmdetech.com\\\/product\\\/zmde-cnc-laser-cutting-machine-20000w-lcm20k-12026s\\\/\",\"name\":\"ZMDE CNC Laser Cutting Machine 20000W LCM20K-12026S - ZMDE Steel Machinery\",\"isPartOf\":{\"@id\":\"https:\\\/\\\/www.zmdetech.com\\\/#website\"},\"primaryImageOfPage\":{\"@id\":\"https:\\\/\\\/www.zmdetech.com\\\/product\\\/zmde-cnc-laser-cutting-machine-20000w-lcm20k-12026s\\\/#primaryimage\"},\"image\":{\"@id\":\"https:\\\/\\\/www.zmdetech.com\\\/product\\\/zmde-cnc-laser-cutting-machine-20000w-lcm20k-12026s\\\/#primaryimage\"},\"thumbnailUrl\":\"https:\\\/\\\/www.zmdetech.com\\\/wp-content\\\/uploads\\\/CNC-Laser-Cutting-Machine-8025-main-4.webp\",\"datePublished\":\"2025-07-19T11:45:12+00:00\",\"dateModified\":\"2025-10-11T00:53:04+00:00\",\"description\":\"ZMDE CNC Laser Cutting Machine 20000W 20kW for steel beam cutting and drilling in steel fabrication industry.\",\"breadcrumb\":{\"@id\":\"https:\\\/\\\/www.zmdetech.com\\\/product\\\/zmde-cnc-laser-cutting-machine-20000w-lcm20k-12026s\\\/#breadcrumb\"},\"inLanguage\":\"es\",\"potentialAction\":[{\"@type\":\"ReadAction\",\"target\":[\"https:\\\/\\\/www.zmdetech.com\\\/product\\\/zmde-cnc-laser-cutting-machine-20000w-lcm20k-12026s\\\/\"]}]},{\"@type\":\"ImageObject\",\"inLanguage\":\"es\",\"@id\":\"https:\\\/\\\/www.zmdetech.com\\\/product\\\/zmde-cnc-laser-cutting-machine-20000w-lcm20k-12026s\\\/#primaryimage\",\"url\":\"https:\\\/\\\/www.zmdetech.com\\\/wp-content\\\/uploads\\\/CNC-Laser-Cutting-Machine-8025-main-4.webp\",\"contentUrl\":\"https:\\\/\\\/www.zmdetech.com\\\/wp-content\\\/uploads\\\/CNC-Laser-Cutting-Machine-8025-main-4.webp\",\"width\":1000,\"height\":1000},{\"@type\":\"BreadcrumbList\",\"@id\":\"https:\\\/\\\/www.zmdetech.com\\\/product\\\/zmde-cnc-laser-cutting-machine-20000w-lcm20k-12026s\\\/#breadcrumb\",\"itemListElement\":[{\"@type\":\"ListItem\",\"position\":1,\"name\":\"Home\",\"item\":\"https:\\\/\\\/www.zmdetech.com\\\/\"},{\"@type\":\"ListItem\",\"position\":2,\"name\":\"Shop\",\"item\":\"https:\\\/\\\/www.zmdetech.com\\\/shop\\\/\"},{\"@type\":\"ListItem\",\"position\":3,\"name\":\"ZMDE CNC Laser Cutting Machine 20000W LCM20K-12026S\"}]},{\"@type\":\"WebSite\",\"@id\":\"https:\\\/\\\/www.zmdetech.com\\\/#website\",\"url\":\"https:\\\/\\\/www.zmdetech.com\\\/\",\"name\":\"ZMDE Steel Machinery\",\"description\":\"Make Buildings Manufactured in Factory\",\"publisher\":{\"@id\":\"https:\\\/\\\/www.zmdetech.com\\\/#organization\"},\"potentialAction\":[{\"@type\":\"SearchAction\",\"target\":{\"@type\":\"EntryPoint\",\"urlTemplate\":\"https:\\\/\\\/www.zmdetech.com\\\/?s={search_term_string}\"},\"query-input\":{\"@type\":\"PropertyValueSpecification\",\"valueRequired\":true,\"valueName\":\"search_term_string\"}}],\"inLanguage\":\"es\"},{\"@type\":\"Organization\",\"@id\":\"https:\\\/\\\/www.zmdetech.com\\\/#organization\",\"name\":\"ZMDE Steel Machinery\",\"url\":\"https:\\\/\\\/www.zmdetech.com\\\/\",\"logo\":{\"@type\":\"ImageObject\",\"inLanguage\":\"es\",\"@id\":\"https:\\\/\\\/www.zmdetech.com\\\/#\\\/schema\\\/logo\\\/image\\\/\",\"url\":\"https:\\\/\\\/www.zmdetech.com\\\/wp-content\\\/uploads\\\/websitelogo3.webp\",\"contentUrl\":\"https:\\\/\\\/www.zmdetech.com\\\/wp-content\\\/uploads\\\/websitelogo3.webp\",\"width\":200,\"height\":64,\"caption\":\"ZMDE Steel Machinery\"},\"image\":{\"@id\":\"https:\\\/\\\/www.zmdetech.com\\\/#\\\/schema\\\/logo\\\/image\\\/\"},\"sameAs\":[\"https:\\\/\\\/facebook.com\\\/zmdemachinery\",\"https:\\\/\\\/x.com\\\/zmdemachinery\",\"https:\\\/\\\/www.youtube.com\\\/@ZMDE-TECH\",\"https:\\\/\\\/www.linkedin.com\\\/company\\\/zmde-tech\"]}]}<\/script>\n<meta property=\"product:price:currency\" content=\"CNY\" \/>\n<meta property=\"og:availability\" content=\"instock\" \/>\n<meta property=\"product:availability\" content=\"instock\" \/>\n<meta property=\"product:retailer_item_id\" content=\"ZM-LCM20K-12026S\" \/>\n<meta property=\"product:condition\" content=\"new\" \/>\n<!-- \/ Yoast SEO Premium plugin. -->","yoast_head_json":{"title":"M\u00e1quina de corte l\u00e1ser CNC ZMDE 20000W LCM20K-12026S - ZMDE Maquinaria para Acero","description":"M\u00e1quina de corte por l\u00e1ser CNC ZMDE 20000W 20kW para el corte y taladrado de vigas de acero en la industria de fabricaci\u00f3n de acero.","robots":{"index":"index","follow":"follow","max-snippet":"max-snippet:-1","max-image-preview":"max-image-preview:large","max-video-preview":"max-video-preview:-1"},"canonical":"https:\/\/www.zmdetech.com\/es\/producto\/zmde-cnc-laser-cutting-machine-20000w-lcm20k-12026s\/","og_locale":"es_ES","og_type":"article","og_title":"ZMDE CNC Laser Cutting Machine 20000W LCM20K-12026S","og_description":"ZMDE CNC Laser Cutting Machine 20000W 20kW for steel beam cutting and drilling in steel fabrication industry.","og_url":"https:\/\/www.zmdetech.com\/es\/producto\/zmde-cnc-laser-cutting-machine-20000w-lcm20k-12026s\/","og_site_name":"ZMDE Steel Machinery","article_publisher":"https:\/\/facebook.com\/zmdemachinery","article_modified_time":"2025-10-11T00:53:04+00:00","og_image":[{"width":1000,"height":1000,"url":"https:\/\/www.zmdetech.com\/wp-content\/uploads\/CNC-Laser-Cutting-Machine-8025-main-4.webp","type":"image\/webp"}],"twitter_card":"summary_large_image","twitter_site":"@zmdemachinery","twitter_misc":{"Precio":"","Disponibilidad":"Disponible"},"schema":{"@context":"https:\/\/schema.org","@graph":[{"@type":"WebPage","@id":"https:\/\/www.zmdetech.com\/product\/zmde-cnc-laser-cutting-machine-20000w-lcm20k-12026s\/","url":"https:\/\/www.zmdetech.com\/product\/zmde-cnc-laser-cutting-machine-20000w-lcm20k-12026s\/","name":"M\u00e1quina de corte l\u00e1ser CNC ZMDE 20000W LCM20K-12026S - ZMDE Maquinaria para Acero","isPartOf":{"@id":"https:\/\/www.zmdetech.com\/#website"},"primaryImageOfPage":{"@id":"https:\/\/www.zmdetech.com\/product\/zmde-cnc-laser-cutting-machine-20000w-lcm20k-12026s\/#primaryimage"},"image":{"@id":"https:\/\/www.zmdetech.com\/product\/zmde-cnc-laser-cutting-machine-20000w-lcm20k-12026s\/#primaryimage"},"thumbnailUrl":"https:\/\/www.zmdetech.com\/wp-content\/uploads\/CNC-Laser-Cutting-Machine-8025-main-4.webp","datePublished":"2025-07-19T11:45:12+00:00","dateModified":"2025-10-11T00:53:04+00:00","description":"M\u00e1quina de corte por l\u00e1ser CNC ZMDE 20000W 20kW para el corte y taladrado de vigas de acero en la industria de fabricaci\u00f3n de acero.","breadcrumb":{"@id":"https:\/\/www.zmdetech.com\/product\/zmde-cnc-laser-cutting-machine-20000w-lcm20k-12026s\/#breadcrumb"},"inLanguage":"es","potentialAction":[{"@type":"ReadAction","target":["https:\/\/www.zmdetech.com\/product\/zmde-cnc-laser-cutting-machine-20000w-lcm20k-12026s\/"]}]},{"@type":"ImageObject","inLanguage":"es","@id":"https:\/\/www.zmdetech.com\/product\/zmde-cnc-laser-cutting-machine-20000w-lcm20k-12026s\/#primaryimage","url":"https:\/\/www.zmdetech.com\/wp-content\/uploads\/CNC-Laser-Cutting-Machine-8025-main-4.webp","contentUrl":"https:\/\/www.zmdetech.com\/wp-content\/uploads\/CNC-Laser-Cutting-Machine-8025-main-4.webp","width":1000,"height":1000},{"@type":"BreadcrumbList","@id":"https:\/\/www.zmdetech.com\/product\/zmde-cnc-laser-cutting-machine-20000w-lcm20k-12026s\/#breadcrumb","itemListElement":[{"@type":"ListItem","position":1,"name":"Home","item":"https:\/\/www.zmdetech.com\/"},{"@type":"ListItem","position":2,"name":"Shop","item":"https:\/\/www.zmdetech.com\/shop\/"},{"@type":"ListItem","position":3,"name":"ZMDE CNC Laser Cutting Machine 20000W LCM20K-12026S"}]},{"@type":"WebSite","@id":"https:\/\/www.zmdetech.com\/#website","url":"https:\/\/www.zmdetech.com\/","name":"Maquinaria de acero ZMDE","description":"Construir edificios en f\u00e1brica","publisher":{"@id":"https:\/\/www.zmdetech.com\/#organization"},"potentialAction":[{"@type":"SearchAction","target":{"@type":"EntryPoint","urlTemplate":"https:\/\/www.zmdetech.com\/?s={search_term_string}"},"query-input":{"@type":"PropertyValueSpecification","valueRequired":true,"valueName":"search_term_string"}}],"inLanguage":"es"},{"@type":"Organization","@id":"https:\/\/www.zmdetech.com\/#organization","name":"Maquinaria de acero ZMDE","url":"https:\/\/www.zmdetech.com\/","logo":{"@type":"ImageObject","inLanguage":"es","@id":"https:\/\/www.zmdetech.com\/#\/schema\/logo\/image\/","url":"https:\/\/www.zmdetech.com\/wp-content\/uploads\/websitelogo3.webp","contentUrl":"https:\/\/www.zmdetech.com\/wp-content\/uploads\/websitelogo3.webp","width":200,"height":64,"caption":"ZMDE Steel Machinery"},"image":{"@id":"https:\/\/www.zmdetech.com\/#\/schema\/logo\/image\/"},"sameAs":["https:\/\/facebook.com\/zmdemachinery","https:\/\/x.com\/zmdemachinery","https:\/\/www.youtube.com\/@ZMDE-TECH","https:\/\/www.linkedin.com\/company\/zmde-tech"]}]},"product_price_currency":"CNY","og_availability":"instock","product_availability":"instock","product_retailer_item_id":"ZM-LCM20K-12026S","product_condition":"new"},"_links":{"self":[{"href":"https:\/\/www.zmdetech.com\/es\/wp-json\/wp\/v2\/product\/18176","targetHints":{"allow":["GET"]}}],"collection":[{"href":"https:\/\/www.zmdetech.com\/es\/wp-json\/wp\/v2\/product"}],"about":[{"href":"https:\/\/www.zmdetech.com\/es\/wp-json\/wp\/v2\/types\/product"}],"wp:featuredmedia":[{"embeddable":true,"href":"https:\/\/www.zmdetech.com\/es\/wp-json\/wp\/v2\/media\/18422"}],"wp:attachment":[{"href":"https:\/\/www.zmdetech.com\/es\/wp-json\/wp\/v2\/media?parent=18176"}],"wp:term":[{"taxonomy":"product_brand","embeddable":true,"href":"https:\/\/www.zmdetech.com\/es\/wp-json\/wp\/v2\/product_brand?post=18176"},{"taxonomy":"product_cat","embeddable":true,"href":"https:\/\/www.zmdetech.com\/es\/wp-json\/wp\/v2\/product_cat?post=18176"},{"taxonomy":"product_tag","embeddable":true,"href":"https:\/\/www.zmdetech.com\/es\/wp-json\/wp\/v2\/product_tag?post=18176"}],"curies":[{"name":"wp","href":"https:\/\/api.w.org\/{rel}","templated":true}]}}