{"id":18653,"date":"2025-09-04T06:45:41","date_gmt":"2025-09-04T06:45:41","guid":{"rendered":"https:\/\/www.zmdetech.com\/?post_type=product&#038;p=18653"},"modified":"2025-10-11T00:52:56","modified_gmt":"2025-10-11T00:52:56","slug":"zmde-sierra-de-portico-de-viga-en-h-hgsm-4000h","status":"publish","type":"product","link":"https:\/\/www.zmdetech.com\/es\/producto\/zmde-sierra-de-portico-de-viga-en-h-hgsm-4000h\/","title":{"rendered":"ZMDE M\u00e1quina de soldadura SAW de p\u00f3rtico con viga en H HGSM-4000H"},"content":{"rendered":"<p><img fetchpriority=\"high\" decoding=\"async\" width=\"1000\" height=\"1902\" class=\"aligncenter size-medium wp-image-18310\" src=\"https:\/\/www.zmdetech.com\/wp-content\/uploads\/Gantry-Welding-Machine-1.webp\" alt=\"M\u00e1quina de soldadura de p\u00f3rtico-1\" \/><br \/>\n<img decoding=\"async\" width=\"1000\" height=\"1570\" class=\"aligncenter size-medium wp-image-18305\" src=\"https:\/\/www.zmdetech.com\/wp-content\/uploads\/Gantry-Welding-Machine-2.webp\" alt=\"M\u00e1quina de soldadura de p\u00f3rtico-2\" \/><br \/>\n<img decoding=\"async\" width=\"1000\" height=\"997\" class=\"aligncenter size-medium wp-image-18306\" src=\"https:\/\/www.zmdetech.com\/wp-content\/uploads\/Gantry-Welding-Machine-3.webp\" alt=\"M\u00e1quina de soldadura de p\u00f3rtico-3\" \/><br \/>\n<img loading=\"lazy\" decoding=\"async\" width=\"1000\" height=\"1179\" class=\"aligncenter size-medium wp-image-18307\" src=\"https:\/\/www.zmdetech.com\/wp-content\/uploads\/Gantry-Welding-Machine-4.webp\" alt=\"M\u00e1quina de soldadura de p\u00f3rtico-4\" \/><br \/>\n<img loading=\"lazy\" decoding=\"async\" width=\"1000\" height=\"1999\" class=\"aligncenter size-medium wp-image-18308\" src=\"https:\/\/www.zmdetech.com\/wp-content\/uploads\/Gantry-Welding-Machine-5.webp\" alt=\"M\u00e1quina de soldadura de p\u00f3rtico-5\" \/><br \/>\n<img decoding=\"async\" class=\"aligncenter size-medium wp-image-18309\" src=\"https:\/\/www.zmdetech.com\/wp-content\/uploads\/Gantry-Welding-Machine-6.webp\" alt=\"M\u00e1quina de soldadura de p\u00f3rtico-6\" \/><\/p>","protected":false},"excerpt":{"rendered":"<p>ZMDE M\u00e1quina de soldadura tipo p\u00f3rtico para vigas H\/T de uso en la industria de fabricaci\u00f3n de acero.<\/p>","protected":false},"featured_media":18349,"template":"","meta":[],"product_brand":[109],"product_cat":[119],"product_tag":[150,121,223,224,117,124,123],"class_list":{"0":"post-18653","1":"product","2":"type-product","3":"status-publish","4":"has-post-thumbnail","6":"product_brand-zmde","7":"product_cat-welding-machine","8":"product_tag-gantry","9":"product_tag-gantry-type","10":"product_tag-peb","11":"product_tag-pre-engineered-building","12":"product_tag-steel-fabrication","13":"product_tag-welding-machine","14":"product_tag-zmde","16":"first","17":"instock","18":"shipping-taxable","19":"product-type-simple"},"yoast_head":"<!-- This site is optimized with the Yoast SEO Premium plugin v27.1 (Yoast SEO v27.3) - https:\/\/yoast.com\/product\/yoast-seo-premium-wordpress\/ -->\n<title>ZMDE H Beam Gantry SAW Welding Machine HGSM-4000H - ZMDE Steel Machinery<\/title>\n<meta name=\"description\" content=\"ZMDE H Beam Gantry Type Welding Machine for H\/T Beam Use in Steel Fabrication Industry.\" \/>\n<meta name=\"robots\" content=\"index, follow, max-snippet:-1, max-image-preview:large, max-video-preview:-1\" \/>\n<link rel=\"canonical\" href=\"https:\/\/www.zmdetech.com\/es\/producto\/zmde-sierra-de-portico-de-viga-en-h-hgsm-4000h\/\" \/>\n<meta property=\"og:locale\" content=\"es_ES\" \/>\n<meta property=\"og:type\" content=\"article\" \/>\n<meta property=\"og:title\" content=\"ZMDE H Beam Gantry SAW Welding Machine HGSM-4000H\" \/>\n<meta property=\"og:description\" content=\"ZMDE H Beam Gantry Type Welding Machine for H\/T Beam Use in Steel Fabrication Industry.\" \/>\n<meta property=\"og:url\" content=\"https:\/\/www.zmdetech.com\/es\/producto\/zmde-sierra-de-portico-de-viga-en-h-hgsm-4000h\/\" \/>\n<meta property=\"og:site_name\" content=\"ZMDE Steel Machinery\" \/>\n<meta property=\"article:publisher\" content=\"https:\/\/facebook.com\/zmdemachinery\" \/>\n<meta property=\"article:modified_time\" content=\"2025-10-11T00:52:56+00:00\" \/>\n<meta property=\"og:image\" content=\"https:\/\/www.zmdetech.com\/wp-content\/uploads\/Gantry-Welding-Machine-main-2.webp\" \/>\n\t<meta property=\"og:image:width\" content=\"1000\" \/>\n\t<meta property=\"og:image:height\" content=\"1000\" \/>\n\t<meta property=\"og:image:type\" content=\"image\/webp\" \/>\n<meta name=\"twitter:card\" content=\"summary_large_image\" \/>\n<meta name=\"twitter:site\" content=\"@zmdemachinery\" \/>\n<meta name=\"twitter:label1\" content=\"Precio\" \/>\n\t<meta name=\"twitter:data1\" content=\"\" \/>\n\t<meta name=\"twitter:label2\" content=\"Disponibilidad\" \/>\n\t<meta name=\"twitter:data2\" content=\"Disponible\" \/>\n<script type=\"application\/ld+json\" class=\"yoast-schema-graph\">{\"@context\":\"https:\\\/\\\/schema.org\",\"@graph\":[{\"@type\":\"WebPage\",\"@id\":\"https:\\\/\\\/www.zmdetech.com\\\/product\\\/zmde-h-beam-gantry-saw-welding-machine-hgsm-4000h\\\/\",\"url\":\"https:\\\/\\\/www.zmdetech.com\\\/product\\\/zmde-h-beam-gantry-saw-welding-machine-hgsm-4000h\\\/\",\"name\":\"ZMDE H Beam Gantry SAW Welding Machine HGSM-4000H - ZMDE Steel Machinery\",\"isPartOf\":{\"@id\":\"https:\\\/\\\/www.zmdetech.com\\\/#website\"},\"primaryImageOfPage\":{\"@id\":\"https:\\\/\\\/www.zmdetech.com\\\/product\\\/zmde-h-beam-gantry-saw-welding-machine-hgsm-4000h\\\/#primaryimage\"},\"image\":{\"@id\":\"https:\\\/\\\/www.zmdetech.com\\\/product\\\/zmde-h-beam-gantry-saw-welding-machine-hgsm-4000h\\\/#primaryimage\"},\"thumbnailUrl\":\"https:\\\/\\\/www.zmdetech.com\\\/wp-content\\\/uploads\\\/Gantry-Welding-Machine-main-2.webp\",\"datePublished\":\"2025-09-04T06:45:41+00:00\",\"dateModified\":\"2025-10-11T00:52:56+00:00\",\"description\":\"ZMDE H Beam Gantry Type Welding Machine for H\\\/T Beam Use in Steel Fabrication Industry.\",\"breadcrumb\":{\"@id\":\"https:\\\/\\\/www.zmdetech.com\\\/product\\\/zmde-h-beam-gantry-saw-welding-machine-hgsm-4000h\\\/#breadcrumb\"},\"inLanguage\":\"es\",\"potentialAction\":[{\"@type\":\"ReadAction\",\"target\":[\"https:\\\/\\\/www.zmdetech.com\\\/product\\\/zmde-h-beam-gantry-saw-welding-machine-hgsm-4000h\\\/\"]}]},{\"@type\":\"ImageObject\",\"inLanguage\":\"es\",\"@id\":\"https:\\\/\\\/www.zmdetech.com\\\/product\\\/zmde-h-beam-gantry-saw-welding-machine-hgsm-4000h\\\/#primaryimage\",\"url\":\"https:\\\/\\\/www.zmdetech.com\\\/wp-content\\\/uploads\\\/Gantry-Welding-Machine-main-2.webp\",\"contentUrl\":\"https:\\\/\\\/www.zmdetech.com\\\/wp-content\\\/uploads\\\/Gantry-Welding-Machine-main-2.webp\",\"width\":1000,\"height\":1000},{\"@type\":\"BreadcrumbList\",\"@id\":\"https:\\\/\\\/www.zmdetech.com\\\/product\\\/zmde-h-beam-gantry-saw-welding-machine-hgsm-4000h\\\/#breadcrumb\",\"itemListElement\":[{\"@type\":\"ListItem\",\"position\":1,\"name\":\"Home\",\"item\":\"https:\\\/\\\/www.zmdetech.com\\\/\"},{\"@type\":\"ListItem\",\"position\":2,\"name\":\"Shop\",\"item\":\"https:\\\/\\\/www.zmdetech.com\\\/shop\\\/\"},{\"@type\":\"ListItem\",\"position\":3,\"name\":\"ZMDE H Beam Gantry SAW Welding Machine HGSM-4000H\"}]},{\"@type\":\"WebSite\",\"@id\":\"https:\\\/\\\/www.zmdetech.com\\\/#website\",\"url\":\"https:\\\/\\\/www.zmdetech.com\\\/\",\"name\":\"ZMDE Steel Machinery\",\"description\":\"Make Buildings Manufactured in Factory\",\"publisher\":{\"@id\":\"https:\\\/\\\/www.zmdetech.com\\\/#organization\"},\"potentialAction\":[{\"@type\":\"SearchAction\",\"target\":{\"@type\":\"EntryPoint\",\"urlTemplate\":\"https:\\\/\\\/www.zmdetech.com\\\/?s={search_term_string}\"},\"query-input\":{\"@type\":\"PropertyValueSpecification\",\"valueRequired\":true,\"valueName\":\"search_term_string\"}}],\"inLanguage\":\"es\"},{\"@type\":\"Organization\",\"@id\":\"https:\\\/\\\/www.zmdetech.com\\\/#organization\",\"name\":\"ZMDE Steel Machinery\",\"url\":\"https:\\\/\\\/www.zmdetech.com\\\/\",\"logo\":{\"@type\":\"ImageObject\",\"inLanguage\":\"es\",\"@id\":\"https:\\\/\\\/www.zmdetech.com\\\/#\\\/schema\\\/logo\\\/image\\\/\",\"url\":\"https:\\\/\\\/www.zmdetech.com\\\/wp-content\\\/uploads\\\/websitelogo3.webp\",\"contentUrl\":\"https:\\\/\\\/www.zmdetech.com\\\/wp-content\\\/uploads\\\/websitelogo3.webp\",\"width\":200,\"height\":64,\"caption\":\"ZMDE Steel Machinery\"},\"image\":{\"@id\":\"https:\\\/\\\/www.zmdetech.com\\\/#\\\/schema\\\/logo\\\/image\\\/\"},\"sameAs\":[\"https:\\\/\\\/facebook.com\\\/zmdemachinery\",\"https:\\\/\\\/x.com\\\/zmdemachinery\",\"https:\\\/\\\/www.youtube.com\\\/@ZMDE-TECH\",\"https:\\\/\\\/www.linkedin.com\\\/company\\\/zmde-tech\"]}]}<\/script>\n<meta property=\"product:price:currency\" content=\"CNY\" \/>\n<meta property=\"og:availability\" content=\"instock\" \/>\n<meta property=\"product:availability\" content=\"instock\" \/>\n<meta property=\"product:retailer_item_id\" content=\"ZMD-HGSM-4000H\" \/>\n<meta property=\"product:condition\" content=\"new\" \/>\n<!-- \/ Yoast SEO Premium plugin. -->","yoast_head_json":{"title":"Soldadora de p\u00f3rtico ZMDE HGSM-4000H - Maquinaria de acero ZMDE","description":"ZMDE M\u00e1quina de soldadura tipo p\u00f3rtico para vigas H\/T de uso en la industria de fabricaci\u00f3n de acero.","robots":{"index":"index","follow":"follow","max-snippet":"max-snippet:-1","max-image-preview":"max-image-preview:large","max-video-preview":"max-video-preview:-1"},"canonical":"https:\/\/www.zmdetech.com\/es\/producto\/zmde-sierra-de-portico-de-viga-en-h-hgsm-4000h\/","og_locale":"es_ES","og_type":"article","og_title":"ZMDE H Beam Gantry SAW Welding Machine HGSM-4000H","og_description":"ZMDE H Beam Gantry Type Welding Machine for H\/T Beam Use in Steel Fabrication Industry.","og_url":"https:\/\/www.zmdetech.com\/es\/producto\/zmde-sierra-de-portico-de-viga-en-h-hgsm-4000h\/","og_site_name":"ZMDE Steel Machinery","article_publisher":"https:\/\/facebook.com\/zmdemachinery","article_modified_time":"2025-10-11T00:52:56+00:00","og_image":[{"width":1000,"height":1000,"url":"https:\/\/www.zmdetech.com\/wp-content\/uploads\/Gantry-Welding-Machine-main-2.webp","type":"image\/webp"}],"twitter_card":"summary_large_image","twitter_site":"@zmdemachinery","twitter_misc":{"Precio":"","Disponibilidad":"Disponible"},"schema":{"@context":"https:\/\/schema.org","@graph":[{"@type":"WebPage","@id":"https:\/\/www.zmdetech.com\/product\/zmde-h-beam-gantry-saw-welding-machine-hgsm-4000h\/","url":"https:\/\/www.zmdetech.com\/product\/zmde-h-beam-gantry-saw-welding-machine-hgsm-4000h\/","name":"Soldadora de p\u00f3rtico ZMDE HGSM-4000H - Maquinaria de acero ZMDE","isPartOf":{"@id":"https:\/\/www.zmdetech.com\/#website"},"primaryImageOfPage":{"@id":"https:\/\/www.zmdetech.com\/product\/zmde-h-beam-gantry-saw-welding-machine-hgsm-4000h\/#primaryimage"},"image":{"@id":"https:\/\/www.zmdetech.com\/product\/zmde-h-beam-gantry-saw-welding-machine-hgsm-4000h\/#primaryimage"},"thumbnailUrl":"https:\/\/www.zmdetech.com\/wp-content\/uploads\/Gantry-Welding-Machine-main-2.webp","datePublished":"2025-09-04T06:45:41+00:00","dateModified":"2025-10-11T00:52:56+00:00","description":"ZMDE M\u00e1quina de soldadura tipo p\u00f3rtico para vigas H\/T de uso en la industria de fabricaci\u00f3n de acero.","breadcrumb":{"@id":"https:\/\/www.zmdetech.com\/product\/zmde-h-beam-gantry-saw-welding-machine-hgsm-4000h\/#breadcrumb"},"inLanguage":"es","potentialAction":[{"@type":"ReadAction","target":["https:\/\/www.zmdetech.com\/product\/zmde-h-beam-gantry-saw-welding-machine-hgsm-4000h\/"]}]},{"@type":"ImageObject","inLanguage":"es","@id":"https:\/\/www.zmdetech.com\/product\/zmde-h-beam-gantry-saw-welding-machine-hgsm-4000h\/#primaryimage","url":"https:\/\/www.zmdetech.com\/wp-content\/uploads\/Gantry-Welding-Machine-main-2.webp","contentUrl":"https:\/\/www.zmdetech.com\/wp-content\/uploads\/Gantry-Welding-Machine-main-2.webp","width":1000,"height":1000},{"@type":"BreadcrumbList","@id":"https:\/\/www.zmdetech.com\/product\/zmde-h-beam-gantry-saw-welding-machine-hgsm-4000h\/#breadcrumb","itemListElement":[{"@type":"ListItem","position":1,"name":"Home","item":"https:\/\/www.zmdetech.com\/"},{"@type":"ListItem","position":2,"name":"Shop","item":"https:\/\/www.zmdetech.com\/shop\/"},{"@type":"ListItem","position":3,"name":"ZMDE H Beam Gantry SAW Welding Machine HGSM-4000H"}]},{"@type":"WebSite","@id":"https:\/\/www.zmdetech.com\/#website","url":"https:\/\/www.zmdetech.com\/","name":"Maquinaria de acero ZMDE","description":"Construir edificios en f\u00e1brica","publisher":{"@id":"https:\/\/www.zmdetech.com\/#organization"},"potentialAction":[{"@type":"SearchAction","target":{"@type":"EntryPoint","urlTemplate":"https:\/\/www.zmdetech.com\/?s={search_term_string}"},"query-input":{"@type":"PropertyValueSpecification","valueRequired":true,"valueName":"search_term_string"}}],"inLanguage":"es"},{"@type":"Organization","@id":"https:\/\/www.zmdetech.com\/#organization","name":"Maquinaria de acero ZMDE","url":"https:\/\/www.zmdetech.com\/","logo":{"@type":"ImageObject","inLanguage":"es","@id":"https:\/\/www.zmdetech.com\/#\/schema\/logo\/image\/","url":"https:\/\/www.zmdetech.com\/wp-content\/uploads\/websitelogo3.webp","contentUrl":"https:\/\/www.zmdetech.com\/wp-content\/uploads\/websitelogo3.webp","width":200,"height":64,"caption":"ZMDE Steel Machinery"},"image":{"@id":"https:\/\/www.zmdetech.com\/#\/schema\/logo\/image\/"},"sameAs":["https:\/\/facebook.com\/zmdemachinery","https:\/\/x.com\/zmdemachinery","https:\/\/www.youtube.com\/@ZMDE-TECH","https:\/\/www.linkedin.com\/company\/zmde-tech"]}]},"product_price_currency":"CNY","og_availability":"instock","product_availability":"instock","product_retailer_item_id":"ZMD-HGSM-4000H","product_condition":"new"},"_links":{"self":[{"href":"https:\/\/www.zmdetech.com\/es\/wp-json\/wp\/v2\/product\/18653","targetHints":{"allow":["GET"]}}],"collection":[{"href":"https:\/\/www.zmdetech.com\/es\/wp-json\/wp\/v2\/product"}],"about":[{"href":"https:\/\/www.zmdetech.com\/es\/wp-json\/wp\/v2\/types\/product"}],"wp:featuredmedia":[{"embeddable":true,"href":"https:\/\/www.zmdetech.com\/es\/wp-json\/wp\/v2\/media\/18349"}],"wp:attachment":[{"href":"https:\/\/www.zmdetech.com\/es\/wp-json\/wp\/v2\/media?parent=18653"}],"wp:term":[{"taxonomy":"product_brand","embeddable":true,"href":"https:\/\/www.zmdetech.com\/es\/wp-json\/wp\/v2\/product_brand?post=18653"},{"taxonomy":"product_cat","embeddable":true,"href":"https:\/\/www.zmdetech.com\/es\/wp-json\/wp\/v2\/product_cat?post=18653"},{"taxonomy":"product_tag","embeddable":true,"href":"https:\/\/www.zmdetech.com\/es\/wp-json\/wp\/v2\/product_tag?post=18653"}],"curies":[{"name":"wp","href":"https:\/\/api.w.org\/{rel}","templated":true}]}}