{"id":18682,"date":"2025-09-11T08:35:54","date_gmt":"2025-09-11T08:35:54","guid":{"rendered":"https:\/\/www.zmdetech.com\/?post_type=product&#038;p=18682"},"modified":"2025-10-11T00:52:41","modified_gmt":"2025-10-11T00:52:41","slug":"zmde-h-t-i-beam-assembly-machine-heavy-steel-version-hbam-2500c","status":"publish","type":"product","link":"https:\/\/www.zmdetech.com\/es\/producto\/zmde-h-t-i-beam-assembly-machine-heavy-steel-version-hbam-2500c\/","title":{"rendered":"ZMDE M\u00e1quina de ensamblaje de vigas H T I Versi\u00f3n de acero pesado HBAM-2500C"},"content":{"rendered":"<p><img fetchpriority=\"high\" decoding=\"async\" width=\"1000\" height=\"1115\" class=\"aligncenter size-medium wp-image-18452\" src=\"https:\/\/www.zmdetech.com\/wp-content\/uploads\/Assembly-Machine-6.webp\" alt=\"Montaje-M\u00e1quina-6\" \/><br \/>\n<img decoding=\"async\" class=\"aligncenter size-medium wp-image-18455\" src=\"https:\/\/www.zmdetech.com\/wp-content\/uploads\/Assembly-Machine-3.webp\" alt=\"Montaje-M\u00e1quina-3\" \/><br \/>\n<img decoding=\"async\" width=\"1000\" height=\"989\" class=\"aligncenter size-medium wp-image-18450\" src=\"https:\/\/www.zmdetech.com\/wp-content\/uploads\/Assembly-Machine-4.webp\" alt=\"Montaje-M\u00e1quina-4\" \/><br \/>\n<img decoding=\"async\" width=\"1000\" height=\"1570\" class=\"aligncenter size-medium wp-image-18451\" src=\"https:\/\/www.zmdetech.com\/wp-content\/uploads\/Assembly-Machine-5.webp\" alt=\"Montaje-M\u00e1quina-5\" \/><br \/>\n<img loading=\"lazy\" decoding=\"async\" width=\"1000\" height=\"1986\" class=\"aligncenter size-medium wp-image-18453\" src=\"https:\/\/www.zmdetech.com\/wp-content\/uploads\/Assembly-Machine-1.webp\" alt=\"M\u00e1quina de montaje-1\" \/><br \/>\n<img loading=\"lazy\" decoding=\"async\" width=\"1000\" height=\"1272\" class=\"aligncenter size-medium wp-image-18454\" src=\"https:\/\/www.zmdetech.com\/wp-content\/uploads\/Assembly-Machine-2.webp\" alt=\"M\u00e1quina de montaje-2\" \/><\/p>","protected":false},"excerpt":{"rendered":"<p>La m\u00e1quina de ensamblaje de vigas H\/T\/I ZMDE se utiliza para hacer dos vigas de acero en forma de T en el proceso de fabricaci\u00f3n de acero.<\/p>","protected":false},"featured_media":18492,"template":"","meta":[],"product_brand":[109],"product_cat":[84],"product_tag":[151,131,133,223,224,117,132,123],"class_list":{"0":"post-18682","1":"product","2":"type-product","3":"status-publish","4":"has-post-thumbnail","6":"product_brand-zmde","7":"product_cat-assembly-machine","8":"product_tag-assembly-machine","9":"product_tag-h-beam","10":"product_tag-i-beam","11":"product_tag-peb","12":"product_tag-pre-engineered-building","13":"product_tag-steel-fabrication","14":"product_tag-t-beam","15":"product_tag-zmde","17":"first","18":"instock","19":"shipping-taxable","20":"product-type-simple"},"yoast_head":"<!-- This site is optimized with the Yoast SEO Premium plugin v27.1 (Yoast SEO v27.3) - https:\/\/yoast.com\/product\/yoast-seo-premium-wordpress\/ -->\n<title>ZMDE H T I Beam Assembly Machine Heavy Steel Version HBAM-2500C - ZMDE Steel Machinery<\/title>\n<meta name=\"description\" content=\"ZMDE H\/T\/I Beam Assembly Machine is used to make two steel beam into T shape in steel fabrication process.\" \/>\n<meta name=\"robots\" content=\"index, follow, max-snippet:-1, max-image-preview:large, max-video-preview:-1\" \/>\n<link rel=\"canonical\" href=\"https:\/\/www.zmdetech.com\/es\/producto\/zmde-h-t-i-beam-assembly-machine-heavy-steel-version-hbam-2500c\/\" \/>\n<meta property=\"og:locale\" content=\"es_ES\" \/>\n<meta property=\"og:type\" content=\"article\" \/>\n<meta property=\"og:title\" content=\"ZMDE H T I Beam Assembly Machine Heavy Steel Version HBAM-2500C\" \/>\n<meta property=\"og:description\" content=\"ZMDE H\/T\/I Beam Assembly Machine is used to make two steel beam into T shape in steel fabrication process.\" \/>\n<meta property=\"og:url\" content=\"https:\/\/www.zmdetech.com\/es\/producto\/zmde-h-t-i-beam-assembly-machine-heavy-steel-version-hbam-2500c\/\" \/>\n<meta property=\"og:site_name\" content=\"ZMDE Steel Machinery\" \/>\n<meta property=\"article:publisher\" content=\"https:\/\/facebook.com\/zmdemachinery\" \/>\n<meta property=\"article:modified_time\" content=\"2025-10-11T00:52:41+00:00\" \/>\n<meta property=\"og:image\" content=\"https:\/\/www.zmdetech.com\/wp-content\/uploads\/ZMDE-Assembly-Machine-main-1.webp\" \/>\n\t<meta property=\"og:image:width\" content=\"1000\" \/>\n\t<meta property=\"og:image:height\" content=\"1000\" \/>\n\t<meta property=\"og:image:type\" content=\"image\/webp\" \/>\n<meta name=\"twitter:card\" content=\"summary_large_image\" \/>\n<meta name=\"twitter:site\" content=\"@zmdemachinery\" \/>\n<meta name=\"twitter:label1\" content=\"Precio\" \/>\n\t<meta name=\"twitter:data1\" content=\"\" \/>\n\t<meta name=\"twitter:label2\" content=\"Disponibilidad\" \/>\n\t<meta name=\"twitter:data2\" content=\"Disponible\" \/>\n<script type=\"application\/ld+json\" class=\"yoast-schema-graph\">{\"@context\":\"https:\\\/\\\/schema.org\",\"@graph\":[{\"@type\":\"WebPage\",\"@id\":\"https:\\\/\\\/www.zmdetech.com\\\/product\\\/zmde-h-t-i-beam-assembly-machine-heavy-steel-version-hbam-2500c\\\/\",\"url\":\"https:\\\/\\\/www.zmdetech.com\\\/product\\\/zmde-h-t-i-beam-assembly-machine-heavy-steel-version-hbam-2500c\\\/\",\"name\":\"ZMDE H T I Beam Assembly Machine Heavy Steel Version HBAM-2500C - ZMDE Steel Machinery\",\"isPartOf\":{\"@id\":\"https:\\\/\\\/www.zmdetech.com\\\/#website\"},\"primaryImageOfPage\":{\"@id\":\"https:\\\/\\\/www.zmdetech.com\\\/product\\\/zmde-h-t-i-beam-assembly-machine-heavy-steel-version-hbam-2500c\\\/#primaryimage\"},\"image\":{\"@id\":\"https:\\\/\\\/www.zmdetech.com\\\/product\\\/zmde-h-t-i-beam-assembly-machine-heavy-steel-version-hbam-2500c\\\/#primaryimage\"},\"thumbnailUrl\":\"https:\\\/\\\/www.zmdetech.com\\\/wp-content\\\/uploads\\\/ZMDE-Assembly-Machine-main-1.webp\",\"datePublished\":\"2025-09-11T08:35:54+00:00\",\"dateModified\":\"2025-10-11T00:52:41+00:00\",\"description\":\"ZMDE H\\\/T\\\/I Beam Assembly Machine is used to make two steel beam into T shape in steel fabrication process.\",\"breadcrumb\":{\"@id\":\"https:\\\/\\\/www.zmdetech.com\\\/product\\\/zmde-h-t-i-beam-assembly-machine-heavy-steel-version-hbam-2500c\\\/#breadcrumb\"},\"inLanguage\":\"es\",\"potentialAction\":[{\"@type\":\"ReadAction\",\"target\":[\"https:\\\/\\\/www.zmdetech.com\\\/product\\\/zmde-h-t-i-beam-assembly-machine-heavy-steel-version-hbam-2500c\\\/\"]}]},{\"@type\":\"ImageObject\",\"inLanguage\":\"es\",\"@id\":\"https:\\\/\\\/www.zmdetech.com\\\/product\\\/zmde-h-t-i-beam-assembly-machine-heavy-steel-version-hbam-2500c\\\/#primaryimage\",\"url\":\"https:\\\/\\\/www.zmdetech.com\\\/wp-content\\\/uploads\\\/ZMDE-Assembly-Machine-main-1.webp\",\"contentUrl\":\"https:\\\/\\\/www.zmdetech.com\\\/wp-content\\\/uploads\\\/ZMDE-Assembly-Machine-main-1.webp\",\"width\":1000,\"height\":1000},{\"@type\":\"BreadcrumbList\",\"@id\":\"https:\\\/\\\/www.zmdetech.com\\\/product\\\/zmde-h-t-i-beam-assembly-machine-heavy-steel-version-hbam-2500c\\\/#breadcrumb\",\"itemListElement\":[{\"@type\":\"ListItem\",\"position\":1,\"name\":\"Home\",\"item\":\"https:\\\/\\\/www.zmdetech.com\\\/\"},{\"@type\":\"ListItem\",\"position\":2,\"name\":\"Shop\",\"item\":\"https:\\\/\\\/www.zmdetech.com\\\/shop\\\/\"},{\"@type\":\"ListItem\",\"position\":3,\"name\":\"ZMDE H T I Beam Assembly Machine Heavy Steel Version HBAM-2500C\"}]},{\"@type\":\"WebSite\",\"@id\":\"https:\\\/\\\/www.zmdetech.com\\\/#website\",\"url\":\"https:\\\/\\\/www.zmdetech.com\\\/\",\"name\":\"ZMDE Steel Machinery\",\"description\":\"Make Buildings Manufactured in Factory\",\"publisher\":{\"@id\":\"https:\\\/\\\/www.zmdetech.com\\\/#organization\"},\"potentialAction\":[{\"@type\":\"SearchAction\",\"target\":{\"@type\":\"EntryPoint\",\"urlTemplate\":\"https:\\\/\\\/www.zmdetech.com\\\/?s={search_term_string}\"},\"query-input\":{\"@type\":\"PropertyValueSpecification\",\"valueRequired\":true,\"valueName\":\"search_term_string\"}}],\"inLanguage\":\"es\"},{\"@type\":\"Organization\",\"@id\":\"https:\\\/\\\/www.zmdetech.com\\\/#organization\",\"name\":\"ZMDE Steel Machinery\",\"url\":\"https:\\\/\\\/www.zmdetech.com\\\/\",\"logo\":{\"@type\":\"ImageObject\",\"inLanguage\":\"es\",\"@id\":\"https:\\\/\\\/www.zmdetech.com\\\/#\\\/schema\\\/logo\\\/image\\\/\",\"url\":\"https:\\\/\\\/www.zmdetech.com\\\/wp-content\\\/uploads\\\/websitelogo3.webp\",\"contentUrl\":\"https:\\\/\\\/www.zmdetech.com\\\/wp-content\\\/uploads\\\/websitelogo3.webp\",\"width\":200,\"height\":64,\"caption\":\"ZMDE Steel Machinery\"},\"image\":{\"@id\":\"https:\\\/\\\/www.zmdetech.com\\\/#\\\/schema\\\/logo\\\/image\\\/\"},\"sameAs\":[\"https:\\\/\\\/facebook.com\\\/zmdemachinery\",\"https:\\\/\\\/x.com\\\/zmdemachinery\",\"https:\\\/\\\/www.youtube.com\\\/@ZMDE-TECH\",\"https:\\\/\\\/www.linkedin.com\\\/company\\\/zmde-tech\"]}]}<\/script>\n<meta property=\"product:price:currency\" content=\"CNY\" \/>\n<meta property=\"og:availability\" content=\"instock\" \/>\n<meta property=\"product:availability\" content=\"instock\" \/>\n<meta property=\"product:retailer_item_id\" content=\"ZMD-HBAM-2500C\" \/>\n<meta property=\"product:condition\" content=\"new\" \/>\n<!-- \/ Yoast SEO Premium plugin. -->","yoast_head_json":{"title":"M\u00e1quina de ensamblaje de vigas H T I de ZMDE Versi\u00f3n de acero pesado HBAM-2500C - Maquinaria de acero ZMDE","description":"La m\u00e1quina de ensamblaje de vigas H\/T\/I ZMDE se utiliza para hacer dos vigas de acero en forma de T en el proceso de fabricaci\u00f3n de acero.","robots":{"index":"index","follow":"follow","max-snippet":"max-snippet:-1","max-image-preview":"max-image-preview:large","max-video-preview":"max-video-preview:-1"},"canonical":"https:\/\/www.zmdetech.com\/es\/producto\/zmde-h-t-i-beam-assembly-machine-heavy-steel-version-hbam-2500c\/","og_locale":"es_ES","og_type":"article","og_title":"ZMDE H T I Beam Assembly Machine Heavy Steel Version HBAM-2500C","og_description":"ZMDE H\/T\/I Beam Assembly Machine is used to make two steel beam into T shape in steel fabrication process.","og_url":"https:\/\/www.zmdetech.com\/es\/producto\/zmde-h-t-i-beam-assembly-machine-heavy-steel-version-hbam-2500c\/","og_site_name":"ZMDE Steel Machinery","article_publisher":"https:\/\/facebook.com\/zmdemachinery","article_modified_time":"2025-10-11T00:52:41+00:00","og_image":[{"width":1000,"height":1000,"url":"https:\/\/www.zmdetech.com\/wp-content\/uploads\/ZMDE-Assembly-Machine-main-1.webp","type":"image\/webp"}],"twitter_card":"summary_large_image","twitter_site":"@zmdemachinery","twitter_misc":{"Precio":"","Disponibilidad":"Disponible"},"schema":{"@context":"https:\/\/schema.org","@graph":[{"@type":"WebPage","@id":"https:\/\/www.zmdetech.com\/product\/zmde-h-t-i-beam-assembly-machine-heavy-steel-version-hbam-2500c\/","url":"https:\/\/www.zmdetech.com\/product\/zmde-h-t-i-beam-assembly-machine-heavy-steel-version-hbam-2500c\/","name":"M\u00e1quina de ensamblaje de vigas H T I de ZMDE Versi\u00f3n de acero pesado HBAM-2500C - Maquinaria de acero ZMDE","isPartOf":{"@id":"https:\/\/www.zmdetech.com\/#website"},"primaryImageOfPage":{"@id":"https:\/\/www.zmdetech.com\/product\/zmde-h-t-i-beam-assembly-machine-heavy-steel-version-hbam-2500c\/#primaryimage"},"image":{"@id":"https:\/\/www.zmdetech.com\/product\/zmde-h-t-i-beam-assembly-machine-heavy-steel-version-hbam-2500c\/#primaryimage"},"thumbnailUrl":"https:\/\/www.zmdetech.com\/wp-content\/uploads\/ZMDE-Assembly-Machine-main-1.webp","datePublished":"2025-09-11T08:35:54+00:00","dateModified":"2025-10-11T00:52:41+00:00","description":"La m\u00e1quina de ensamblaje de vigas H\/T\/I ZMDE se utiliza para hacer dos vigas de acero en forma de T en el proceso de fabricaci\u00f3n de acero.","breadcrumb":{"@id":"https:\/\/www.zmdetech.com\/product\/zmde-h-t-i-beam-assembly-machine-heavy-steel-version-hbam-2500c\/#breadcrumb"},"inLanguage":"es","potentialAction":[{"@type":"ReadAction","target":["https:\/\/www.zmdetech.com\/product\/zmde-h-t-i-beam-assembly-machine-heavy-steel-version-hbam-2500c\/"]}]},{"@type":"ImageObject","inLanguage":"es","@id":"https:\/\/www.zmdetech.com\/product\/zmde-h-t-i-beam-assembly-machine-heavy-steel-version-hbam-2500c\/#primaryimage","url":"https:\/\/www.zmdetech.com\/wp-content\/uploads\/ZMDE-Assembly-Machine-main-1.webp","contentUrl":"https:\/\/www.zmdetech.com\/wp-content\/uploads\/ZMDE-Assembly-Machine-main-1.webp","width":1000,"height":1000},{"@type":"BreadcrumbList","@id":"https:\/\/www.zmdetech.com\/product\/zmde-h-t-i-beam-assembly-machine-heavy-steel-version-hbam-2500c\/#breadcrumb","itemListElement":[{"@type":"ListItem","position":1,"name":"Home","item":"https:\/\/www.zmdetech.com\/"},{"@type":"ListItem","position":2,"name":"Shop","item":"https:\/\/www.zmdetech.com\/shop\/"},{"@type":"ListItem","position":3,"name":"ZMDE H T I Beam Assembly Machine Heavy Steel Version HBAM-2500C"}]},{"@type":"WebSite","@id":"https:\/\/www.zmdetech.com\/#website","url":"https:\/\/www.zmdetech.com\/","name":"Maquinaria de acero ZMDE","description":"Construir edificios en f\u00e1brica","publisher":{"@id":"https:\/\/www.zmdetech.com\/#organization"},"potentialAction":[{"@type":"SearchAction","target":{"@type":"EntryPoint","urlTemplate":"https:\/\/www.zmdetech.com\/?s={search_term_string}"},"query-input":{"@type":"PropertyValueSpecification","valueRequired":true,"valueName":"search_term_string"}}],"inLanguage":"es"},{"@type":"Organization","@id":"https:\/\/www.zmdetech.com\/#organization","name":"Maquinaria de acero ZMDE","url":"https:\/\/www.zmdetech.com\/","logo":{"@type":"ImageObject","inLanguage":"es","@id":"https:\/\/www.zmdetech.com\/#\/schema\/logo\/image\/","url":"https:\/\/www.zmdetech.com\/wp-content\/uploads\/websitelogo3.webp","contentUrl":"https:\/\/www.zmdetech.com\/wp-content\/uploads\/websitelogo3.webp","width":200,"height":64,"caption":"ZMDE Steel Machinery"},"image":{"@id":"https:\/\/www.zmdetech.com\/#\/schema\/logo\/image\/"},"sameAs":["https:\/\/facebook.com\/zmdemachinery","https:\/\/x.com\/zmdemachinery","https:\/\/www.youtube.com\/@ZMDE-TECH","https:\/\/www.linkedin.com\/company\/zmde-tech"]}]},"product_price_currency":"CNY","og_availability":"instock","product_availability":"instock","product_retailer_item_id":"ZMD-HBAM-2500C","product_condition":"new"},"_links":{"self":[{"href":"https:\/\/www.zmdetech.com\/es\/wp-json\/wp\/v2\/product\/18682","targetHints":{"allow":["GET"]}}],"collection":[{"href":"https:\/\/www.zmdetech.com\/es\/wp-json\/wp\/v2\/product"}],"about":[{"href":"https:\/\/www.zmdetech.com\/es\/wp-json\/wp\/v2\/types\/product"}],"wp:featuredmedia":[{"embeddable":true,"href":"https:\/\/www.zmdetech.com\/es\/wp-json\/wp\/v2\/media\/18492"}],"wp:attachment":[{"href":"https:\/\/www.zmdetech.com\/es\/wp-json\/wp\/v2\/media?parent=18682"}],"wp:term":[{"taxonomy":"product_brand","embeddable":true,"href":"https:\/\/www.zmdetech.com\/es\/wp-json\/wp\/v2\/product_brand?post=18682"},{"taxonomy":"product_cat","embeddable":true,"href":"https:\/\/www.zmdetech.com\/es\/wp-json\/wp\/v2\/product_cat?post=18682"},{"taxonomy":"product_tag","embeddable":true,"href":"https:\/\/www.zmdetech.com\/es\/wp-json\/wp\/v2\/product_tag?post=18682"}],"curies":[{"name":"wp","href":"https:\/\/api.w.org\/{rel}","templated":true}]}}