{"id":8098,"date":"2018-02-28T07:40:39","date_gmt":"2018-02-28T07:40:39","guid":{"rendered":"https:\/\/enovathemes.com\/samatex\/?page_id=8098"},"modified":"2025-07-21T08:38:22","modified_gmt":"2025-07-21T08:38:22","slug":"services","status":"publish","type":"page","link":"https:\/\/www.zmdetech.com\/fr\/services\/","title":{"rendered":"Services"},"content":{"rendered":"<div class=\"wpb-content-wrapper\"><div class=\"vc_row wpb_row vc_row-fluid vc_custom_1548940421216 vc_column-gap-64 vc-row-544602\" >\n\t<div class=\"container et-clearfix\">\n\t\t<div class=\"wpb_column vc_column_container vc_col-sm-12 vc_col-lg-4 vc_col-md-5 vc_col-xs-12 text-align-none vc-column-195820\" >\n\t<div class=\"vc_column-inner\" >\n\t\t<div class=\"wpb_wrapper\">\n\t\t\t<div  class=\"vc_wp_custommenu wpb_content_element\"><\/div><div class=\"vc_row wpb_row vc_inner vc_row-fluid vc_column-gap-0 vc-row-795222\"><div class=\"wpb_column vc_column_container vc_col-sm-12 vc_col-lg-12 vc_col-md-12 vc_col-xs-12 vc_col-has-fill\"><div class=\"vc_column-inner vc_custom_1548940591523\"><div class=\"wpb_wrapper\"><h1 class=\"et-heading text-align-left tablet-text-align-inherit mobile-text-align-inherit animate-false no-animation-type\" id=\"et-heading-652823\" data-delay=\"0\" data-mobile-font=\"24px\" data-mobile-line-height=\"inherit\" data-tablet-landscape-font=\"inherit\" data-tablet-portrait-font=\"inherit\" data-tablet-landscape-line-height=\"inherit\" data-tablet-portrait-line-height=\"inherit\" data-parallax=\"false\" data-move=\"false\" data-coordinatex=\"0\" data-coordinatey=\"0\" data-speed=\"10\"><span class=\"text-wrapper\"><span class=\"text\">Poutre en acier <span class=\"et-gap et-clearfix et-gap-1\"><\/span> Fabrication <span class=\"et-gap et-clearfix et-gap-1\"><\/span><span class=\"highlight\" style=\"color: #c01832; font-size: 60px; line-height: 80px;\">Machines<\/span><\/span><\/span><\/h1><span class=\"et-gap et-clearfix et-gap-788339\"><\/span><a id=\"et-button-908057\" class=\"et-button icon-position-right modal-false large hover-fill click-none has-icon\" target=\"_self\" href=\"\/fr\/boutique\/\" data-animation-delay=\"0\" data-parallax=\"false\" data-move=\"false\" data-coordinatex=\"0\" data-coordinatey=\"0\" data-speed=\"10\"><span class=\"hover\"><\/span><span class=\"regular\"><\/span><span class=\"text\">Parcourir les machines<\/span><span class=\"icon ien ien-earrow-3\"><\/span><\/a><\/div><\/div><\/div><div class=\"background-position-right-bottom wpb_column vc_column_container vc_col-sm-12 vc_col-lg-12 vc_col-md-12 vc_col-xs-12 vc_col-has-fill\"><div class=\"vc_column-inner vc_custom_1548946049849\"><div class=\"wpb_wrapper\"><h1 class=\"et-heading text-align-left tablet-text-align-inherit mobile-text-align-inherit animate-false no-animation-type\" id=\"et-heading-51374\" data-delay=\"0\" data-mobile-font=\"24px\" data-mobile-line-height=\"inherit\" data-tablet-landscape-font=\"inherit\" data-tablet-portrait-font=\"inherit\" data-tablet-landscape-line-height=\"inherit\" data-tablet-portrait-line-height=\"inherit\" data-parallax=\"false\" data-move=\"false\" data-coordinatex=\"0\" data-coordinatey=\"0\" data-speed=\"10\"><span class=\"text-wrapper\"><span class=\"text\">Obtenir un <span class=\"et-gap et-clearfix et-gap-1\"><\/span><span class=\"highlight\" style=\"color: #000000; font-size: 48px; line-height: 80px;\">Citation<\/span><\/span><\/span><\/h1><span class=\"et-gap et-clearfix et-gap-473052 hide767\"><\/span><span class=\"et-gap et-clearfix et-gap-970539 hide768\"><\/span><a id=\"et-button-29144\" class=\"et-button icon-position-right modal-false large hover-fill click-none has-icon\" target=\"_self\" href=\"\/fr\/contactez-nous\/\" data-animation-delay=\"0\" data-parallax=\"false\" data-move=\"false\" data-coordinatex=\"0\" data-coordinatey=\"0\" data-speed=\"10\"><span class=\"hover\"><\/span><span class=\"regular\"><\/span><span class=\"text\">Nous contacter<\/span><span class=\"icon ien ien-earrow-3\"><\/span><\/a><\/div><\/div><\/div><\/div><span class=\"et-gap et-clearfix et-gap-579052 hide1024\"><\/span>\t\t<\/div>\n\t\t\t<\/div>\n<\/div><div class=\"wpb_column vc_column_container vc_col-sm-12 vc_col-lg-8 vc_col-md-7 vc_col-xs-12 text-align-none vc-column-21206\" >\n\t<div class=\"vc_column-inner\" >\n\t\t<div class=\"wpb_wrapper\">\n\t\t\t<h1 class=\"et-heading text-align-left tablet-text-align-inherit mobile-text-align-inherit animate-false no-animation-type\" id=\"et-heading-104115\" data-delay=\"0\" data-mobile-font=\"inherit\" data-mobile-line-height=\"inherit\" data-tablet-landscape-font=\"inherit\" data-tablet-portrait-font=\"inherit\" data-tablet-landscape-line-height=\"inherit\" data-tablet-portrait-line-height=\"inherit\" data-parallax=\"false\" data-move=\"false\" data-coordinatex=\"0\" data-coordinatey=\"0\" data-speed=\"10\"><span class=\"text-wrapper\"><span class=\"text\">Solutions de fabrication de poutrelles H\/T<\/span><\/span><\/h1><span class=\"et-gap et-clearfix et-gap-70441\"><\/span>\n<div class=\"wpb_text_column wpb_content_element\"  data-animation-delay=\"0\">\n\t<div class=\"wpb_wrapper\">\n\t\t<span class=\"et-font-size\" data-fontsize=\"20px\" data-lineheight=\"32px\">Nous sommes sp\u00e9cialis\u00e9s dans la fourniture de machines de fabrication de poutrelles H\/T de pointe, compl\u00e9t\u00e9es par une gamme compl\u00e8te de services comprenant la planification de l'usine, l'installation de l'\u00e9quipement, la mise en service, la formation du personnel et la vente de consommables. Notre objectif est de fournir des solutions cl\u00e9s en main qui am\u00e9liorent l'efficacit\u00e9 et la qualit\u00e9 de votre production.<\/span>\n\t<\/div>\n<\/div>\n\n<span class=\"et-gap et-clearfix et-gap-803736\"><\/span>\n<div class=\"wpb_text_column wpb_content_element\"  data-animation-delay=\"0\">\n\t<div class=\"wpb_wrapper\">\n\t\t<p dir=\"auto\"><strong>Pourquoi nous choisir ?<\/strong><\/p>\n<ol>\n<li dir=\"auto\"><strong>Solutions tout-en-un<\/strong><br \/>\nDe la fabrication d'\u00e9quipements \u00e0 la planification de l'usine et \u00e0 la formation, nous fournissons un ensemble complet de services pour rationaliser vos op\u00e9rations.<\/li>\n<li dir=\"auto\"><strong>Installation et mise en service par des experts<\/strong><br \/>\nNos techniciens qualifi\u00e9s garantissent une installation sans faille de l'\u00e9quipement et des performances optimales d\u00e8s le premier jour.<\/li>\n<li dir=\"auto\"><strong>Formation compl\u00e8te<\/strong><br \/>\nNous donnons \u00e0 votre \u00e9quipe une formation pratique pour maximiser l'efficacit\u00e9 et la s\u00e9curit\u00e9 de l'\u00e9quipement.<\/li>\n<li dir=\"auto\"><strong>Approvisionnement fiable en consommables<\/strong><br \/>\nAcc\u00e9dez \u00e0 des consommables de haute qualit\u00e9 pour assurer le bon d\u00e9roulement de votre production sans interruption.<\/li>\n<\/ol>\n\t<\/div>\n<\/div>\n\n<span class=\"et-gap et-clearfix et-gap-261972\"><\/span><div id=\"et-icon-box-container-841832\" class=\"column-2 et-icon-box-container et-item-set effect-none animation-type-sequential top no-border\"><div id=\"et-icon-box-921547\" class=\"et-icon-box et-item icon-position-left icon-alignment-left hover-none\" data-parallax=\"false\" data-move=\"false\" data-coordinatex=\"0\" data-coordinatey=\"0\" data-speed=\"10\"><div class=\"et-icon-box-inner et-item-inner et-clearfix\"><div class=\"et-icon border-radius-large full small\"><span class=\"el-icon fas fa-angle-right\"><\/span><\/div><div class=\"et-icon-content et-clearfix\"><h4 class=\"et-icon-box-title\">Planification de l'usine<\/h4><p class=\"et-icon-box-content\"><span style=\"font-weight: 600;\"><span class=\"et-font-size\" data-fontsize=\"18px\" data-lineheight=\"28px\">Nous proposons des plans d'am\u00e9nagement d'usine personnalis\u00e9s pour optimiser le flux de travail, l'utilisation de l'espace et la productivit\u00e9 de votre usine de fabrication de poutrelles en H.<\/span><\/span><\/p><\/div><\/div><\/div><div id=\"et-icon-box-909583\" class=\"et-icon-box et-item icon-position-left icon-alignment-left hover-none\" data-parallax=\"false\" data-move=\"false\" data-coordinatex=\"0\" data-coordinatey=\"0\" data-speed=\"10\"><div class=\"et-icon-box-inner et-item-inner et-clearfix\"><div class=\"et-icon border-radius-large full small\"><span class=\"el-icon fas fa-angle-right\"><\/span><\/div><div class=\"et-icon-content et-clearfix\"><h4 class=\"et-icon-box-title\">Installation et mise en service<\/h4><p class=\"et-icon-box-content\"><span style=\"font-weight: 600;\"><span class=\"et-font-size\" data-fontsize=\"18px\" data-lineheight=\"28px\">Notre \u00e9quipe exp\u00e9riment\u00e9e prend en charge l'ensemble du processus d'installation, en veillant \u00e0 ce que votre \u00e9quipement soit pleinement op\u00e9rationnel et r\u00e9gl\u00e9 pour des performances optimales.<\/span><\/span><\/p><\/div><\/div><\/div><div id=\"et-icon-box-618513\" class=\"et-icon-box et-item icon-position-left icon-alignment-left hover-none\" data-parallax=\"false\" data-move=\"false\" data-coordinatex=\"0\" data-coordinatey=\"0\" data-speed=\"10\"><div class=\"et-icon-box-inner et-item-inner et-clearfix\"><div class=\"et-icon border-radius-large full small\"><span class=\"el-icon fas fa-angle-right\"><\/span><\/div><div class=\"et-icon-content et-clearfix\"><h4 class=\"et-icon-box-title\">Formation sur place<\/h4><p class=\"et-icon-box-content\"><span style=\"font-weight: 600;\"><span class=\"et-font-size\" data-fontsize=\"18px\" data-lineheight=\"28px\"><\/span>Nous proposons des programmes de formation complets afin de doter votre personnel des comp\u00e9tences n\u00e9cessaires pour utiliser et entretenir nos \u00e9quipements de mani\u00e8re efficace.<span style=\"font-weight: 600;\">.<\/span><\/span><\/p><\/div><\/div><\/div><div id=\"et-icon-box-522053\" class=\"et-icon-box et-item icon-position-left icon-alignment-left hover-none\" data-parallax=\"false\" data-move=\"false\" data-coordinatex=\"0\" data-coordinatey=\"0\" data-speed=\"10\"><div class=\"et-icon-box-inner et-item-inner et-clearfix\"><div class=\"et-icon border-radius-large full small\"><span class=\"el-icon fas fa-angle-right\"><\/span><\/div><div class=\"et-icon-content et-clearfix\"><h4 class=\"et-icon-box-title\">Fourniture de consommables<\/h4><p class=\"et-icon-box-content\"><span style=\"font-weight: 600;\"><span class=\"et-font-size\" data-fontsize=\"18px\" data-lineheight=\"28px\">Nous fournissons des consommables de haute qualit\u00e9 pour assurer une production ininterrompue et maintenir la long\u00e9vit\u00e9 de votre \u00e9quipement.<\/span><\/span><\/p><\/div><\/div><\/div><\/div><span class=\"et-gap et-clearfix et-gap-918762\"><\/span><span class=\"et-gap et-clearfix et-gap-261972\"><\/span><div class=\"vc_row wpb_row vc_inner vc_row-fluid vc_column-gap-56 vc-row-487469\"><div class=\"wpb_column vc_column_container vc_col-sm-6\"><div class=\"vc_column-inner\"><div class=\"wpb_wrapper\"><div id=\"et-progress-203076\" class=\"et-progress\"><div class=\"text\"><h5 class=\"title\">\u00c9TATS-UNIS<\/h5><span class=\"percent\">74<\/span><\/div><div class=\"track-bar\"><div class=\"bar\" data-percentage=\"74\"><\/div><div class=\"track\"><\/div><\/div><\/div><div id=\"et-progress-658408\" class=\"et-progress\"><div class=\"text\"><h5 class=\"title\">Russie<\/h5><span class=\"percent\">64<\/span><\/div><div class=\"track-bar\"><div class=\"bar\" data-percentage=\"64\"><\/div><div class=\"track\"><\/div><\/div><\/div><div id=\"et-progress-538924\" class=\"et-progress\"><div class=\"text\"><h5 class=\"title\">Am\u00e9rique du Sud<\/h5><span class=\"percent\">59<\/span><\/div><div class=\"track-bar\"><div class=\"bar\" data-percentage=\"59\"><\/div><div class=\"track\"><\/div><\/div><\/div><div id=\"et-progress-589242\" class=\"et-progress\"><div class=\"text\"><h5 class=\"title\">L'Europe<\/h5><span class=\"percent\">46<\/span><\/div><div class=\"track-bar\"><div class=\"bar\" data-percentage=\"46\"><\/div><div class=\"track\"><\/div><\/div><\/div><\/div><\/div><\/div><div class=\"wpb_column vc_column_container vc_col-sm-6\"><div class=\"vc_column-inner\"><div class=\"wpb_wrapper\"><div id=\"et-progress-204039\" class=\"et-progress\"><div class=\"text\"><h5 class=\"title\">Afrique<\/h5><span class=\"percent\">42<\/span><\/div><div class=\"track-bar\"><div class=\"bar\" data-percentage=\"42\"><\/div><div class=\"track\"><\/div><\/div><\/div><div id=\"et-progress-839291\" class=\"et-progress\"><div class=\"text\"><h5 class=\"title\">Asie<\/h5><span class=\"percent\">67<\/span><\/div><div class=\"track-bar\"><div class=\"bar\" data-percentage=\"67\"><\/div><div class=\"track\"><\/div><\/div><\/div><div id=\"et-progress-547210\" class=\"et-progress\"><div class=\"text\"><h5 class=\"title\">Moyen-Orient<\/h5><span class=\"percent\">58<\/span><\/div><div class=\"track-bar\"><div class=\"bar\" data-percentage=\"58\"><\/div><div class=\"track\"><\/div><\/div><\/div><div id=\"et-progress-353703\" class=\"et-progress\"><div class=\"text\"><h5 class=\"title\">Autre<\/h5><span class=\"percent\">35<\/span><\/div><div class=\"track-bar\"><div class=\"bar\" data-percentage=\"35\"><\/div><div class=\"track\"><\/div><\/div><\/div><\/div><\/div><\/div><\/div>\t\t<\/div>\n\t\t\t<\/div>\n<\/div>\t<\/div>\n\t\t<\/div>\n<\/div>","protected":false},"excerpt":{"rendered":"Steel Beam Fabrication MachinesBrowse MachinesGet a QuoteContact Us H\/T-Beam Fabrication Solutions We specialize in providing state-of-the-art H\/T-beam fabrication machines, complemented by a full suite of services including factory planning, equipment installation, commissioning, personnel training, and consumables sales. Our goal is to deliver turnkey solutions that enhance your production efficiency and quality. Why Choose Us? All-in-One [...]","protected":false},"author":1,"featured_media":0,"parent":0,"menu_order":0,"comment_status":"closed","ping_status":"closed","template":"page-vc.php","meta":{"footnotes":""},"class_list":["post-8098","page","type-page","status-publish","hentry"],"yoast_head":"<!-- This site is optimized with the Yoast SEO Premium plugin v27.1 (Yoast SEO v27.5) - https:\/\/yoast.com\/product\/yoast-seo-premium-wordpress\/ -->\n<title>Services - ZMDE Steel Machinery<\/title>\n<meta name=\"description\" content=\"Explore ZMDE Steel Machinery&#039;s services, including factory planning, installation &amp; commissioning, onsite training, and consumables supply for top-tier constructional steel fabrication solutions.\" \/>\n<meta name=\"robots\" content=\"index, follow, max-snippet:-1, max-image-preview:large, max-video-preview:-1\" \/>\n<link rel=\"canonical\" href=\"https:\/\/www.zmdetech.com\/fr\/services\/\" \/>\n<meta property=\"og:locale\" content=\"fr_FR\" \/>\n<meta property=\"og:type\" content=\"article\" \/>\n<meta property=\"og:title\" content=\"Services\" \/>\n<meta property=\"og:description\" content=\"Explore ZMDE Steel Machinery&#039;s services, including factory planning, installation &amp; commissioning, onsite training, and consumables supply for top-tier constructional steel fabrication solutions.\" \/>\n<meta property=\"og:url\" content=\"https:\/\/www.zmdetech.com\/fr\/services\/\" \/>\n<meta property=\"og:site_name\" content=\"ZMDE Steel Machinery\" \/>\n<meta property=\"article:publisher\" content=\"https:\/\/facebook.com\/zmdemachinery\" \/>\n<meta property=\"article:modified_time\" content=\"2025-07-21T08:38:22+00:00\" \/>\n<meta name=\"twitter:card\" content=\"summary_large_image\" \/>\n<meta name=\"twitter:site\" content=\"@zmdemachinery\" \/>\n<meta name=\"twitter:label1\" content=\"Dur\u00e9e de lecture estim\u00e9e\" \/>\n\t<meta name=\"twitter:data1\" content=\"4 minutes\" \/>\n<script type=\"application\/ld+json\" class=\"yoast-schema-graph\">{\"@context\":\"https:\\\/\\\/schema.org\",\"@graph\":[{\"@type\":\"WebPage\",\"@id\":\"https:\\\/\\\/www.zmdetech.com\\\/services\\\/\",\"url\":\"https:\\\/\\\/www.zmdetech.com\\\/services\\\/\",\"name\":\"Services - ZMDE Steel Machinery\",\"isPartOf\":{\"@id\":\"https:\\\/\\\/www.zmdetech.com\\\/#website\"},\"datePublished\":\"2018-02-28T07:40:39+00:00\",\"dateModified\":\"2025-07-21T08:38:22+00:00\",\"description\":\"Explore ZMDE Steel Machinery's services, including factory planning, installation & commissioning, onsite training, and consumables supply for top-tier constructional steel fabrication solutions.\",\"breadcrumb\":{\"@id\":\"https:\\\/\\\/www.zmdetech.com\\\/services\\\/#breadcrumb\"},\"inLanguage\":\"fr-FR\",\"potentialAction\":[{\"@type\":\"ReadAction\",\"target\":[\"https:\\\/\\\/www.zmdetech.com\\\/services\\\/\"]}]},{\"@type\":\"BreadcrumbList\",\"@id\":\"https:\\\/\\\/www.zmdetech.com\\\/services\\\/#breadcrumb\",\"itemListElement\":[{\"@type\":\"ListItem\",\"position\":1,\"name\":\"Home\",\"item\":\"https:\\\/\\\/www.zmdetech.com\\\/\"},{\"@type\":\"ListItem\",\"position\":2,\"name\":\"Services\"}]},{\"@type\":\"WebSite\",\"@id\":\"https:\\\/\\\/www.zmdetech.com\\\/#website\",\"url\":\"https:\\\/\\\/www.zmdetech.com\\\/\",\"name\":\"ZMDE Steel Machinery\",\"description\":\"Make Buildings Manufactured in Factory\",\"publisher\":{\"@id\":\"https:\\\/\\\/www.zmdetech.com\\\/#organization\"},\"potentialAction\":[{\"@type\":\"SearchAction\",\"target\":{\"@type\":\"EntryPoint\",\"urlTemplate\":\"https:\\\/\\\/www.zmdetech.com\\\/?s={search_term_string}\"},\"query-input\":{\"@type\":\"PropertyValueSpecification\",\"valueRequired\":true,\"valueName\":\"search_term_string\"}}],\"inLanguage\":\"fr-FR\"},{\"@type\":\"Organization\",\"@id\":\"https:\\\/\\\/www.zmdetech.com\\\/#organization\",\"name\":\"ZMDE Steel Machinery\",\"url\":\"https:\\\/\\\/www.zmdetech.com\\\/\",\"logo\":{\"@type\":\"ImageObject\",\"inLanguage\":\"fr-FR\",\"@id\":\"https:\\\/\\\/www.zmdetech.com\\\/#\\\/schema\\\/logo\\\/image\\\/\",\"url\":\"https:\\\/\\\/www.zmdetech.com\\\/wp-content\\\/uploads\\\/websitelogo3.webp\",\"contentUrl\":\"https:\\\/\\\/www.zmdetech.com\\\/wp-content\\\/uploads\\\/websitelogo3.webp\",\"width\":200,\"height\":64,\"caption\":\"ZMDE Steel Machinery\"},\"image\":{\"@id\":\"https:\\\/\\\/www.zmdetech.com\\\/#\\\/schema\\\/logo\\\/image\\\/\"},\"sameAs\":[\"https:\\\/\\\/facebook.com\\\/zmdemachinery\",\"https:\\\/\\\/x.com\\\/zmdemachinery\",\"https:\\\/\\\/www.youtube.com\\\/@ZMDE-TECH\",\"https:\\\/\\\/www.linkedin.com\\\/company\\\/zmde-tech\"]}]}<\/script>\n<!-- \/ Yoast SEO Premium plugin. -->","yoast_head_json":{"title":"Services - ZMDE Steel Machinery","description":"D\u00e9couvrez les services de ZMDE Steel Machinery, notamment la planification d'usine, l'installation et la mise en service, la formation sur site et la fourniture de consommables pour des solutions de fabrication d'acier de construction de premier ordre.","robots":{"index":"index","follow":"follow","max-snippet":"max-snippet:-1","max-image-preview":"max-image-preview:large","max-video-preview":"max-video-preview:-1"},"canonical":"https:\/\/www.zmdetech.com\/fr\/services\/","og_locale":"fr_FR","og_type":"article","og_title":"Services","og_description":"Explore ZMDE Steel Machinery's services, including factory planning, installation & commissioning, onsite training, and consumables supply for top-tier constructional steel fabrication solutions.","og_url":"https:\/\/www.zmdetech.com\/fr\/services\/","og_site_name":"ZMDE Steel Machinery","article_publisher":"https:\/\/facebook.com\/zmdemachinery","article_modified_time":"2025-07-21T08:38:22+00:00","twitter_card":"summary_large_image","twitter_site":"@zmdemachinery","twitter_misc":{"Dur\u00e9e de lecture estim\u00e9e":"4 minutes"},"schema":{"@context":"https:\/\/schema.org","@graph":[{"@type":"WebPage","@id":"https:\/\/www.zmdetech.com\/services\/","url":"https:\/\/www.zmdetech.com\/services\/","name":"Services - ZMDE Steel Machinery","isPartOf":{"@id":"https:\/\/www.zmdetech.com\/#website"},"datePublished":"2018-02-28T07:40:39+00:00","dateModified":"2025-07-21T08:38:22+00:00","description":"D\u00e9couvrez les services de ZMDE Steel Machinery, notamment la planification d'usine, l'installation et la mise en service, la formation sur site et la fourniture de consommables pour des solutions de fabrication d'acier de construction de premier ordre.","breadcrumb":{"@id":"https:\/\/www.zmdetech.com\/services\/#breadcrumb"},"inLanguage":"fr-FR","potentialAction":[{"@type":"ReadAction","target":["https:\/\/www.zmdetech.com\/services\/"]}]},{"@type":"BreadcrumbList","@id":"https:\/\/www.zmdetech.com\/services\/#breadcrumb","itemListElement":[{"@type":"ListItem","position":1,"name":"Home","item":"https:\/\/www.zmdetech.com\/"},{"@type":"ListItem","position":2,"name":"Services"}]},{"@type":"WebSite","@id":"https:\/\/www.zmdetech.com\/#website","url":"https:\/\/www.zmdetech.com\/","name":"ZMDE Steel Machinery","description":"Construire des b\u00e2timents fabriqu\u00e9s en usine","publisher":{"@id":"https:\/\/www.zmdetech.com\/#organization"},"potentialAction":[{"@type":"SearchAction","target":{"@type":"EntryPoint","urlTemplate":"https:\/\/www.zmdetech.com\/?s={search_term_string}"},"query-input":{"@type":"PropertyValueSpecification","valueRequired":true,"valueName":"search_term_string"}}],"inLanguage":"fr-FR"},{"@type":"Organization","@id":"https:\/\/www.zmdetech.com\/#organization","name":"ZMDE Steel Machinery","url":"https:\/\/www.zmdetech.com\/","logo":{"@type":"ImageObject","inLanguage":"fr-FR","@id":"https:\/\/www.zmdetech.com\/#\/schema\/logo\/image\/","url":"https:\/\/www.zmdetech.com\/wp-content\/uploads\/websitelogo3.webp","contentUrl":"https:\/\/www.zmdetech.com\/wp-content\/uploads\/websitelogo3.webp","width":200,"height":64,"caption":"ZMDE Steel Machinery"},"image":{"@id":"https:\/\/www.zmdetech.com\/#\/schema\/logo\/image\/"},"sameAs":["https:\/\/facebook.com\/zmdemachinery","https:\/\/x.com\/zmdemachinery","https:\/\/www.youtube.com\/@ZMDE-TECH","https:\/\/www.linkedin.com\/company\/zmde-tech"]}]}},"_links":{"self":[{"href":"https:\/\/www.zmdetech.com\/fr\/wp-json\/wp\/v2\/pages\/8098","targetHints":{"allow":["GET"]}}],"collection":[{"href":"https:\/\/www.zmdetech.com\/fr\/wp-json\/wp\/v2\/pages"}],"about":[{"href":"https:\/\/www.zmdetech.com\/fr\/wp-json\/wp\/v2\/types\/page"}],"author":[{"embeddable":true,"href":"https:\/\/www.zmdetech.com\/fr\/wp-json\/wp\/v2\/users\/1"}],"replies":[{"embeddable":true,"href":"https:\/\/www.zmdetech.com\/fr\/wp-json\/wp\/v2\/comments?post=8098"}],"version-history":[{"count":9,"href":"https:\/\/www.zmdetech.com\/fr\/wp-json\/wp\/v2\/pages\/8098\/revisions"}],"predecessor-version":[{"id":18217,"href":"https:\/\/www.zmdetech.com\/fr\/wp-json\/wp\/v2\/pages\/8098\/revisions\/18217"}],"wp:attachment":[{"href":"https:\/\/www.zmdetech.com\/fr\/wp-json\/wp\/v2\/media?parent=8098"}],"curies":[{"name":"wp","href":"https:\/\/api.w.org\/{rel}","templated":true}]}}