{"id":11069,"date":"2018-10-02T13:29:14","date_gmt":"2018-10-02T13:29:14","guid":{"rendered":"https:\/\/enovathemes.com\/samatex_20\/product\/import-placeholder-for-64\/"},"modified":"2025-10-11T00:53:15","modified_gmt":"2025-10-11T00:53:15","slug":"zmde-rock-master-semi-automatic-h-t-i-beam-fabrication-production-line-sahp-12s","status":"publish","type":"product","link":"https:\/\/www.zmdetech.com\/fr\/product\/zmde-rock-master-semi-automatic-h-t-i-beam-fabrication-production-line-sahp-12s\/","title":{"rendered":"ZMDE Rock Master Ligne de production semi-automatique de poutrelles H\/T\/I SAHP-12S"},"content":{"rendered":"<p><img fetchpriority=\"high\" decoding=\"async\" width=\"1000\" height=\"1248\" class=\"aligncenter size-medium wp-image-18289\" src=\"https:\/\/www.zmdetech.com\/wp-content\/uploads\/Rock-Master-semi-automatic-production-line-1.webp\" alt=\"Rock-Master-semi-automatic-production-line-1\" \/><br \/>\n<img decoding=\"async\" width=\"1000\" height=\"1261\" class=\"aligncenter size-medium wp-image-18290\" src=\"https:\/\/www.zmdetech.com\/wp-content\/uploads\/Rock-Master-semi-automatic-production-line-2.webp\" alt=\"Rock-Master-semi-automatique-production-line-2\" \/><br \/>\n<img decoding=\"async\" width=\"1000\" height=\"1242\" class=\"aligncenter size-medium wp-image-18291\" src=\"https:\/\/www.zmdetech.com\/wp-content\/uploads\/Rock-Master-semi-automatic-production-line-3.webp\" alt=\"Rock-Master-semi-automatic-production-line-3\" \/><br \/>\n<img loading=\"lazy\" decoding=\"async\" width=\"1000\" height=\"1250\" class=\"aligncenter size-medium wp-image-18292\" src=\"https:\/\/www.zmdetech.com\/wp-content\/uploads\/Rock-Master-semi-automatic-production-line-4.webp\" alt=\"Rock-Master-semi-automatique-production-line-4\" \/><br \/>\n<img loading=\"lazy\" decoding=\"async\" width=\"1000\" height=\"1250\" class=\"aligncenter size-medium wp-image-18293\" src=\"https:\/\/www.zmdetech.com\/wp-content\/uploads\/Rock-Master-semi-automatic-production-line-5.webp\" alt=\"Rock-Master-semi-automatique-production-line-5\" \/><br \/>\n<img loading=\"lazy\" decoding=\"async\" width=\"1000\" height=\"2377\" class=\"aligncenter size-medium wp-image-18288\" src=\"https:\/\/www.zmdetech.com\/wp-content\/uploads\/Rock-Master-semi-automatic-production-line-6.webp\" alt=\"Rock-Master-semi-automatique-production-line-6\" \/><\/p>","protected":false},"excerpt":{"rendered":"<p>La ligne de production semi-automatique de poutrelles en acier ZMDE Rock Master offre une productivit\u00e9 \u00e9lev\u00e9e et des avantages en termes d'\u00e9conomies aux usines de fabrication d'acier.<\/p>","protected":false},"featured_media":18382,"template":"","meta":[],"product_brand":[109],"product_cat":[74],"product_tag":[131,133,223,224,154,155,117,116,132,123],"class_list":{"0":"post-11069","1":"product","2":"type-product","3":"status-publish","4":"has-post-thumbnail","6":"product_brand-zmde","7":"product_cat-production-line","8":"product_tag-h-beam","9":"product_tag-i-beam","10":"product_tag-peb","11":"product_tag-pre-engineered-building","12":"product_tag-production-line","13":"product_tag-semi-automatic","14":"product_tag-steel-fabrication","15":"product_tag-steel-structure","16":"product_tag-t-beam","17":"product_tag-zmde","19":"first","20":"instock","21":"featured","22":"shipping-taxable","23":"product-type-simple"},"yoast_head":"<!-- This site is optimized with the Yoast SEO Premium plugin v27.1 (Yoast SEO v27.3) - https:\/\/yoast.com\/product\/yoast-seo-premium-wordpress\/ -->\n<title>ZMDE Rock Master Semi Automatic H\/T\/I Beam Fabrication Production Line SAHP-12S - ZMDE Steel Machinery<\/title>\n<meta name=\"description\" content=\"ZMDE Rock Master Semi Automatic Steel Beam production line brings high productivity together with cost saving advantage to steel fabrication factories.\" \/>\n<meta name=\"robots\" content=\"index, follow, max-snippet:-1, max-image-preview:large, max-video-preview:-1\" \/>\n<link rel=\"canonical\" href=\"https:\/\/www.zmdetech.com\/fr\/product\/zmde-rock-master-semi-automatic-h-t-i-beam-fabrication-production-line-sahp-12s\/\" \/>\n<meta property=\"og:locale\" content=\"fr_FR\" \/>\n<meta property=\"og:type\" content=\"article\" \/>\n<meta property=\"og:title\" content=\"ZMDE Rock Master Semi Automatic H\/T\/I Beam Fabrication Production Line SAHP-12S\" \/>\n<meta property=\"og:description\" content=\"ZMDE Rock Master Semi Automatic Steel Beam production line brings high productivity together with cost saving advantage to steel fabrication factories.\" \/>\n<meta property=\"og:url\" content=\"https:\/\/www.zmdetech.com\/fr\/product\/zmde-rock-master-semi-automatic-h-t-i-beam-fabrication-production-line-sahp-12s\/\" \/>\n<meta property=\"og:site_name\" content=\"ZMDE Steel Machinery\" \/>\n<meta property=\"article:publisher\" content=\"https:\/\/facebook.com\/zmdemachinery\" \/>\n<meta property=\"article:modified_time\" content=\"2025-10-11T00:53:15+00:00\" \/>\n<meta property=\"og:image\" content=\"https:\/\/www.zmdetech.com\/wp-content\/uploads\/Rock-Master-Semi-Automatic-Production-Line-main-5.webp\" \/>\n\t<meta property=\"og:image:width\" content=\"1000\" \/>\n\t<meta property=\"og:image:height\" content=\"1000\" \/>\n\t<meta property=\"og:image:type\" content=\"image\/webp\" \/>\n<meta name=\"twitter:card\" content=\"summary_large_image\" \/>\n<meta name=\"twitter:site\" content=\"@zmdemachinery\" \/>\n<meta name=\"twitter:label1\" content=\"Prix\" \/>\n\t<meta name=\"twitter:data1\" content=\"\" \/>\n\t<meta name=\"twitter:label2\" content=\"Disponibilit\u00e9\" \/>\n\t<meta name=\"twitter:data2\" content=\"En stock\" \/>\n<script type=\"application\/ld+json\" class=\"yoast-schema-graph\">{\"@context\":\"https:\\\/\\\/schema.org\",\"@graph\":[{\"@type\":\"WebPage\",\"@id\":\"https:\\\/\\\/www.zmdetech.com\\\/product\\\/zmde-rock-master-semi-automatic-h-t-i-beam-fabrication-production-line-sahp-12s\\\/\",\"url\":\"https:\\\/\\\/www.zmdetech.com\\\/product\\\/zmde-rock-master-semi-automatic-h-t-i-beam-fabrication-production-line-sahp-12s\\\/\",\"name\":\"ZMDE Rock Master Semi Automatic H\\\/T\\\/I Beam Fabrication Production Line SAHP-12S - ZMDE Steel Machinery\",\"isPartOf\":{\"@id\":\"https:\\\/\\\/www.zmdetech.com\\\/#website\"},\"primaryImageOfPage\":{\"@id\":\"https:\\\/\\\/www.zmdetech.com\\\/product\\\/zmde-rock-master-semi-automatic-h-t-i-beam-fabrication-production-line-sahp-12s\\\/#primaryimage\"},\"image\":{\"@id\":\"https:\\\/\\\/www.zmdetech.com\\\/product\\\/zmde-rock-master-semi-automatic-h-t-i-beam-fabrication-production-line-sahp-12s\\\/#primaryimage\"},\"thumbnailUrl\":\"https:\\\/\\\/www.zmdetech.com\\\/wp-content\\\/uploads\\\/Rock-Master-Semi-Automatic-Production-Line-main-5.webp\",\"datePublished\":\"2018-10-02T13:29:14+00:00\",\"dateModified\":\"2025-10-11T00:53:15+00:00\",\"description\":\"ZMDE Rock Master Semi Automatic Steel Beam production line brings high productivity together with cost saving advantage to steel fabrication factories.\",\"breadcrumb\":{\"@id\":\"https:\\\/\\\/www.zmdetech.com\\\/product\\\/zmde-rock-master-semi-automatic-h-t-i-beam-fabrication-production-line-sahp-12s\\\/#breadcrumb\"},\"inLanguage\":\"fr-FR\",\"potentialAction\":[{\"@type\":\"ReadAction\",\"target\":[\"https:\\\/\\\/www.zmdetech.com\\\/product\\\/zmde-rock-master-semi-automatic-h-t-i-beam-fabrication-production-line-sahp-12s\\\/\"]}]},{\"@type\":\"ImageObject\",\"inLanguage\":\"fr-FR\",\"@id\":\"https:\\\/\\\/www.zmdetech.com\\\/product\\\/zmde-rock-master-semi-automatic-h-t-i-beam-fabrication-production-line-sahp-12s\\\/#primaryimage\",\"url\":\"https:\\\/\\\/www.zmdetech.com\\\/wp-content\\\/uploads\\\/Rock-Master-Semi-Automatic-Production-Line-main-5.webp\",\"contentUrl\":\"https:\\\/\\\/www.zmdetech.com\\\/wp-content\\\/uploads\\\/Rock-Master-Semi-Automatic-Production-Line-main-5.webp\",\"width\":1000,\"height\":1000},{\"@type\":\"BreadcrumbList\",\"@id\":\"https:\\\/\\\/www.zmdetech.com\\\/product\\\/zmde-rock-master-semi-automatic-h-t-i-beam-fabrication-production-line-sahp-12s\\\/#breadcrumb\",\"itemListElement\":[{\"@type\":\"ListItem\",\"position\":1,\"name\":\"Home\",\"item\":\"https:\\\/\\\/www.zmdetech.com\\\/\"},{\"@type\":\"ListItem\",\"position\":2,\"name\":\"Shop\",\"item\":\"https:\\\/\\\/www.zmdetech.com\\\/shop\\\/\"},{\"@type\":\"ListItem\",\"position\":3,\"name\":\"ZMDE Rock Master Semi Automatic H\\\/T\\\/I Beam Fabrication Production Line SAHP-12S\"}]},{\"@type\":\"WebSite\",\"@id\":\"https:\\\/\\\/www.zmdetech.com\\\/#website\",\"url\":\"https:\\\/\\\/www.zmdetech.com\\\/\",\"name\":\"ZMDE Steel Machinery\",\"description\":\"Make Buildings Manufactured in Factory\",\"publisher\":{\"@id\":\"https:\\\/\\\/www.zmdetech.com\\\/#organization\"},\"potentialAction\":[{\"@type\":\"SearchAction\",\"target\":{\"@type\":\"EntryPoint\",\"urlTemplate\":\"https:\\\/\\\/www.zmdetech.com\\\/?s={search_term_string}\"},\"query-input\":{\"@type\":\"PropertyValueSpecification\",\"valueRequired\":true,\"valueName\":\"search_term_string\"}}],\"inLanguage\":\"fr-FR\"},{\"@type\":\"Organization\",\"@id\":\"https:\\\/\\\/www.zmdetech.com\\\/#organization\",\"name\":\"ZMDE Steel Machinery\",\"url\":\"https:\\\/\\\/www.zmdetech.com\\\/\",\"logo\":{\"@type\":\"ImageObject\",\"inLanguage\":\"fr-FR\",\"@id\":\"https:\\\/\\\/www.zmdetech.com\\\/#\\\/schema\\\/logo\\\/image\\\/\",\"url\":\"https:\\\/\\\/www.zmdetech.com\\\/wp-content\\\/uploads\\\/websitelogo3.webp\",\"contentUrl\":\"https:\\\/\\\/www.zmdetech.com\\\/wp-content\\\/uploads\\\/websitelogo3.webp\",\"width\":200,\"height\":64,\"caption\":\"ZMDE Steel Machinery\"},\"image\":{\"@id\":\"https:\\\/\\\/www.zmdetech.com\\\/#\\\/schema\\\/logo\\\/image\\\/\"},\"sameAs\":[\"https:\\\/\\\/facebook.com\\\/zmdemachinery\",\"https:\\\/\\\/x.com\\\/zmdemachinery\",\"https:\\\/\\\/www.youtube.com\\\/@ZMDE-TECH\",\"https:\\\/\\\/www.linkedin.com\\\/company\\\/zmde-tech\"]}]}<\/script>\n<meta property=\"product:price:currency\" content=\"CNY\" \/>\n<meta property=\"og:availability\" content=\"instock\" \/>\n<meta property=\"product:availability\" content=\"instock\" \/>\n<meta property=\"product:retailer_item_id\" content=\"ZMDE-SAHP-12S\" \/>\n<meta property=\"product:condition\" content=\"new\" \/>\n<!-- \/ Yoast SEO Premium plugin. -->","yoast_head_json":{"title":"ZMDE Rock Master Ligne de production semi-automatique de poutrelles H\/T\/I SAHP-12S - ZMDE Steel Machinery","description":"La ligne de production semi-automatique de poutrelles en acier ZMDE Rock Master offre une productivit\u00e9 \u00e9lev\u00e9e et des avantages en termes d'\u00e9conomies aux usines de fabrication d'acier.","robots":{"index":"index","follow":"follow","max-snippet":"max-snippet:-1","max-image-preview":"max-image-preview:large","max-video-preview":"max-video-preview:-1"},"canonical":"https:\/\/www.zmdetech.com\/fr\/product\/zmde-rock-master-semi-automatic-h-t-i-beam-fabrication-production-line-sahp-12s\/","og_locale":"fr_FR","og_type":"article","og_title":"ZMDE Rock Master Semi Automatic H\/T\/I Beam Fabrication Production Line SAHP-12S","og_description":"ZMDE Rock Master Semi Automatic Steel Beam production line brings high productivity together with cost saving advantage to steel fabrication factories.","og_url":"https:\/\/www.zmdetech.com\/fr\/product\/zmde-rock-master-semi-automatic-h-t-i-beam-fabrication-production-line-sahp-12s\/","og_site_name":"ZMDE Steel Machinery","article_publisher":"https:\/\/facebook.com\/zmdemachinery","article_modified_time":"2025-10-11T00:53:15+00:00","og_image":[{"width":1000,"height":1000,"url":"https:\/\/www.zmdetech.com\/wp-content\/uploads\/Rock-Master-Semi-Automatic-Production-Line-main-5.webp","type":"image\/webp"}],"twitter_card":"summary_large_image","twitter_site":"@zmdemachinery","twitter_misc":{"Prix":"","Disponibilit\u00e9":"En stock"},"schema":{"@context":"https:\/\/schema.org","@graph":[{"@type":"WebPage","@id":"https:\/\/www.zmdetech.com\/product\/zmde-rock-master-semi-automatic-h-t-i-beam-fabrication-production-line-sahp-12s\/","url":"https:\/\/www.zmdetech.com\/product\/zmde-rock-master-semi-automatic-h-t-i-beam-fabrication-production-line-sahp-12s\/","name":"ZMDE Rock Master Ligne de production semi-automatique de poutrelles H\/T\/I SAHP-12S - ZMDE Steel Machinery","isPartOf":{"@id":"https:\/\/www.zmdetech.com\/#website"},"primaryImageOfPage":{"@id":"https:\/\/www.zmdetech.com\/product\/zmde-rock-master-semi-automatic-h-t-i-beam-fabrication-production-line-sahp-12s\/#primaryimage"},"image":{"@id":"https:\/\/www.zmdetech.com\/product\/zmde-rock-master-semi-automatic-h-t-i-beam-fabrication-production-line-sahp-12s\/#primaryimage"},"thumbnailUrl":"https:\/\/www.zmdetech.com\/wp-content\/uploads\/Rock-Master-Semi-Automatic-Production-Line-main-5.webp","datePublished":"2018-10-02T13:29:14+00:00","dateModified":"2025-10-11T00:53:15+00:00","description":"La ligne de production semi-automatique de poutrelles en acier ZMDE Rock Master offre une productivit\u00e9 \u00e9lev\u00e9e et des avantages en termes d'\u00e9conomies aux usines de fabrication d'acier.","breadcrumb":{"@id":"https:\/\/www.zmdetech.com\/product\/zmde-rock-master-semi-automatic-h-t-i-beam-fabrication-production-line-sahp-12s\/#breadcrumb"},"inLanguage":"fr-FR","potentialAction":[{"@type":"ReadAction","target":["https:\/\/www.zmdetech.com\/product\/zmde-rock-master-semi-automatic-h-t-i-beam-fabrication-production-line-sahp-12s\/"]}]},{"@type":"ImageObject","inLanguage":"fr-FR","@id":"https:\/\/www.zmdetech.com\/product\/zmde-rock-master-semi-automatic-h-t-i-beam-fabrication-production-line-sahp-12s\/#primaryimage","url":"https:\/\/www.zmdetech.com\/wp-content\/uploads\/Rock-Master-Semi-Automatic-Production-Line-main-5.webp","contentUrl":"https:\/\/www.zmdetech.com\/wp-content\/uploads\/Rock-Master-Semi-Automatic-Production-Line-main-5.webp","width":1000,"height":1000},{"@type":"BreadcrumbList","@id":"https:\/\/www.zmdetech.com\/product\/zmde-rock-master-semi-automatic-h-t-i-beam-fabrication-production-line-sahp-12s\/#breadcrumb","itemListElement":[{"@type":"ListItem","position":1,"name":"Home","item":"https:\/\/www.zmdetech.com\/"},{"@type":"ListItem","position":2,"name":"Shop","item":"https:\/\/www.zmdetech.com\/shop\/"},{"@type":"ListItem","position":3,"name":"ZMDE Rock Master Semi Automatic H\/T\/I Beam Fabrication Production Line SAHP-12S"}]},{"@type":"WebSite","@id":"https:\/\/www.zmdetech.com\/#website","url":"https:\/\/www.zmdetech.com\/","name":"ZMDE Steel Machinery","description":"Construire des b\u00e2timents fabriqu\u00e9s en usine","publisher":{"@id":"https:\/\/www.zmdetech.com\/#organization"},"potentialAction":[{"@type":"SearchAction","target":{"@type":"EntryPoint","urlTemplate":"https:\/\/www.zmdetech.com\/?s={search_term_string}"},"query-input":{"@type":"PropertyValueSpecification","valueRequired":true,"valueName":"search_term_string"}}],"inLanguage":"fr-FR"},{"@type":"Organization","@id":"https:\/\/www.zmdetech.com\/#organization","name":"ZMDE Steel Machinery","url":"https:\/\/www.zmdetech.com\/","logo":{"@type":"ImageObject","inLanguage":"fr-FR","@id":"https:\/\/www.zmdetech.com\/#\/schema\/logo\/image\/","url":"https:\/\/www.zmdetech.com\/wp-content\/uploads\/websitelogo3.webp","contentUrl":"https:\/\/www.zmdetech.com\/wp-content\/uploads\/websitelogo3.webp","width":200,"height":64,"caption":"ZMDE Steel Machinery"},"image":{"@id":"https:\/\/www.zmdetech.com\/#\/schema\/logo\/image\/"},"sameAs":["https:\/\/facebook.com\/zmdemachinery","https:\/\/x.com\/zmdemachinery","https:\/\/www.youtube.com\/@ZMDE-TECH","https:\/\/www.linkedin.com\/company\/zmde-tech"]}]},"product_price_currency":"CNY","og_availability":"instock","product_availability":"instock","product_retailer_item_id":"ZMDE-SAHP-12S","product_condition":"new"},"_links":{"self":[{"href":"https:\/\/www.zmdetech.com\/fr\/wp-json\/wp\/v2\/product\/11069","targetHints":{"allow":["GET"]}}],"collection":[{"href":"https:\/\/www.zmdetech.com\/fr\/wp-json\/wp\/v2\/product"}],"about":[{"href":"https:\/\/www.zmdetech.com\/fr\/wp-json\/wp\/v2\/types\/product"}],"wp:featuredmedia":[{"embeddable":true,"href":"https:\/\/www.zmdetech.com\/fr\/wp-json\/wp\/v2\/media\/18382"}],"wp:attachment":[{"href":"https:\/\/www.zmdetech.com\/fr\/wp-json\/wp\/v2\/media?parent=11069"}],"wp:term":[{"taxonomy":"product_brand","embeddable":true,"href":"https:\/\/www.zmdetech.com\/fr\/wp-json\/wp\/v2\/product_brand?post=11069"},{"taxonomy":"product_cat","embeddable":true,"href":"https:\/\/www.zmdetech.com\/fr\/wp-json\/wp\/v2\/product_cat?post=11069"},{"taxonomy":"product_tag","embeddable":true,"href":"https:\/\/www.zmdetech.com\/fr\/wp-json\/wp\/v2\/product_tag?post=11069"}],"curies":[{"name":"wp","href":"https:\/\/api.w.org\/{rel}","templated":true}]}}