{"id":19051,"date":"2026-03-13T09:38:18","date_gmt":"2026-03-13T09:38:18","guid":{"rendered":"https:\/\/www.zmdetech.com\/?post_type=product&#038;p=19051"},"modified":"2026-03-16T03:30:57","modified_gmt":"2026-03-16T03:30:57","slug":"zmde-smart-crystal-prefabrique-decoration-complete-mur-leger-encre-et-paysage-de-lavage","status":"publish","type":"product","link":"https:\/\/www.zmdetech.com\/fr\/product\/zmde-smart-crystal-prefabrique-decoration-complete-mur-leger-encre-et-paysage-de-lavage\/","title":{"rendered":"ZMDE Smart Crystal pr\u00e9fabriqu\u00e9 d\u00e9coration compl\u00e8te mur l\u00e9ger Encre et lavage Paysage"},"content":{"rendered":"<p><img decoding=\"async\" class=\"aligncenter size-medium wp-image-19018\" src=\"https:\/\/www.zmdetech.com\/wp-content\/uploads\/Features.webp\" alt=\"Caract\u00e9ristiques\" width=\"1000\" \/><br \/>\n<img decoding=\"async\" class=\"aligncenter size-medium wp-image-19021\" src=\"https:\/\/www.zmdetech.com\/wp-content\/uploads\/Application.webp\" alt=\"Application\" width=\"1000\" \/><br \/>\n<img decoding=\"async\" class=\"aligncenter size-medium wp-image-19020\" src=\"https:\/\/www.zmdetech.com\/wp-content\/uploads\/Projects.webp\" alt=\"Projets\" width=\"1000\" \/><br \/>\n<img decoding=\"async\" class=\"aligncenter size-medium wp-image-19019\" src=\"https:\/\/www.zmdetech.com\/wp-content\/uploads\/Certificates.webp\" alt=\"Certificats\" width=\"1000\" \/><\/p>","protected":false},"excerpt":{"rendered":"<p>Le mur l\u00e9ger pr\u00e9fabriqu\u00e9 \u00e0 d\u00e9coration compl\u00e8te ZMDe Smart Crystal est un mat\u00e9riau mural l\u00e9ger fait de c\u00e9ramite poreuse, principalement compos\u00e9e d'argile cuite \u00e0 haute temp\u00e9rature, avec une structure \u00e0 cellules ferm\u00e9es \u00e0 haute porosit\u00e9. Il se caract\u00e9rise par sa porosit\u00e9, sa l\u00e9g\u00e8ret\u00e9, sa durabilit\u00e9, son isolation thermique, son insonorisation, son imperm\u00e9abilit\u00e9 \u00e0 l'humidit\u00e9, sa r\u00e9sistance \u00e0 la corrosion acide et alcaline et son caract\u00e8re ignifuge, avec une r\u00e9sistance allant jusqu'\u00e0 5MPa. Il est largement utilis\u00e9 dans la construction de murs et de toits.<\/p>","protected":false},"featured_media":19058,"template":"","meta":[],"product_brand":[109],"product_cat":[303],"product_tag":[309,304,311,312,305,307,308,306,310],"class_list":{"0":"post-19051","1":"product","2":"type-product","3":"status-publish","4":"has-post-thumbnail","6":"product_brand-zmde","7":"product_cat-wall-material","8":"product_tag-environmental-protection","9":"product_tag-lightweight","10":"product_tag-moisture-proof","11":"product_tag-prefabricated","12":"product_tag-smart-crystal","13":"product_tag-sound-absorption","14":"product_tag-sound-insulation","15":"product_tag-thermal-insulation","16":"product_tag-waterproof","18":"first","19":"instock","20":"shipping-taxable","21":"product-type-simple"},"yoast_head":"<!-- This site is optimized with the Yoast SEO Premium plugin v27.1 (Yoast SEO v27.3) - https:\/\/yoast.com\/product\/yoast-seo-premium-wordpress\/ -->\n<title>ZMDE Smart Crystal prefabricated full decoration lightweight wall Ink and Wash Landscape - ZMDE Steel Machinery<\/title>\n<meta name=\"description\" content=\"ZMDE Smart Crystal prefabricated full decoration lightweight wall is a lightweight wall material made of porous ceramsite, mainly composed of clay fired at high temperatures, with a high porosity closed-cell structure with Ink and Wash Landscape.\" \/>\n<meta name=\"robots\" content=\"index, follow, max-snippet:-1, max-image-preview:large, max-video-preview:-1\" \/>\n<link rel=\"canonical\" href=\"https:\/\/www.zmdetech.com\/fr\/product\/zmde-smart-crystal-prefabrique-decoration-complete-mur-leger-encre-et-paysage-de-lavage\/\" \/>\n<meta property=\"og:locale\" content=\"fr_FR\" \/>\n<meta property=\"og:type\" content=\"article\" \/>\n<meta property=\"og:title\" content=\"ZMDE Smart Crystal prefabricated full decoration lightweight wall Ink and Wash Landscape\" \/>\n<meta property=\"og:description\" content=\"ZMDE Smart Crystal prefabricated full decoration lightweight wall is a lightweight wall material made of porous ceramsite, mainly composed of clay fired at high temperatures, with a high porosity closed-cell structure with Ink and Wash Landscape.\" \/>\n<meta property=\"og:url\" content=\"https:\/\/www.zmdetech.com\/fr\/product\/zmde-smart-crystal-prefabrique-decoration-complete-mur-leger-encre-et-paysage-de-lavage\/\" \/>\n<meta property=\"og:site_name\" content=\"ZMDE Steel Machinery\" \/>\n<meta property=\"article:publisher\" content=\"https:\/\/facebook.com\/zmdemachinery\" \/>\n<meta property=\"article:modified_time\" content=\"2026-03-16T03:30:57+00:00\" \/>\n<meta property=\"og:image\" content=\"https:\/\/www.zmdetech.com\/wp-content\/uploads\/Smart-Crystal-Ink-and-Wash-Landscape-1.webp\" \/>\n\t<meta property=\"og:image:width\" content=\"1200\" \/>\n\t<meta property=\"og:image:height\" content=\"675\" \/>\n\t<meta property=\"og:image:type\" content=\"image\/webp\" \/>\n<meta name=\"twitter:card\" content=\"summary_large_image\" \/>\n<meta name=\"twitter:site\" content=\"@zmdemachinery\" \/>\n<meta name=\"twitter:label1\" content=\"Prix\" \/>\n\t<meta name=\"twitter:data1\" content=\"\" \/>\n\t<meta name=\"twitter:label2\" content=\"Disponibilit\u00e9\" \/>\n\t<meta name=\"twitter:data2\" content=\"En stock\" \/>\n<script type=\"application\/ld+json\" class=\"yoast-schema-graph\">{\"@context\":\"https:\\\/\\\/schema.org\",\"@graph\":[{\"@type\":\"WebPage\",\"@id\":\"https:\\\/\\\/www.zmdetech.com\\\/product\\\/zmde-smart-crystal-prefabricated-full-decoration-lightweight-wall-ink-and-wash-landscape\\\/\",\"url\":\"https:\\\/\\\/www.zmdetech.com\\\/product\\\/zmde-smart-crystal-prefabricated-full-decoration-lightweight-wall-ink-and-wash-landscape\\\/\",\"name\":\"ZMDE Smart Crystal prefabricated full decoration lightweight wall Ink and Wash Landscape - ZMDE Steel Machinery\",\"isPartOf\":{\"@id\":\"https:\\\/\\\/www.zmdetech.com\\\/#website\"},\"primaryImageOfPage\":{\"@id\":\"https:\\\/\\\/www.zmdetech.com\\\/product\\\/zmde-smart-crystal-prefabricated-full-decoration-lightweight-wall-ink-and-wash-landscape\\\/#primaryimage\"},\"image\":{\"@id\":\"https:\\\/\\\/www.zmdetech.com\\\/product\\\/zmde-smart-crystal-prefabricated-full-decoration-lightweight-wall-ink-and-wash-landscape\\\/#primaryimage\"},\"thumbnailUrl\":\"https:\\\/\\\/www.zmdetech.com\\\/wp-content\\\/uploads\\\/Smart-Crystal-Ink-and-Wash-Landscape-1.webp\",\"datePublished\":\"2026-03-13T09:38:18+00:00\",\"dateModified\":\"2026-03-16T03:30:57+00:00\",\"description\":\"ZMDE Smart Crystal prefabricated full decoration lightweight wall is a lightweight wall material made of porous ceramsite, mainly composed of clay fired at high temperatures, with a high porosity closed-cell structure with Ink and Wash Landscape.\",\"breadcrumb\":{\"@id\":\"https:\\\/\\\/www.zmdetech.com\\\/product\\\/zmde-smart-crystal-prefabricated-full-decoration-lightweight-wall-ink-and-wash-landscape\\\/#breadcrumb\"},\"inLanguage\":\"fr-FR\",\"potentialAction\":[{\"@type\":\"ReadAction\",\"target\":[\"https:\\\/\\\/www.zmdetech.com\\\/product\\\/zmde-smart-crystal-prefabricated-full-decoration-lightweight-wall-ink-and-wash-landscape\\\/\"]}]},{\"@type\":\"ImageObject\",\"inLanguage\":\"fr-FR\",\"@id\":\"https:\\\/\\\/www.zmdetech.com\\\/product\\\/zmde-smart-crystal-prefabricated-full-decoration-lightweight-wall-ink-and-wash-landscape\\\/#primaryimage\",\"url\":\"https:\\\/\\\/www.zmdetech.com\\\/wp-content\\\/uploads\\\/Smart-Crystal-Ink-and-Wash-Landscape-1.webp\",\"contentUrl\":\"https:\\\/\\\/www.zmdetech.com\\\/wp-content\\\/uploads\\\/Smart-Crystal-Ink-and-Wash-Landscape-1.webp\",\"width\":1200,\"height\":675},{\"@type\":\"BreadcrumbList\",\"@id\":\"https:\\\/\\\/www.zmdetech.com\\\/product\\\/zmde-smart-crystal-prefabricated-full-decoration-lightweight-wall-ink-and-wash-landscape\\\/#breadcrumb\",\"itemListElement\":[{\"@type\":\"ListItem\",\"position\":1,\"name\":\"Home\",\"item\":\"https:\\\/\\\/www.zmdetech.com\\\/\"},{\"@type\":\"ListItem\",\"position\":2,\"name\":\"Shop\",\"item\":\"https:\\\/\\\/www.zmdetech.com\\\/shop\\\/\"},{\"@type\":\"ListItem\",\"position\":3,\"name\":\"ZMDE Smart Crystal prefabricated full decoration lightweight wall Ink and Wash Landscape\"}]},{\"@type\":\"WebSite\",\"@id\":\"https:\\\/\\\/www.zmdetech.com\\\/#website\",\"url\":\"https:\\\/\\\/www.zmdetech.com\\\/\",\"name\":\"ZMDE Steel Machinery\",\"description\":\"Make Buildings Manufactured in Factory\",\"publisher\":{\"@id\":\"https:\\\/\\\/www.zmdetech.com\\\/#organization\"},\"potentialAction\":[{\"@type\":\"SearchAction\",\"target\":{\"@type\":\"EntryPoint\",\"urlTemplate\":\"https:\\\/\\\/www.zmdetech.com\\\/?s={search_term_string}\"},\"query-input\":{\"@type\":\"PropertyValueSpecification\",\"valueRequired\":true,\"valueName\":\"search_term_string\"}}],\"inLanguage\":\"fr-FR\"},{\"@type\":\"Organization\",\"@id\":\"https:\\\/\\\/www.zmdetech.com\\\/#organization\",\"name\":\"ZMDE Steel Machinery\",\"url\":\"https:\\\/\\\/www.zmdetech.com\\\/\",\"logo\":{\"@type\":\"ImageObject\",\"inLanguage\":\"fr-FR\",\"@id\":\"https:\\\/\\\/www.zmdetech.com\\\/#\\\/schema\\\/logo\\\/image\\\/\",\"url\":\"https:\\\/\\\/www.zmdetech.com\\\/wp-content\\\/uploads\\\/websitelogo3.webp\",\"contentUrl\":\"https:\\\/\\\/www.zmdetech.com\\\/wp-content\\\/uploads\\\/websitelogo3.webp\",\"width\":200,\"height\":64,\"caption\":\"ZMDE Steel Machinery\"},\"image\":{\"@id\":\"https:\\\/\\\/www.zmdetech.com\\\/#\\\/schema\\\/logo\\\/image\\\/\"},\"sameAs\":[\"https:\\\/\\\/facebook.com\\\/zmdemachinery\",\"https:\\\/\\\/x.com\\\/zmdemachinery\",\"https:\\\/\\\/www.youtube.com\\\/@ZMDE-TECH\",\"https:\\\/\\\/www.linkedin.com\\\/company\\\/zmde-tech\"]}]}<\/script>\n<meta property=\"product:price:currency\" content=\"CNY\" \/>\n<meta property=\"og:availability\" content=\"instock\" \/>\n<meta property=\"product:availability\" content=\"instock\" \/>\n<meta property=\"product:retailer_item_id\" content=\"ZMDE-SmartCrystal-InkLandscape\" \/>\n<meta property=\"product:condition\" content=\"new\" \/>\n<!-- \/ Yoast SEO Premium plugin. -->","yoast_head_json":{"title":"ZMDE Smart Crystal pr\u00e9fabriqu\u00e9 d\u00e9coration compl\u00e8te mur l\u00e9ger Encre et paysage de lavage - ZMDE Steel Machinery","description":"Le mur l\u00e9ger pr\u00e9fabriqu\u00e9 \u00e0 d\u00e9coration compl\u00e8te ZMDE Smart Crystal est un mat\u00e9riau mural l\u00e9ger en c\u00e9ramite poreuse, principalement compos\u00e9 d'argile cuite \u00e0 haute temp\u00e9rature, avec une structure \u00e0 cellules ferm\u00e9es \u00e0 haute porosit\u00e9 et un paysage d'encre et de lavage.","robots":{"index":"index","follow":"follow","max-snippet":"max-snippet:-1","max-image-preview":"max-image-preview:large","max-video-preview":"max-video-preview:-1"},"canonical":"https:\/\/www.zmdetech.com\/fr\/product\/zmde-smart-crystal-prefabrique-decoration-complete-mur-leger-encre-et-paysage-de-lavage\/","og_locale":"fr_FR","og_type":"article","og_title":"ZMDE Smart Crystal prefabricated full decoration lightweight wall Ink and Wash Landscape","og_description":"ZMDE Smart Crystal prefabricated full decoration lightweight wall is a lightweight wall material made of porous ceramsite, mainly composed of clay fired at high temperatures, with a high porosity closed-cell structure with Ink and Wash Landscape.","og_url":"https:\/\/www.zmdetech.com\/fr\/product\/zmde-smart-crystal-prefabrique-decoration-complete-mur-leger-encre-et-paysage-de-lavage\/","og_site_name":"ZMDE Steel Machinery","article_publisher":"https:\/\/facebook.com\/zmdemachinery","article_modified_time":"2026-03-16T03:30:57+00:00","og_image":[{"width":1200,"height":675,"url":"https:\/\/www.zmdetech.com\/wp-content\/uploads\/Smart-Crystal-Ink-and-Wash-Landscape-1.webp","type":"image\/webp"}],"twitter_card":"summary_large_image","twitter_site":"@zmdemachinery","twitter_misc":{"Prix":"","Disponibilit\u00e9":"En stock"},"schema":{"@context":"https:\/\/schema.org","@graph":[{"@type":"WebPage","@id":"https:\/\/www.zmdetech.com\/product\/zmde-smart-crystal-prefabricated-full-decoration-lightweight-wall-ink-and-wash-landscape\/","url":"https:\/\/www.zmdetech.com\/product\/zmde-smart-crystal-prefabricated-full-decoration-lightweight-wall-ink-and-wash-landscape\/","name":"ZMDE Smart Crystal pr\u00e9fabriqu\u00e9 d\u00e9coration compl\u00e8te mur l\u00e9ger Encre et paysage de lavage - ZMDE Steel Machinery","isPartOf":{"@id":"https:\/\/www.zmdetech.com\/#website"},"primaryImageOfPage":{"@id":"https:\/\/www.zmdetech.com\/product\/zmde-smart-crystal-prefabricated-full-decoration-lightweight-wall-ink-and-wash-landscape\/#primaryimage"},"image":{"@id":"https:\/\/www.zmdetech.com\/product\/zmde-smart-crystal-prefabricated-full-decoration-lightweight-wall-ink-and-wash-landscape\/#primaryimage"},"thumbnailUrl":"https:\/\/www.zmdetech.com\/wp-content\/uploads\/Smart-Crystal-Ink-and-Wash-Landscape-1.webp","datePublished":"2026-03-13T09:38:18+00:00","dateModified":"2026-03-16T03:30:57+00:00","description":"Le mur l\u00e9ger pr\u00e9fabriqu\u00e9 \u00e0 d\u00e9coration compl\u00e8te ZMDE Smart Crystal est un mat\u00e9riau mural l\u00e9ger en c\u00e9ramite poreuse, principalement compos\u00e9 d'argile cuite \u00e0 haute temp\u00e9rature, avec une structure \u00e0 cellules ferm\u00e9es \u00e0 haute porosit\u00e9 et un paysage d'encre et de lavage.","breadcrumb":{"@id":"https:\/\/www.zmdetech.com\/product\/zmde-smart-crystal-prefabricated-full-decoration-lightweight-wall-ink-and-wash-landscape\/#breadcrumb"},"inLanguage":"fr-FR","potentialAction":[{"@type":"ReadAction","target":["https:\/\/www.zmdetech.com\/product\/zmde-smart-crystal-prefabricated-full-decoration-lightweight-wall-ink-and-wash-landscape\/"]}]},{"@type":"ImageObject","inLanguage":"fr-FR","@id":"https:\/\/www.zmdetech.com\/product\/zmde-smart-crystal-prefabricated-full-decoration-lightweight-wall-ink-and-wash-landscape\/#primaryimage","url":"https:\/\/www.zmdetech.com\/wp-content\/uploads\/Smart-Crystal-Ink-and-Wash-Landscape-1.webp","contentUrl":"https:\/\/www.zmdetech.com\/wp-content\/uploads\/Smart-Crystal-Ink-and-Wash-Landscape-1.webp","width":1200,"height":675},{"@type":"BreadcrumbList","@id":"https:\/\/www.zmdetech.com\/product\/zmde-smart-crystal-prefabricated-full-decoration-lightweight-wall-ink-and-wash-landscape\/#breadcrumb","itemListElement":[{"@type":"ListItem","position":1,"name":"Home","item":"https:\/\/www.zmdetech.com\/"},{"@type":"ListItem","position":2,"name":"Shop","item":"https:\/\/www.zmdetech.com\/shop\/"},{"@type":"ListItem","position":3,"name":"ZMDE Smart Crystal prefabricated full decoration lightweight wall Ink and Wash Landscape"}]},{"@type":"WebSite","@id":"https:\/\/www.zmdetech.com\/#website","url":"https:\/\/www.zmdetech.com\/","name":"ZMDE Steel Machinery","description":"Construire des b\u00e2timents fabriqu\u00e9s en usine","publisher":{"@id":"https:\/\/www.zmdetech.com\/#organization"},"potentialAction":[{"@type":"SearchAction","target":{"@type":"EntryPoint","urlTemplate":"https:\/\/www.zmdetech.com\/?s={search_term_string}"},"query-input":{"@type":"PropertyValueSpecification","valueRequired":true,"valueName":"search_term_string"}}],"inLanguage":"fr-FR"},{"@type":"Organization","@id":"https:\/\/www.zmdetech.com\/#organization","name":"ZMDE Steel Machinery","url":"https:\/\/www.zmdetech.com\/","logo":{"@type":"ImageObject","inLanguage":"fr-FR","@id":"https:\/\/www.zmdetech.com\/#\/schema\/logo\/image\/","url":"https:\/\/www.zmdetech.com\/wp-content\/uploads\/websitelogo3.webp","contentUrl":"https:\/\/www.zmdetech.com\/wp-content\/uploads\/websitelogo3.webp","width":200,"height":64,"caption":"ZMDE Steel Machinery"},"image":{"@id":"https:\/\/www.zmdetech.com\/#\/schema\/logo\/image\/"},"sameAs":["https:\/\/facebook.com\/zmdemachinery","https:\/\/x.com\/zmdemachinery","https:\/\/www.youtube.com\/@ZMDE-TECH","https:\/\/www.linkedin.com\/company\/zmde-tech"]}]},"product_price_currency":"CNY","og_availability":"instock","product_availability":"instock","product_retailer_item_id":"ZMDE-SmartCrystal-InkLandscape","product_condition":"new"},"_links":{"self":[{"href":"https:\/\/www.zmdetech.com\/fr\/wp-json\/wp\/v2\/product\/19051","targetHints":{"allow":["GET"]}}],"collection":[{"href":"https:\/\/www.zmdetech.com\/fr\/wp-json\/wp\/v2\/product"}],"about":[{"href":"https:\/\/www.zmdetech.com\/fr\/wp-json\/wp\/v2\/types\/product"}],"wp:featuredmedia":[{"embeddable":true,"href":"https:\/\/www.zmdetech.com\/fr\/wp-json\/wp\/v2\/media\/19058"}],"wp:attachment":[{"href":"https:\/\/www.zmdetech.com\/fr\/wp-json\/wp\/v2\/media?parent=19051"}],"wp:term":[{"taxonomy":"product_brand","embeddable":true,"href":"https:\/\/www.zmdetech.com\/fr\/wp-json\/wp\/v2\/product_brand?post=19051"},{"taxonomy":"product_cat","embeddable":true,"href":"https:\/\/www.zmdetech.com\/fr\/wp-json\/wp\/v2\/product_cat?post=19051"},{"taxonomy":"product_tag","embeddable":true,"href":"https:\/\/www.zmdetech.com\/fr\/wp-json\/wp\/v2\/product_tag?post=19051"}],"curies":[{"name":"wp","href":"https:\/\/api.w.org\/{rel}","templated":true}]}}