{"id":17902,"date":"2025-06-23T08:39:33","date_gmt":"2025-06-23T08:39:33","guid":{"rendered":"https:\/\/www.zmdetech.com\/?page_id=17902"},"modified":"2025-06-23T08:41:00","modified_gmt":"2025-06-23T08:41:00","slug":"politica-de-cookies","status":"publish","type":"page","link":"https:\/\/www.zmdetech.com\/pt\/politica-de-cookies\/","title":{"rendered":"Pol\u00edtica de cookies"},"content":{"rendered":"<div class=\"wpb-content-wrapper\"><div class=\"vc_row wpb_row vc_row-fluid vc_column-gap-24\" >\n\t<div class=\"container et-clearfix\">\n\t\t<div class=\"wpb_column vc_column_container vc_col-sm-12 text-align-none\" >\n\t<div class=\"vc_column-inner\" >\n\t\t<div class=\"wpb_wrapper\">\n\t\t\t\n<div class=\"wpb_text_column wpb_content_element\"  data-animation-delay=\"0\">\n\t<div class=\"wpb_wrapper\">\n\t\t<p>\u00daltima atualiza\u00e7\u00e3o: 23 de junho de 2025<\/p>\n<p>Esta Pol\u00edtica de Cookies explica o que s\u00e3o cookies e como os usamos. O senhor deve ler esta pol\u00edtica para entender que tipo de cookies usamos, ou as informa\u00e7\u00f5es que coletamos usando cookies e como essas informa\u00e7\u00f5es s\u00e3o usadas.<\/p>\n<p>Normalmente, os cookies n\u00e3o cont\u00eam nenhuma informa\u00e7\u00e3o que identifique pessoalmente um usu\u00e1rio, mas as informa\u00e7\u00f5es pessoais que armazenamos sobre o senhor podem estar vinculadas \u00e0s informa\u00e7\u00f5es armazenadas e obtidas por meio de cookies. Para obter mais informa\u00e7\u00f5es sobre como usamos, armazenamos e mantemos seus dados pessoais seguros, consulte nossa Pol\u00edtica de Privacidade.<\/p>\n<p>N\u00e3o armazenamos informa\u00e7\u00f5es pessoais confidenciais, como endere\u00e7os de correspond\u00eancia, senhas de contas, etc., nos cookies que usamos.<\/p>\n<h2>Interpreta\u00e7\u00e3o e defini\u00e7\u00f5es<\/h2>\n<h4>Interpreta\u00e7\u00e3o<\/h4>\n<p>As palavras cuja letra inicial \u00e9 mai\u00fascula t\u00eam significados definidos nas seguintes condi\u00e7\u00f5es. As defini\u00e7\u00f5es a seguir ter\u00e3o o mesmo significado, independentemente de aparecerem no singular ou no plural.<\/p>\n<h4>Defini\u00e7\u00f5es<\/h4>\n<p>Para os fins desta Pol\u00edtica de Cookies:<\/p>\n<ul>\n<li><strong>Empresa<\/strong>&nbsp;(referida como \u201ca Empresa\u201d, \u201cN\u00f3s\u201d, \u201cNos\u201d ou \u201cNosso\u201d nesta Pol\u00edtica de Cookies) refere-se \u00e0 ZMDE TECH Co., Ltd., 999 Yunjuan Road, Lingang Pilot Free Zone, Pudong, Xangai.<\/li>\n<li><strong>Cookies<\/strong>&nbsp;significa pequenos arquivos que s\u00e3o colocados em seu computador, dispositivo m\u00f3vel ou qualquer outro dispositivo por um site, contendo detalhes de seu hist\u00f3rico de navega\u00e7\u00e3o nesse site, entre outros usos.<\/li>\n<li><strong>Site<\/strong>&nbsp;refere-se \u00e0 ZMDE Steel Machinery, acess\u00edvel a partir de&nbsp;<a href=\"https:\/\/www.zmdetech.com\/pt\/\" target=\"_blank\" rel=\"external nofollow noopener\">https:\/\/www.zmdetech.com<\/a><\/li>\n<li><strong>O senhor<\/strong>&nbsp;significa o indiv\u00edduo que est\u00e1 acessando ou usando o Site, ou uma empresa, ou qualquer entidade legal em nome da qual esse indiv\u00edduo est\u00e1 acessando ou usando o Site, conforme aplic\u00e1vel.<\/li>\n<\/ul>\n<h2>O uso dos cookies<\/h2>\n<h4>Tipos de cookies que usamos<\/h4>\n<p>Os cookies podem ser cookies \u201cpersistentes\u201d ou de \u201csess\u00e3o\u201d. Os cookies persistentes permanecem no seu computador pessoal ou dispositivo m\u00f3vel quando o usu\u00e1rio fica off-line, enquanto os cookies de sess\u00e3o s\u00e3o exclu\u00eddos assim que o usu\u00e1rio fecha o navegador da Web.<\/p>\n<p>Usamos cookies de sess\u00e3o e persistentes para as finalidades definidas abaixo:<\/p>\n<ul>\n<li><strong>Cookies necess\u00e1rios\/essenciais<\/strong>\n<p>Tipo: Cookies de sess\u00e3o<\/p>\n<p>Administrado por: N\u00f3s<\/p>\n<p>Objetivo: esses cookies s\u00e3o essenciais para fornecer ao senhor os servi\u00e7os dispon\u00edveis no site e para permitir o uso de alguns de seus recursos. Eles ajudam a autenticar usu\u00e1rios e a evitar o uso fraudulento de contas de usu\u00e1rio. Sem esses cookies, os servi\u00e7os solicitados pelo usu\u00e1rio n\u00e3o poder\u00e3o ser fornecidos, e n\u00f3s s\u00f3 os usamos para fornecer esses servi\u00e7os ao usu\u00e1rio.<\/li>\n<li><strong>Cookies de funcionalidade<\/strong>\n<p>Tipo: Cookies persistentes<\/p>\n<p>Administrado por: N\u00f3s<\/p>\n<p>Objetivo: esses cookies nos permitem lembrar as escolhas que o Senhor faz quando usa o site, como lembrar seus detalhes de login ou prefer\u00eancia de idioma. O objetivo desses cookies \u00e9 proporcionar ao usu\u00e1rio uma experi\u00eancia mais pessoal e evitar que ele tenha que reinserir suas prefer\u00eancias sempre que usar o site.<\/li>\n<\/ul>\n<h4>Suas escolhas em rela\u00e7\u00e3o aos cookies<\/h4>\n<p>Se o senhor preferir evitar o uso de cookies no site, primeiro dever\u00e1 desativar o uso de cookies no navegador e, em seguida, excluir os cookies salvos no navegador associados a este site. O senhor pode usar essa op\u00e7\u00e3o para impedir o uso de cookies a qualquer momento.<\/p>\n<p>Se o senhor n\u00e3o aceitar nossos cookies, poder\u00e1 ter alguns inconvenientes no uso do site e alguns recursos poder\u00e3o n\u00e3o funcionar corretamente.<\/p>\n<p>Se o senhor quiser excluir cookies ou instruir seu navegador da Web a excluir ou recusar cookies, visite as p\u00e1ginas de ajuda do seu navegador da Web.<\/p>\n<ul>\n<li>Para o navegador da Web Chrome, visite esta p\u00e1gina do Google:&nbsp;<a href=\"https:\/\/support.google.com\/accounts\/answer\/32050\" target=\"_blank\" rel=\"external nofollow noopener\">https:\/\/support.google.com\/accounts\/answer\/32050<\/a><\/li>\n<li>Para o navegador da Web Internet Explorer, visite esta p\u00e1gina da Microsoft:&nbsp;<a href=\"http:\/\/support.microsoft.com\/kb\/278835\" target=\"_blank\" rel=\"external nofollow noopener\">http:\/\/support.microsoft.com\/kb\/278835<\/a><\/li>\n<li>Para o navegador da Web Firefox, visite esta p\u00e1gina da Mozilla:&nbsp;<a href=\"https:\/\/support.mozilla.org\/en-US\/kb\/delete-cookies-remove-info-websites-stored\" target=\"_blank\" rel=\"external nofollow noopener\">https:\/\/support.mozilla.org\/en-US\/kb\/delete-cookies-remove-info-websites-stored<\/a><\/li>\n<li>Para o navegador Safari, visite esta p\u00e1gina da Apple:&nbsp;<a href=\"https:\/\/support.apple.com\/guide\/safari\/manage-cookies-and-website-data-sfri11471\/mac\" target=\"_blank\" rel=\"external nofollow noopener\">https:\/\/support.apple.com\/guide\/safari\/manage-cookies-and-website-data-sfri11471\/mac<\/a><\/li>\n<\/ul>\n<p>Para qualquer outro navegador da Web, visite as p\u00e1ginas oficiais do seu navegador.<\/p>\n<h4>Entre em contato conosco<\/h4>\n<p>Se o senhor tiver alguma d\u00favida sobre esta Pol\u00edtica de Cookies, pode entrar em contato conosco:<\/p>\n<ul>\n<li>Por e-mail: export.zmde@zmdetech.com<\/li>\n<\/ul>\n\t<\/div>\n<\/div>\n\n\t\t<\/div>\n\t\t\t<\/div>\n<\/div>\t<\/div>\n\t\t<\/div>\n<\/div>","protected":false},"excerpt":{"rendered":"Last updated: June 23, 2025 This Cookies Policy explains what Cookies are and how We use them. You should read this policy so You can understand what type of cookies We use, or the information We collect using Cookies and how that information is used. Cookies do not typically contain any information that personally identifies [...]","protected":false},"author":1,"featured_media":0,"parent":0,"menu_order":0,"comment_status":"closed","ping_status":"open","template":"","meta":{"footnotes":""},"class_list":["post-17902","page","type-page","status-publish","hentry"],"yoast_head":"<!-- This site is optimized with the Yoast SEO Premium plugin v27.1 (Yoast SEO v27.3) - https:\/\/yoast.com\/product\/yoast-seo-premium-wordpress\/ -->\n<title>Cookies Policy - ZMDE Steel Machinery<\/title>\n<meta name=\"robots\" content=\"index, follow, max-snippet:-1, max-image-preview:large, max-video-preview:-1\" \/>\n<link rel=\"canonical\" href=\"https:\/\/www.zmdetech.com\/pt\/politica-de-cookies\/\" \/>\n<meta property=\"og:locale\" content=\"pt_BR\" \/>\n<meta property=\"og:type\" content=\"article\" \/>\n<meta property=\"og:title\" content=\"Cookies Policy\" \/>\n<meta property=\"og:url\" content=\"https:\/\/www.zmdetech.com\/pt\/politica-de-cookies\/\" \/>\n<meta property=\"og:site_name\" content=\"ZMDE Steel Machinery\" \/>\n<meta property=\"article:publisher\" content=\"https:\/\/facebook.com\/zmdemachinery\" \/>\n<meta property=\"article:modified_time\" content=\"2025-06-23T08:41:00+00:00\" \/>\n<meta name=\"twitter:card\" content=\"summary_large_image\" \/>\n<meta name=\"twitter:site\" content=\"@zmdemachinery\" \/>\n<meta name=\"twitter:label1\" content=\"Est. tempo de leitura\" \/>\n\t<meta name=\"twitter:data1\" content=\"3 minutos\" \/>\n<script type=\"application\/ld+json\" class=\"yoast-schema-graph\">{\"@context\":\"https:\\\/\\\/schema.org\",\"@graph\":[{\"@type\":\"WebPage\",\"@id\":\"https:\\\/\\\/www.zmdetech.com\\\/cookies-policy\\\/\",\"url\":\"https:\\\/\\\/www.zmdetech.com\\\/cookies-policy\\\/\",\"name\":\"Cookies Policy - ZMDE Steel Machinery\",\"isPartOf\":{\"@id\":\"https:\\\/\\\/www.zmdetech.com\\\/#website\"},\"datePublished\":\"2025-06-23T08:39:33+00:00\",\"dateModified\":\"2025-06-23T08:41:00+00:00\",\"breadcrumb\":{\"@id\":\"https:\\\/\\\/www.zmdetech.com\\\/cookies-policy\\\/#breadcrumb\"},\"inLanguage\":\"pt-BR\",\"potentialAction\":[{\"@type\":\"ReadAction\",\"target\":[\"https:\\\/\\\/www.zmdetech.com\\\/cookies-policy\\\/\"]}]},{\"@type\":\"BreadcrumbList\",\"@id\":\"https:\\\/\\\/www.zmdetech.com\\\/cookies-policy\\\/#breadcrumb\",\"itemListElement\":[{\"@type\":\"ListItem\",\"position\":1,\"name\":\"Home\",\"item\":\"https:\\\/\\\/www.zmdetech.com\\\/\"},{\"@type\":\"ListItem\",\"position\":2,\"name\":\"Cookies Policy\"}]},{\"@type\":\"WebSite\",\"@id\":\"https:\\\/\\\/www.zmdetech.com\\\/#website\",\"url\":\"https:\\\/\\\/www.zmdetech.com\\\/\",\"name\":\"ZMDE Steel Machinery\",\"description\":\"Make Buildings Manufactured in Factory\",\"publisher\":{\"@id\":\"https:\\\/\\\/www.zmdetech.com\\\/#organization\"},\"potentialAction\":[{\"@type\":\"SearchAction\",\"target\":{\"@type\":\"EntryPoint\",\"urlTemplate\":\"https:\\\/\\\/www.zmdetech.com\\\/?s={search_term_string}\"},\"query-input\":{\"@type\":\"PropertyValueSpecification\",\"valueRequired\":true,\"valueName\":\"search_term_string\"}}],\"inLanguage\":\"pt-BR\"},{\"@type\":\"Organization\",\"@id\":\"https:\\\/\\\/www.zmdetech.com\\\/#organization\",\"name\":\"ZMDE Steel Machinery\",\"url\":\"https:\\\/\\\/www.zmdetech.com\\\/\",\"logo\":{\"@type\":\"ImageObject\",\"inLanguage\":\"pt-BR\",\"@id\":\"https:\\\/\\\/www.zmdetech.com\\\/#\\\/schema\\\/logo\\\/image\\\/\",\"url\":\"https:\\\/\\\/www.zmdetech.com\\\/wp-content\\\/uploads\\\/websitelogo3.webp\",\"contentUrl\":\"https:\\\/\\\/www.zmdetech.com\\\/wp-content\\\/uploads\\\/websitelogo3.webp\",\"width\":200,\"height\":64,\"caption\":\"ZMDE Steel Machinery\"},\"image\":{\"@id\":\"https:\\\/\\\/www.zmdetech.com\\\/#\\\/schema\\\/logo\\\/image\\\/\"},\"sameAs\":[\"https:\\\/\\\/facebook.com\\\/zmdemachinery\",\"https:\\\/\\\/x.com\\\/zmdemachinery\",\"https:\\\/\\\/www.youtube.com\\\/@ZMDE-TECH\",\"https:\\\/\\\/www.linkedin.com\\\/company\\\/zmde-tech\"]}]}<\/script>\n<!-- \/ Yoast SEO Premium plugin. -->","yoast_head_json":{"title":"Pol\u00edtica de Cookies - ZMDE Steel Machinery","robots":{"index":"index","follow":"follow","max-snippet":"max-snippet:-1","max-image-preview":"max-image-preview:large","max-video-preview":"max-video-preview:-1"},"canonical":"https:\/\/www.zmdetech.com\/pt\/politica-de-cookies\/","og_locale":"pt_BR","og_type":"article","og_title":"Cookies Policy","og_url":"https:\/\/www.zmdetech.com\/pt\/politica-de-cookies\/","og_site_name":"ZMDE Steel Machinery","article_publisher":"https:\/\/facebook.com\/zmdemachinery","article_modified_time":"2025-06-23T08:41:00+00:00","twitter_card":"summary_large_image","twitter_site":"@zmdemachinery","twitter_misc":{"Est. tempo de leitura":"3 minutos"},"schema":{"@context":"https:\/\/schema.org","@graph":[{"@type":"WebPage","@id":"https:\/\/www.zmdetech.com\/cookies-policy\/","url":"https:\/\/www.zmdetech.com\/cookies-policy\/","name":"Pol\u00edtica de Cookies - ZMDE Steel Machinery","isPartOf":{"@id":"https:\/\/www.zmdetech.com\/#website"},"datePublished":"2025-06-23T08:39:33+00:00","dateModified":"2025-06-23T08:41:00+00:00","breadcrumb":{"@id":"https:\/\/www.zmdetech.com\/cookies-policy\/#breadcrumb"},"inLanguage":"pt-BR","potentialAction":[{"@type":"ReadAction","target":["https:\/\/www.zmdetech.com\/cookies-policy\/"]}]},{"@type":"BreadcrumbList","@id":"https:\/\/www.zmdetech.com\/cookies-policy\/#breadcrumb","itemListElement":[{"@type":"ListItem","position":1,"name":"Home","item":"https:\/\/www.zmdetech.com\/"},{"@type":"ListItem","position":2,"name":"Cookies Policy"}]},{"@type":"WebSite","@id":"https:\/\/www.zmdetech.com\/#website","url":"https:\/\/www.zmdetech.com\/","name":"ZMDE Steel Machinery","description":"Constru\u00e7\u00f5es fabricadas na f\u00e1brica","publisher":{"@id":"https:\/\/www.zmdetech.com\/#organization"},"potentialAction":[{"@type":"SearchAction","target":{"@type":"EntryPoint","urlTemplate":"https:\/\/www.zmdetech.com\/?s={search_term_string}"},"query-input":{"@type":"PropertyValueSpecification","valueRequired":true,"valueName":"search_term_string"}}],"inLanguage":"pt-BR"},{"@type":"Organization","@id":"https:\/\/www.zmdetech.com\/#organization","name":"ZMDE Steel Machinery","url":"https:\/\/www.zmdetech.com\/","logo":{"@type":"ImageObject","inLanguage":"pt-BR","@id":"https:\/\/www.zmdetech.com\/#\/schema\/logo\/image\/","url":"https:\/\/www.zmdetech.com\/wp-content\/uploads\/websitelogo3.webp","contentUrl":"https:\/\/www.zmdetech.com\/wp-content\/uploads\/websitelogo3.webp","width":200,"height":64,"caption":"ZMDE Steel Machinery"},"image":{"@id":"https:\/\/www.zmdetech.com\/#\/schema\/logo\/image\/"},"sameAs":["https:\/\/facebook.com\/zmdemachinery","https:\/\/x.com\/zmdemachinery","https:\/\/www.youtube.com\/@ZMDE-TECH","https:\/\/www.linkedin.com\/company\/zmde-tech"]}]}},"_links":{"self":[{"href":"https:\/\/www.zmdetech.com\/pt\/wp-json\/wp\/v2\/pages\/17902","targetHints":{"allow":["GET"]}}],"collection":[{"href":"https:\/\/www.zmdetech.com\/pt\/wp-json\/wp\/v2\/pages"}],"about":[{"href":"https:\/\/www.zmdetech.com\/pt\/wp-json\/wp\/v2\/types\/page"}],"author":[{"embeddable":true,"href":"https:\/\/www.zmdetech.com\/pt\/wp-json\/wp\/v2\/users\/1"}],"replies":[{"embeddable":true,"href":"https:\/\/www.zmdetech.com\/pt\/wp-json\/wp\/v2\/comments?post=17902"}],"version-history":[{"count":3,"href":"https:\/\/www.zmdetech.com\/pt\/wp-json\/wp\/v2\/pages\/17902\/revisions"}],"predecessor-version":[{"id":17905,"href":"https:\/\/www.zmdetech.com\/pt\/wp-json\/wp\/v2\/pages\/17902\/revisions\/17905"}],"wp:attachment":[{"href":"https:\/\/www.zmdetech.com\/pt\/wp-json\/wp\/v2\/media?parent=17902"}],"curies":[{"name":"wp","href":"https:\/\/api.w.org\/{rel}","templated":true}]}}