{"id":18079,"date":"2025-07-17T07:43:13","date_gmt":"2025-07-17T07:43:13","guid":{"rendered":"https:\/\/www.zmdetech.com\/?post_type=product&#038;p=18079"},"modified":"2025-10-11T00:53:07","modified_gmt":"2025-10-11T00:53:07","slug":"maquina-de-endireitamento-de-solda-de-montagem-zmde-tudo-em-um-hbim-18a","status":"publish","type":"product","link":"https:\/\/www.zmdetech.com\/pt\/product\/maquina-de-endireitamento-de-solda-de-montagem-zmde-tudo-em-um-hbim-18a\/","title":{"rendered":"M\u00e1quina multifuncional de endireitamento e solda de montagem ZMDE HBIM-18A"},"content":{"rendered":"<p><img fetchpriority=\"high\" decoding=\"async\" width=\"1000\" height=\"1507\" class=\"aligncenter size-medium wp-image-18114\" src=\"https:\/\/www.zmdetech.com\/wp-content\/uploads\/all-in-one-machine-detail-1.webp\" alt=\"tudo-em-uma-m\u00e1quina-detalhe-1\" \/><br \/>\n<img decoding=\"async\" width=\"1000\" height=\"574\" class=\"aligncenter size-medium wp-image-18108\" src=\"https:\/\/www.zmdetech.com\/wp-content\/uploads\/all-in-one-machine-detail-2.webp\" alt=\"tudo-em-uma-m\u00e1quina-detalhe-2\" \/><br \/>\n<img decoding=\"async\" class=\"aligncenter size-medium wp-image-18142\" src=\"https:\/\/www.zmdetech.com\/wp-content\/uploads\/all-in-one-machine-parameter.webp\" alt=\"Par\u00e2metro de m\u00e1quina \u00fanica\" width=\"1000\" \/><br \/>\n<img decoding=\"async\" width=\"1000\" height=\"1367\" class=\"aligncenter size-medium wp-image-18109\" src=\"https:\/\/www.zmdetech.com\/wp-content\/uploads\/all-in-one-machine-detail-4.webp\" alt=\"tudo-em-uma-m\u00e1quina-detalhe-4\" \/><br \/>\n<img loading=\"lazy\" decoding=\"async\" width=\"1000\" height=\"1369\" class=\"aligncenter size-medium wp-image-18110\" src=\"https:\/\/www.zmdetech.com\/wp-content\/uploads\/all-in-one-machine-detail-5.webp\" alt=\"tudo-em-uma-m\u00e1quina-detalhe-5\" \/><br \/>\n<img loading=\"lazy\" decoding=\"async\" width=\"1000\" height=\"1373\" class=\"aligncenter size-medium wp-image-18111\" src=\"https:\/\/www.zmdetech.com\/wp-content\/uploads\/all-in-one-machine-detail-6.webp\" alt=\"tudo-em-uma-m\u00e1quina-detalhe-6\" \/><br \/>\n<img loading=\"lazy\" decoding=\"async\" width=\"1000\" height=\"1370\" class=\"aligncenter size-medium wp-image-18112\" src=\"https:\/\/www.zmdetech.com\/wp-content\/uploads\/all-in-one-machine-detail-7.webp\" alt=\"tudo-em-uma-m\u00e1quina-detalhe-7\" \/><br \/>\n<img loading=\"lazy\" decoding=\"async\" width=\"1000\" height=\"1455\" class=\"aligncenter size-medium wp-image-18134\" src=\"https:\/\/www.zmdetech.com\/wp-content\/uploads\/all-in-one-machine-detail-8.webp\" alt=\"tudo-em-uma-m\u00e1quina-detalhe-8\" \/><\/p>","protected":false},"excerpt":{"rendered":"<p>A m\u00e1quina de endireitamento de solda de montagem inteligente ZMDE tudo em um ou chamada de m\u00e1quina 3 em 1 com altura de banda de at\u00e9 1800 mm e espessura de flange de at\u00e9 40 mm.<\/p>","protected":false},"featured_media":18083,"template":"","meta":[],"product_brand":[109],"product_cat":[110],"product_tag":[112,111,113,223,224,117,116,115,114,123],"class_list":{"0":"post-18079","1":"product","2":"type-product","3":"status-publish","4":"has-post-thumbnail","6":"product_brand-zmde","7":"product_cat-all-in-one-machine","8":"product_tag-3-in-1","9":"product_tag-all-in-one","10":"product_tag-assembly","11":"product_tag-peb","12":"product_tag-pre-engineered-building","13":"product_tag-steel-fabrication","14":"product_tag-steel-structure","15":"product_tag-straightening","16":"product_tag-welding","17":"product_tag-zmde","19":"first","20":"instock","21":"shipping-taxable","22":"product-type-simple"},"yoast_head":"<!-- This site is optimized with the Yoast SEO Premium plugin v27.1 (Yoast SEO v27.3) - https:\/\/yoast.com\/product\/yoast-seo-premium-wordpress\/ -->\n<title>ZMDE Assembly Welding Straightening all-in-one Machine HBIM-18A - ZMDE Steel Machinery<\/title>\n<meta name=\"description\" content=\"ZMDE intelligent assembly welding straightening all-in-one or called 3-in-1 machine with web height up to 1800mm, flange thickness up to 40mm.\" \/>\n<meta name=\"robots\" content=\"index, follow, max-snippet:-1, max-image-preview:large, max-video-preview:-1\" \/>\n<link rel=\"canonical\" href=\"https:\/\/www.zmdetech.com\/pt\/product\/maquina-de-endireitamento-de-solda-de-montagem-zmde-tudo-em-um-hbim-18a\/\" \/>\n<meta property=\"og:locale\" content=\"pt_BR\" \/>\n<meta property=\"og:type\" content=\"article\" \/>\n<meta property=\"og:title\" content=\"ZMDE Assembly Welding Straightening all-in-one Machine HBIM-18A\" \/>\n<meta property=\"og:description\" content=\"ZMDE intelligent assembly welding straightening all-in-one or called 3-in-1 machine with web height up to 1800mm, flange thickness up to 40mm.\" \/>\n<meta property=\"og:url\" content=\"https:\/\/www.zmdetech.com\/pt\/product\/maquina-de-endireitamento-de-solda-de-montagem-zmde-tudo-em-um-hbim-18a\/\" \/>\n<meta property=\"og:site_name\" content=\"ZMDE Steel Machinery\" \/>\n<meta property=\"article:publisher\" content=\"https:\/\/facebook.com\/zmdemachinery\" \/>\n<meta property=\"article:modified_time\" content=\"2025-10-11T00:53:07+00:00\" \/>\n<meta property=\"og:image\" content=\"https:\/\/www.zmdetech.com\/wp-content\/uploads\/ZMDE-all-in-one-18-CY-1.webp\" \/>\n\t<meta property=\"og:image:width\" content=\"1000\" \/>\n\t<meta property=\"og:image:height\" content=\"1000\" \/>\n\t<meta property=\"og:image:type\" content=\"image\/webp\" \/>\n<meta name=\"twitter:card\" content=\"summary_large_image\" \/>\n<meta name=\"twitter:site\" content=\"@zmdemachinery\" \/>\n<meta name=\"twitter:label1\" content=\"Pre\u00e7o\" \/>\n\t<meta name=\"twitter:data1\" content=\"\" \/>\n\t<meta name=\"twitter:label2\" content=\"Disponibilidade\" \/>\n\t<meta name=\"twitter:data2\" content=\"Em Estoque\" \/>\n<script type=\"application\/ld+json\" class=\"yoast-schema-graph\">{\"@context\":\"https:\\\/\\\/schema.org\",\"@graph\":[{\"@type\":\"WebPage\",\"@id\":\"https:\\\/\\\/www.zmdetech.com\\\/product\\\/zmde-assembly-welding-straightening-all-in-one-machine-hbim-18a\\\/\",\"url\":\"https:\\\/\\\/www.zmdetech.com\\\/product\\\/zmde-assembly-welding-straightening-all-in-one-machine-hbim-18a\\\/\",\"name\":\"ZMDE Assembly Welding Straightening all-in-one Machine HBIM-18A - ZMDE Steel Machinery\",\"isPartOf\":{\"@id\":\"https:\\\/\\\/www.zmdetech.com\\\/#website\"},\"primaryImageOfPage\":{\"@id\":\"https:\\\/\\\/www.zmdetech.com\\\/product\\\/zmde-assembly-welding-straightening-all-in-one-machine-hbim-18a\\\/#primaryimage\"},\"image\":{\"@id\":\"https:\\\/\\\/www.zmdetech.com\\\/product\\\/zmde-assembly-welding-straightening-all-in-one-machine-hbim-18a\\\/#primaryimage\"},\"thumbnailUrl\":\"https:\\\/\\\/www.zmdetech.com\\\/wp-content\\\/uploads\\\/ZMDE-all-in-one-18-CY-1.webp\",\"datePublished\":\"2025-07-17T07:43:13+00:00\",\"dateModified\":\"2025-10-11T00:53:07+00:00\",\"description\":\"ZMDE intelligent assembly welding straightening all-in-one or called 3-in-1 machine with web height up to 1800mm, flange thickness up to 40mm.\",\"breadcrumb\":{\"@id\":\"https:\\\/\\\/www.zmdetech.com\\\/product\\\/zmde-assembly-welding-straightening-all-in-one-machine-hbim-18a\\\/#breadcrumb\"},\"inLanguage\":\"pt-BR\",\"potentialAction\":[{\"@type\":\"ReadAction\",\"target\":[\"https:\\\/\\\/www.zmdetech.com\\\/product\\\/zmde-assembly-welding-straightening-all-in-one-machine-hbim-18a\\\/\"]}]},{\"@type\":\"ImageObject\",\"inLanguage\":\"pt-BR\",\"@id\":\"https:\\\/\\\/www.zmdetech.com\\\/product\\\/zmde-assembly-welding-straightening-all-in-one-machine-hbim-18a\\\/#primaryimage\",\"url\":\"https:\\\/\\\/www.zmdetech.com\\\/wp-content\\\/uploads\\\/ZMDE-all-in-one-18-CY-1.webp\",\"contentUrl\":\"https:\\\/\\\/www.zmdetech.com\\\/wp-content\\\/uploads\\\/ZMDE-all-in-one-18-CY-1.webp\",\"width\":1000,\"height\":1000},{\"@type\":\"BreadcrumbList\",\"@id\":\"https:\\\/\\\/www.zmdetech.com\\\/product\\\/zmde-assembly-welding-straightening-all-in-one-machine-hbim-18a\\\/#breadcrumb\",\"itemListElement\":[{\"@type\":\"ListItem\",\"position\":1,\"name\":\"Home\",\"item\":\"https:\\\/\\\/www.zmdetech.com\\\/\"},{\"@type\":\"ListItem\",\"position\":2,\"name\":\"Shop\",\"item\":\"https:\\\/\\\/www.zmdetech.com\\\/shop\\\/\"},{\"@type\":\"ListItem\",\"position\":3,\"name\":\"ZMDE Assembly Welding Straightening all-in-one Machine HBIM-18A\"}]},{\"@type\":\"WebSite\",\"@id\":\"https:\\\/\\\/www.zmdetech.com\\\/#website\",\"url\":\"https:\\\/\\\/www.zmdetech.com\\\/\",\"name\":\"ZMDE Steel Machinery\",\"description\":\"Make Buildings Manufactured in Factory\",\"publisher\":{\"@id\":\"https:\\\/\\\/www.zmdetech.com\\\/#organization\"},\"potentialAction\":[{\"@type\":\"SearchAction\",\"target\":{\"@type\":\"EntryPoint\",\"urlTemplate\":\"https:\\\/\\\/www.zmdetech.com\\\/?s={search_term_string}\"},\"query-input\":{\"@type\":\"PropertyValueSpecification\",\"valueRequired\":true,\"valueName\":\"search_term_string\"}}],\"inLanguage\":\"pt-BR\"},{\"@type\":\"Organization\",\"@id\":\"https:\\\/\\\/www.zmdetech.com\\\/#organization\",\"name\":\"ZMDE Steel Machinery\",\"url\":\"https:\\\/\\\/www.zmdetech.com\\\/\",\"logo\":{\"@type\":\"ImageObject\",\"inLanguage\":\"pt-BR\",\"@id\":\"https:\\\/\\\/www.zmdetech.com\\\/#\\\/schema\\\/logo\\\/image\\\/\",\"url\":\"https:\\\/\\\/www.zmdetech.com\\\/wp-content\\\/uploads\\\/websitelogo3.webp\",\"contentUrl\":\"https:\\\/\\\/www.zmdetech.com\\\/wp-content\\\/uploads\\\/websitelogo3.webp\",\"width\":200,\"height\":64,\"caption\":\"ZMDE Steel Machinery\"},\"image\":{\"@id\":\"https:\\\/\\\/www.zmdetech.com\\\/#\\\/schema\\\/logo\\\/image\\\/\"},\"sameAs\":[\"https:\\\/\\\/facebook.com\\\/zmdemachinery\",\"https:\\\/\\\/x.com\\\/zmdemachinery\",\"https:\\\/\\\/www.youtube.com\\\/@ZMDE-TECH\",\"https:\\\/\\\/www.linkedin.com\\\/company\\\/zmde-tech\"]}]}<\/script>\n<meta property=\"product:price:currency\" content=\"CNY\" \/>\n<meta property=\"og:availability\" content=\"instock\" \/>\n<meta property=\"product:availability\" content=\"instock\" \/>\n<meta property=\"product:retailer_item_id\" content=\"ZMDE-HBIM-18A\" \/>\n<meta property=\"product:condition\" content=\"new\" \/>\n<!-- \/ Yoast SEO Premium plugin. -->","yoast_head_json":{"title":"M\u00e1quina multifuncional de endireitamento e solda de montagem ZMDE HBIM-18A - ZMDE Steel Machinery","description":"A m\u00e1quina de endireitamento de solda de montagem inteligente ZMDE tudo em um ou chamada de m\u00e1quina 3 em 1 com altura de banda de at\u00e9 1800 mm e espessura de flange de at\u00e9 40 mm.","robots":{"index":"index","follow":"follow","max-snippet":"max-snippet:-1","max-image-preview":"max-image-preview:large","max-video-preview":"max-video-preview:-1"},"canonical":"https:\/\/www.zmdetech.com\/pt\/product\/maquina-de-endireitamento-de-solda-de-montagem-zmde-tudo-em-um-hbim-18a\/","og_locale":"pt_BR","og_type":"article","og_title":"ZMDE Assembly Welding Straightening all-in-one Machine HBIM-18A","og_description":"ZMDE intelligent assembly welding straightening all-in-one or called 3-in-1 machine with web height up to 1800mm, flange thickness up to 40mm.","og_url":"https:\/\/www.zmdetech.com\/pt\/product\/maquina-de-endireitamento-de-solda-de-montagem-zmde-tudo-em-um-hbim-18a\/","og_site_name":"ZMDE Steel Machinery","article_publisher":"https:\/\/facebook.com\/zmdemachinery","article_modified_time":"2025-10-11T00:53:07+00:00","og_image":[{"width":1000,"height":1000,"url":"https:\/\/www.zmdetech.com\/wp-content\/uploads\/ZMDE-all-in-one-18-CY-1.webp","type":"image\/webp"}],"twitter_card":"summary_large_image","twitter_site":"@zmdemachinery","twitter_misc":{"Pre\u00e7o":"","Disponibilidade":"Em Estoque"},"schema":{"@context":"https:\/\/schema.org","@graph":[{"@type":"WebPage","@id":"https:\/\/www.zmdetech.com\/product\/zmde-assembly-welding-straightening-all-in-one-machine-hbim-18a\/","url":"https:\/\/www.zmdetech.com\/product\/zmde-assembly-welding-straightening-all-in-one-machine-hbim-18a\/","name":"M\u00e1quina multifuncional de endireitamento e solda de montagem ZMDE HBIM-18A - ZMDE Steel Machinery","isPartOf":{"@id":"https:\/\/www.zmdetech.com\/#website"},"primaryImageOfPage":{"@id":"https:\/\/www.zmdetech.com\/product\/zmde-assembly-welding-straightening-all-in-one-machine-hbim-18a\/#primaryimage"},"image":{"@id":"https:\/\/www.zmdetech.com\/product\/zmde-assembly-welding-straightening-all-in-one-machine-hbim-18a\/#primaryimage"},"thumbnailUrl":"https:\/\/www.zmdetech.com\/wp-content\/uploads\/ZMDE-all-in-one-18-CY-1.webp","datePublished":"2025-07-17T07:43:13+00:00","dateModified":"2025-10-11T00:53:07+00:00","description":"A m\u00e1quina de endireitamento de solda de montagem inteligente ZMDE tudo em um ou chamada de m\u00e1quina 3 em 1 com altura de banda de at\u00e9 1800 mm e espessura de flange de at\u00e9 40 mm.","breadcrumb":{"@id":"https:\/\/www.zmdetech.com\/product\/zmde-assembly-welding-straightening-all-in-one-machine-hbim-18a\/#breadcrumb"},"inLanguage":"pt-BR","potentialAction":[{"@type":"ReadAction","target":["https:\/\/www.zmdetech.com\/product\/zmde-assembly-welding-straightening-all-in-one-machine-hbim-18a\/"]}]},{"@type":"ImageObject","inLanguage":"pt-BR","@id":"https:\/\/www.zmdetech.com\/product\/zmde-assembly-welding-straightening-all-in-one-machine-hbim-18a\/#primaryimage","url":"https:\/\/www.zmdetech.com\/wp-content\/uploads\/ZMDE-all-in-one-18-CY-1.webp","contentUrl":"https:\/\/www.zmdetech.com\/wp-content\/uploads\/ZMDE-all-in-one-18-CY-1.webp","width":1000,"height":1000},{"@type":"BreadcrumbList","@id":"https:\/\/www.zmdetech.com\/product\/zmde-assembly-welding-straightening-all-in-one-machine-hbim-18a\/#breadcrumb","itemListElement":[{"@type":"ListItem","position":1,"name":"Home","item":"https:\/\/www.zmdetech.com\/"},{"@type":"ListItem","position":2,"name":"Shop","item":"https:\/\/www.zmdetech.com\/shop\/"},{"@type":"ListItem","position":3,"name":"ZMDE Assembly Welding Straightening all-in-one Machine HBIM-18A"}]},{"@type":"WebSite","@id":"https:\/\/www.zmdetech.com\/#website","url":"https:\/\/www.zmdetech.com\/","name":"ZMDE Steel Machinery","description":"Constru\u00e7\u00f5es fabricadas na f\u00e1brica","publisher":{"@id":"https:\/\/www.zmdetech.com\/#organization"},"potentialAction":[{"@type":"SearchAction","target":{"@type":"EntryPoint","urlTemplate":"https:\/\/www.zmdetech.com\/?s={search_term_string}"},"query-input":{"@type":"PropertyValueSpecification","valueRequired":true,"valueName":"search_term_string"}}],"inLanguage":"pt-BR"},{"@type":"Organization","@id":"https:\/\/www.zmdetech.com\/#organization","name":"ZMDE Steel Machinery","url":"https:\/\/www.zmdetech.com\/","logo":{"@type":"ImageObject","inLanguage":"pt-BR","@id":"https:\/\/www.zmdetech.com\/#\/schema\/logo\/image\/","url":"https:\/\/www.zmdetech.com\/wp-content\/uploads\/websitelogo3.webp","contentUrl":"https:\/\/www.zmdetech.com\/wp-content\/uploads\/websitelogo3.webp","width":200,"height":64,"caption":"ZMDE Steel Machinery"},"image":{"@id":"https:\/\/www.zmdetech.com\/#\/schema\/logo\/image\/"},"sameAs":["https:\/\/facebook.com\/zmdemachinery","https:\/\/x.com\/zmdemachinery","https:\/\/www.youtube.com\/@ZMDE-TECH","https:\/\/www.linkedin.com\/company\/zmde-tech"]}]},"product_price_currency":"CNY","og_availability":"instock","product_availability":"instock","product_retailer_item_id":"ZMDE-HBIM-18A","product_condition":"new"},"_links":{"self":[{"href":"https:\/\/www.zmdetech.com\/pt\/wp-json\/wp\/v2\/product\/18079","targetHints":{"allow":["GET"]}}],"collection":[{"href":"https:\/\/www.zmdetech.com\/pt\/wp-json\/wp\/v2\/product"}],"about":[{"href":"https:\/\/www.zmdetech.com\/pt\/wp-json\/wp\/v2\/types\/product"}],"wp:featuredmedia":[{"embeddable":true,"href":"https:\/\/www.zmdetech.com\/pt\/wp-json\/wp\/v2\/media\/18083"}],"wp:attachment":[{"href":"https:\/\/www.zmdetech.com\/pt\/wp-json\/wp\/v2\/media?parent=18079"}],"wp:term":[{"taxonomy":"product_brand","embeddable":true,"href":"https:\/\/www.zmdetech.com\/pt\/wp-json\/wp\/v2\/product_brand?post=18079"},{"taxonomy":"product_cat","embeddable":true,"href":"https:\/\/www.zmdetech.com\/pt\/wp-json\/wp\/v2\/product_cat?post=18079"},{"taxonomy":"product_tag","embeddable":true,"href":"https:\/\/www.zmdetech.com\/pt\/wp-json\/wp\/v2\/product_tag?post=18079"}],"curies":[{"name":"wp","href":"https:\/\/api.w.org\/{rel}","templated":true}]}}