{"id":18687,"date":"2025-09-24T06:58:37","date_gmt":"2025-09-24T06:58:37","guid":{"rendered":"https:\/\/www.zmdetech.com\/?post_type=product&#038;p=18687"},"modified":"2025-10-11T00:52:40","modified_gmt":"2025-10-11T00:52:40","slug":"zmde-steel-h-t-i-beam-fabrication-ternary-rotary-wheel-vocs-polution-treatment-purification-machine-trvt-trvt-200k-co","status":"publish","type":"product","link":"https:\/\/www.zmdetech.com\/pt\/product\/zmde-steel-h-t-i-beam-fabrication-ternary-rotary-wheel-vocs-polution-treatment-purification-machine-trvt-trvt-200k-co\/","title":{"rendered":"ZMDE Steel H T I Beam Fabrication Ternary Rotary Wheel VOCs Polution Treatment Purification Machine TRVT-200K-CO"},"content":{"rendered":"<p><img fetchpriority=\"high\" decoding=\"async\" width=\"1000\" height=\"1552\" class=\"aligncenter size-medium wp-image-18442\" src=\"https:\/\/www.zmdetech.com\/wp-content\/uploads\/Ternary-Rotary-Wheel-Polution-Treatment-Machine-detail-1.webp\" alt=\"Ternary-Rotary-Wheel-Polution-Treatment-Machine-detail-1\" \/><\/p>","protected":false},"excerpt":{"rendered":"<p>A m\u00e1quina de purifica\u00e7\u00e3o de tratamento de polui\u00e7\u00e3o com roda girat\u00f3ria tern\u00e1ria para fabrica\u00e7\u00e3o de vigas H\/T I de a\u00e7o ZMDE \u00e9 usada para tratamento de polui\u00e7\u00e3o durante o processo de fabrica\u00e7\u00e3o de vigas H\/T.<\/p>","protected":false},"featured_media":18444,"template":"","meta":[],"product_brand":[109],"product_cat":[15],"product_tag":[172,173,131,133,223,171,224,117,116,132,176,123],"class_list":{"0":"post-18687","1":"product","2":"type-product","3":"status-publish","4":"has-post-thumbnail","6":"product_brand-zmde","7":"product_cat-other","8":"product_tag-air-purification","9":"product_tag-air-purification-machine","10":"product_tag-h-beam","11":"product_tag-i-beam","12":"product_tag-peb","13":"product_tag-polution-treatment","14":"product_tag-pre-engineered-building","15":"product_tag-steel-fabrication","16":"product_tag-steel-structure","17":"product_tag-t-beam","18":"product_tag-ternary-rotary-wheel","19":"product_tag-zmde","21":"first","22":"instock","23":"shipping-taxable","24":"product-type-simple"},"yoast_head":"<!-- This site is optimized with the Yoast SEO Premium plugin v27.1 (Yoast SEO v27.5) - https:\/\/yoast.com\/product\/yoast-seo-premium-wordpress\/ -->\n<title>ZMDE Steel H T I Beam Fabrication Ternary Rotary Wheel VOCs Polution Treatment Purification Machine TRVT-200K-CO - ZMDE Steel Machinery<\/title>\n<meta name=\"description\" content=\"Explore the 200k m\u00b3 cutting-edge H Beam T Beam Pollution Treatment Purification Ternary Rotary Wheel for effective environmental solutions. Invest in cleaner air!\" \/>\n<meta name=\"robots\" content=\"index, follow, max-snippet:-1, max-image-preview:large, max-video-preview:-1\" \/>\n<link rel=\"canonical\" href=\"https:\/\/www.zmdetech.com\/pt\/product\/zmde-steel-h-t-i-beam-fabrication-ternary-rotary-wheel-vocs-polution-treatment-purification-machine-trvt-trvt-200k-co\/\" \/>\n<meta property=\"og:locale\" content=\"pt_BR\" \/>\n<meta property=\"og:type\" content=\"article\" \/>\n<meta property=\"og:title\" content=\"ZMDE Steel H T I Beam Fabrication Ternary Rotary Wheel VOCs Polution Treatment Purification Machine TRVT-200K-CO\" \/>\n<meta property=\"og:description\" content=\"Explore the 200k m\u00b3 cutting-edge H Beam T Beam Pollution Treatment Purification Ternary Rotary Wheel for effective environmental solutions. Invest in cleaner air!\" \/>\n<meta property=\"og:url\" content=\"https:\/\/www.zmdetech.com\/pt\/product\/zmde-steel-h-t-i-beam-fabrication-ternary-rotary-wheel-vocs-polution-treatment-purification-machine-trvt-trvt-200k-co\/\" \/>\n<meta property=\"og:site_name\" content=\"ZMDE Steel Machinery\" \/>\n<meta property=\"article:publisher\" content=\"https:\/\/facebook.com\/zmdemachinery\" \/>\n<meta property=\"article:modified_time\" content=\"2025-10-11T00:52:40+00:00\" \/>\n<meta property=\"og:image\" content=\"https:\/\/www.zmdetech.com\/wp-content\/uploads\/Ternary-Rotary-Wheel-Polution-Treatment-Machine-main-7.webp\" \/>\n\t<meta property=\"og:image:width\" content=\"1000\" \/>\n\t<meta property=\"og:image:height\" content=\"1000\" \/>\n\t<meta property=\"og:image:type\" content=\"image\/webp\" \/>\n<meta name=\"twitter:card\" content=\"summary_large_image\" \/>\n<meta name=\"twitter:site\" content=\"@zmdemachinery\" \/>\n<meta name=\"twitter:label1\" content=\"Pre\u00e7o\" \/>\n\t<meta name=\"twitter:data1\" content=\"\" \/>\n\t<meta name=\"twitter:label2\" content=\"Disponibilidade\" \/>\n\t<meta name=\"twitter:data2\" content=\"Em Estoque\" \/>\n<script type=\"application\/ld+json\" class=\"yoast-schema-graph\">{\"@context\":\"https:\\\/\\\/schema.org\",\"@graph\":[{\"@type\":\"WebPage\",\"@id\":\"https:\\\/\\\/www.zmdetech.com\\\/product\\\/zmde-steel-h-t-i-beam-fabrication-ternary-rotary-wheel-vocs-polution-treatment-purification-machine-trvt-trvt-200k-co\\\/\",\"url\":\"https:\\\/\\\/www.zmdetech.com\\\/product\\\/zmde-steel-h-t-i-beam-fabrication-ternary-rotary-wheel-vocs-polution-treatment-purification-machine-trvt-trvt-200k-co\\\/\",\"name\":\"ZMDE Steel H T I Beam Fabrication Ternary Rotary Wheel VOCs Polution Treatment Purification Machine TRVT-200K-CO - ZMDE Steel Machinery\",\"isPartOf\":{\"@id\":\"https:\\\/\\\/www.zmdetech.com\\\/#website\"},\"primaryImageOfPage\":{\"@id\":\"https:\\\/\\\/www.zmdetech.com\\\/product\\\/zmde-steel-h-t-i-beam-fabrication-ternary-rotary-wheel-vocs-polution-treatment-purification-machine-trvt-trvt-200k-co\\\/#primaryimage\"},\"image\":{\"@id\":\"https:\\\/\\\/www.zmdetech.com\\\/product\\\/zmde-steel-h-t-i-beam-fabrication-ternary-rotary-wheel-vocs-polution-treatment-purification-machine-trvt-trvt-200k-co\\\/#primaryimage\"},\"thumbnailUrl\":\"https:\\\/\\\/www.zmdetech.com\\\/wp-content\\\/uploads\\\/Ternary-Rotary-Wheel-Polution-Treatment-Machine-main-7.webp\",\"datePublished\":\"2025-09-24T06:58:37+00:00\",\"dateModified\":\"2025-10-11T00:52:40+00:00\",\"description\":\"Explore the 200k m\u00b3 cutting-edge H Beam T Beam Pollution Treatment Purification Ternary Rotary Wheel for effective environmental solutions. Invest in cleaner air!\",\"breadcrumb\":{\"@id\":\"https:\\\/\\\/www.zmdetech.com\\\/product\\\/zmde-steel-h-t-i-beam-fabrication-ternary-rotary-wheel-vocs-polution-treatment-purification-machine-trvt-trvt-200k-co\\\/#breadcrumb\"},\"inLanguage\":\"pt-BR\",\"potentialAction\":[{\"@type\":\"ReadAction\",\"target\":[\"https:\\\/\\\/www.zmdetech.com\\\/product\\\/zmde-steel-h-t-i-beam-fabrication-ternary-rotary-wheel-vocs-polution-treatment-purification-machine-trvt-trvt-200k-co\\\/\"]}]},{\"@type\":\"ImageObject\",\"inLanguage\":\"pt-BR\",\"@id\":\"https:\\\/\\\/www.zmdetech.com\\\/product\\\/zmde-steel-h-t-i-beam-fabrication-ternary-rotary-wheel-vocs-polution-treatment-purification-machine-trvt-trvt-200k-co\\\/#primaryimage\",\"url\":\"https:\\\/\\\/www.zmdetech.com\\\/wp-content\\\/uploads\\\/Ternary-Rotary-Wheel-Polution-Treatment-Machine-main-7.webp\",\"contentUrl\":\"https:\\\/\\\/www.zmdetech.com\\\/wp-content\\\/uploads\\\/Ternary-Rotary-Wheel-Polution-Treatment-Machine-main-7.webp\",\"width\":1000,\"height\":1000},{\"@type\":\"BreadcrumbList\",\"@id\":\"https:\\\/\\\/www.zmdetech.com\\\/product\\\/zmde-steel-h-t-i-beam-fabrication-ternary-rotary-wheel-vocs-polution-treatment-purification-machine-trvt-trvt-200k-co\\\/#breadcrumb\",\"itemListElement\":[{\"@type\":\"ListItem\",\"position\":1,\"name\":\"Home\",\"item\":\"https:\\\/\\\/www.zmdetech.com\\\/\"},{\"@type\":\"ListItem\",\"position\":2,\"name\":\"Shop\",\"item\":\"https:\\\/\\\/www.zmdetech.com\\\/shop\\\/\"},{\"@type\":\"ListItem\",\"position\":3,\"name\":\"ZMDE Steel H T I Beam Fabrication Ternary Rotary Wheel VOCs Polution Treatment Purification Machine TRVT-200K-CO\"}]},{\"@type\":\"WebSite\",\"@id\":\"https:\\\/\\\/www.zmdetech.com\\\/#website\",\"url\":\"https:\\\/\\\/www.zmdetech.com\\\/\",\"name\":\"ZMDE Steel Machinery\",\"description\":\"Make Buildings Manufactured in Factory\",\"publisher\":{\"@id\":\"https:\\\/\\\/www.zmdetech.com\\\/#organization\"},\"potentialAction\":[{\"@type\":\"SearchAction\",\"target\":{\"@type\":\"EntryPoint\",\"urlTemplate\":\"https:\\\/\\\/www.zmdetech.com\\\/?s={search_term_string}\"},\"query-input\":{\"@type\":\"PropertyValueSpecification\",\"valueRequired\":true,\"valueName\":\"search_term_string\"}}],\"inLanguage\":\"pt-BR\"},{\"@type\":\"Organization\",\"@id\":\"https:\\\/\\\/www.zmdetech.com\\\/#organization\",\"name\":\"ZMDE Steel Machinery\",\"url\":\"https:\\\/\\\/www.zmdetech.com\\\/\",\"logo\":{\"@type\":\"ImageObject\",\"inLanguage\":\"pt-BR\",\"@id\":\"https:\\\/\\\/www.zmdetech.com\\\/#\\\/schema\\\/logo\\\/image\\\/\",\"url\":\"https:\\\/\\\/www.zmdetech.com\\\/wp-content\\\/uploads\\\/websitelogo3.webp\",\"contentUrl\":\"https:\\\/\\\/www.zmdetech.com\\\/wp-content\\\/uploads\\\/websitelogo3.webp\",\"width\":200,\"height\":64,\"caption\":\"ZMDE Steel Machinery\"},\"image\":{\"@id\":\"https:\\\/\\\/www.zmdetech.com\\\/#\\\/schema\\\/logo\\\/image\\\/\"},\"sameAs\":[\"https:\\\/\\\/facebook.com\\\/zmdemachinery\",\"https:\\\/\\\/x.com\\\/zmdemachinery\",\"https:\\\/\\\/www.youtube.com\\\/@ZMDE-TECH\",\"https:\\\/\\\/www.linkedin.com\\\/company\\\/zmde-tech\"]}]}<\/script>\n<meta property=\"product:price:currency\" content=\"CNY\" \/>\n<meta property=\"og:availability\" content=\"instock\" \/>\n<meta property=\"product:availability\" content=\"instock\" \/>\n<meta property=\"product:retailer_item_id\" content=\"ZMDE-TRVT-200K-CO\" \/>\n<meta property=\"product:condition\" content=\"new\" \/>\n<!-- \/ Yoast SEO Premium plugin. -->","yoast_head_json":{"title":"ZMDE Steel H T I Beam Fabrication Ternary Rotary Wheel VOCs Polution Treatment Purification Machine TRVT-200K-CO - ZMDE Steel Machinery","description":"Explore a inovadora roda rotativa tern\u00e1ria de tratamento de polui\u00e7\u00e3o com feixe H e feixe T de 200k m\u00b3 para solu\u00e7\u00f5es ambientais eficazes. Invista em um ar mais limpo!","robots":{"index":"index","follow":"follow","max-snippet":"max-snippet:-1","max-image-preview":"max-image-preview:large","max-video-preview":"max-video-preview:-1"},"canonical":"https:\/\/www.zmdetech.com\/pt\/product\/zmde-steel-h-t-i-beam-fabrication-ternary-rotary-wheel-vocs-polution-treatment-purification-machine-trvt-trvt-200k-co\/","og_locale":"pt_BR","og_type":"article","og_title":"ZMDE Steel H T I Beam Fabrication Ternary Rotary Wheel VOCs Polution Treatment Purification Machine TRVT-200K-CO","og_description":"Explore the 200k m\u00b3 cutting-edge H Beam T Beam Pollution Treatment Purification Ternary Rotary Wheel for effective environmental solutions. Invest in cleaner air!","og_url":"https:\/\/www.zmdetech.com\/pt\/product\/zmde-steel-h-t-i-beam-fabrication-ternary-rotary-wheel-vocs-polution-treatment-purification-machine-trvt-trvt-200k-co\/","og_site_name":"ZMDE Steel Machinery","article_publisher":"https:\/\/facebook.com\/zmdemachinery","article_modified_time":"2025-10-11T00:52:40+00:00","og_image":[{"width":1000,"height":1000,"url":"https:\/\/www.zmdetech.com\/wp-content\/uploads\/Ternary-Rotary-Wheel-Polution-Treatment-Machine-main-7.webp","type":"image\/webp"}],"twitter_card":"summary_large_image","twitter_site":"@zmdemachinery","twitter_misc":{"Pre\u00e7o":"","Disponibilidade":"Em Estoque"},"schema":{"@context":"https:\/\/schema.org","@graph":[{"@type":"WebPage","@id":"https:\/\/www.zmdetech.com\/product\/zmde-steel-h-t-i-beam-fabrication-ternary-rotary-wheel-vocs-polution-treatment-purification-machine-trvt-trvt-200k-co\/","url":"https:\/\/www.zmdetech.com\/product\/zmde-steel-h-t-i-beam-fabrication-ternary-rotary-wheel-vocs-polution-treatment-purification-machine-trvt-trvt-200k-co\/","name":"ZMDE Steel H T I Beam Fabrication Ternary Rotary Wheel VOCs Polution Treatment Purification Machine TRVT-200K-CO - ZMDE Steel Machinery","isPartOf":{"@id":"https:\/\/www.zmdetech.com\/#website"},"primaryImageOfPage":{"@id":"https:\/\/www.zmdetech.com\/product\/zmde-steel-h-t-i-beam-fabrication-ternary-rotary-wheel-vocs-polution-treatment-purification-machine-trvt-trvt-200k-co\/#primaryimage"},"image":{"@id":"https:\/\/www.zmdetech.com\/product\/zmde-steel-h-t-i-beam-fabrication-ternary-rotary-wheel-vocs-polution-treatment-purification-machine-trvt-trvt-200k-co\/#primaryimage"},"thumbnailUrl":"https:\/\/www.zmdetech.com\/wp-content\/uploads\/Ternary-Rotary-Wheel-Polution-Treatment-Machine-main-7.webp","datePublished":"2025-09-24T06:58:37+00:00","dateModified":"2025-10-11T00:52:40+00:00","description":"Explore a inovadora roda rotativa tern\u00e1ria de tratamento de polui\u00e7\u00e3o com feixe H e feixe T de 200k m\u00b3 para solu\u00e7\u00f5es ambientais eficazes. Invista em um ar mais limpo!","breadcrumb":{"@id":"https:\/\/www.zmdetech.com\/product\/zmde-steel-h-t-i-beam-fabrication-ternary-rotary-wheel-vocs-polution-treatment-purification-machine-trvt-trvt-200k-co\/#breadcrumb"},"inLanguage":"pt-BR","potentialAction":[{"@type":"ReadAction","target":["https:\/\/www.zmdetech.com\/product\/zmde-steel-h-t-i-beam-fabrication-ternary-rotary-wheel-vocs-polution-treatment-purification-machine-trvt-trvt-200k-co\/"]}]},{"@type":"ImageObject","inLanguage":"pt-BR","@id":"https:\/\/www.zmdetech.com\/product\/zmde-steel-h-t-i-beam-fabrication-ternary-rotary-wheel-vocs-polution-treatment-purification-machine-trvt-trvt-200k-co\/#primaryimage","url":"https:\/\/www.zmdetech.com\/wp-content\/uploads\/Ternary-Rotary-Wheel-Polution-Treatment-Machine-main-7.webp","contentUrl":"https:\/\/www.zmdetech.com\/wp-content\/uploads\/Ternary-Rotary-Wheel-Polution-Treatment-Machine-main-7.webp","width":1000,"height":1000},{"@type":"BreadcrumbList","@id":"https:\/\/www.zmdetech.com\/product\/zmde-steel-h-t-i-beam-fabrication-ternary-rotary-wheel-vocs-polution-treatment-purification-machine-trvt-trvt-200k-co\/#breadcrumb","itemListElement":[{"@type":"ListItem","position":1,"name":"Home","item":"https:\/\/www.zmdetech.com\/"},{"@type":"ListItem","position":2,"name":"Shop","item":"https:\/\/www.zmdetech.com\/shop\/"},{"@type":"ListItem","position":3,"name":"ZMDE Steel H T I Beam Fabrication Ternary Rotary Wheel VOCs Polution Treatment Purification Machine TRVT-200K-CO"}]},{"@type":"WebSite","@id":"https:\/\/www.zmdetech.com\/#website","url":"https:\/\/www.zmdetech.com\/","name":"ZMDE Steel Machinery","description":"Constru\u00e7\u00f5es fabricadas na f\u00e1brica","publisher":{"@id":"https:\/\/www.zmdetech.com\/#organization"},"potentialAction":[{"@type":"SearchAction","target":{"@type":"EntryPoint","urlTemplate":"https:\/\/www.zmdetech.com\/?s={search_term_string}"},"query-input":{"@type":"PropertyValueSpecification","valueRequired":true,"valueName":"search_term_string"}}],"inLanguage":"pt-BR"},{"@type":"Organization","@id":"https:\/\/www.zmdetech.com\/#organization","name":"ZMDE Steel Machinery","url":"https:\/\/www.zmdetech.com\/","logo":{"@type":"ImageObject","inLanguage":"pt-BR","@id":"https:\/\/www.zmdetech.com\/#\/schema\/logo\/image\/","url":"https:\/\/www.zmdetech.com\/wp-content\/uploads\/websitelogo3.webp","contentUrl":"https:\/\/www.zmdetech.com\/wp-content\/uploads\/websitelogo3.webp","width":200,"height":64,"caption":"ZMDE Steel Machinery"},"image":{"@id":"https:\/\/www.zmdetech.com\/#\/schema\/logo\/image\/"},"sameAs":["https:\/\/facebook.com\/zmdemachinery","https:\/\/x.com\/zmdemachinery","https:\/\/www.youtube.com\/@ZMDE-TECH","https:\/\/www.linkedin.com\/company\/zmde-tech"]}]},"product_price_currency":"CNY","og_availability":"instock","product_availability":"instock","product_retailer_item_id":"ZMDE-TRVT-200K-CO","product_condition":"new"},"_links":{"self":[{"href":"https:\/\/www.zmdetech.com\/pt\/wp-json\/wp\/v2\/product\/18687","targetHints":{"allow":["GET"]}}],"collection":[{"href":"https:\/\/www.zmdetech.com\/pt\/wp-json\/wp\/v2\/product"}],"about":[{"href":"https:\/\/www.zmdetech.com\/pt\/wp-json\/wp\/v2\/types\/product"}],"wp:featuredmedia":[{"embeddable":true,"href":"https:\/\/www.zmdetech.com\/pt\/wp-json\/wp\/v2\/media\/18444"}],"wp:attachment":[{"href":"https:\/\/www.zmdetech.com\/pt\/wp-json\/wp\/v2\/media?parent=18687"}],"wp:term":[{"taxonomy":"product_brand","embeddable":true,"href":"https:\/\/www.zmdetech.com\/pt\/wp-json\/wp\/v2\/product_brand?post=18687"},{"taxonomy":"product_cat","embeddable":true,"href":"https:\/\/www.zmdetech.com\/pt\/wp-json\/wp\/v2\/product_cat?post=18687"},{"taxonomy":"product_tag","embeddable":true,"href":"https:\/\/www.zmdetech.com\/pt\/wp-json\/wp\/v2\/product_tag?post=18687"}],"curies":[{"name":"wp","href":"https:\/\/api.w.org\/{rel}","templated":true}]}}