{"id":18741,"date":"2025-10-17T06:35:47","date_gmt":"2025-10-17T06:35:47","guid":{"rendered":"https:\/\/www.zmdetech.com\/?post_type=product&#038;p=18741"},"modified":"2025-10-17T06:50:39","modified_gmt":"2025-10-17T06:50:39","slug":"linha-de-producao-de-pintura-em-spray-da-zmde-yatu-yatu-3070d","status":"publish","type":"product","link":"https:\/\/www.zmdetech.com\/pt\/product\/linha-de-producao-de-pintura-em-spray-da-zmde-yatu-yatu-3070d\/","title":{"rendered":"Linha de produ\u00e7\u00e3o de pintura com spray YATU da ZMDE YATU-3070D"},"content":{"rendered":"<p><img fetchpriority=\"high\" decoding=\"async\" width=\"1000\" height=\"1902\" class=\"aligncenter size-medium wp-image-18752\" src=\"https:\/\/www.zmdetech.com\/wp-content\/uploads\/YATU-Spray-Painting-Produnction-Line-Detail-1.webp\" alt=\"YATU-Spray-Painting-Produnction-Line-Detail-1\" \/><br \/>\n<img decoding=\"async\" width=\"1000\" height=\"1571\" class=\"aligncenter size-medium wp-image-18747\" src=\"https:\/\/www.zmdetech.com\/wp-content\/uploads\/YATU-Spray-Painting-Produnction-Line-Detail-2.webp\" alt=\"YATU-Spray-Painting-Produnction-Line-Detail-2\" \/><br \/>\n<img decoding=\"async\" width=\"1000\" height=\"996\" class=\"aligncenter size-medium wp-image-18748\" src=\"https:\/\/www.zmdetech.com\/wp-content\/uploads\/YATU-Spray-Painting-Produnction-Line-Detail-3.webp\" alt=\"YATU-Spray-Painting-Produnction-Line-Detail-3\" \/><br \/>\n<img loading=\"lazy\" decoding=\"async\" width=\"1000\" height=\"1179\" class=\"aligncenter size-medium wp-image-18749\" src=\"https:\/\/www.zmdetech.com\/wp-content\/uploads\/YATU-Spray-Painting-Produnction-Line-Detail-4.webp\" alt=\"YATU-Spray-Painting-Produnction-Line-Detail-4\" \/><br \/>\n<img loading=\"lazy\" decoding=\"async\" width=\"1000\" height=\"1999\" class=\"aligncenter size-medium wp-image-18750\" src=\"https:\/\/www.zmdetech.com\/wp-content\/uploads\/YATU-Spray-Painting-Produnction-Line-Detail-5.webp\" alt=\"YATU-Spray-Painting-Produnction-Line-Detail-5\" \/><br \/>\n<img decoding=\"async\" class=\"aligncenter size-medium wp-image-18751\" src=\"https:\/\/www.zmdetech.com\/wp-content\/uploads\/YATU-Spray-Painting-Produnction-Line-Detail-6.webp\" alt=\"YATU-Spray-Painting-Produnction-Line-Detail-6\" \/><\/p>","protected":false},"excerpt":{"rendered":"<p>A linha de produ\u00e7\u00e3o de pintura por spray da ZMDE YATU ajuda a f\u00e1brica de estruturas de a\u00e7o a pintar a viga H\/T\/I ap\u00f3s o processo de tratamento de superf\u00edcie.<\/p>","protected":false},"featured_media":18746,"template":"","meta":[],"product_brand":[109],"product_cat":[66,74],"product_tag":[233,175,164,223,224,243,117,232,123],"class_list":{"0":"post-18741","1":"product","2":"type-product","3":"status-publish","4":"has-post-thumbnail","6":"product_brand-zmde","7":"product_cat-painting-machine","8":"product_cat-production-line","9":"product_tag-box-beam","10":"product_tag-box-girder","11":"product_tag-painting-machine","12":"product_tag-peb","13":"product_tag-pre-engineered-building","14":"product_tag-spay-machine","15":"product_tag-steel-fabrication","16":"product_tag-u-beam","17":"product_tag-zmde","19":"first","20":"instock","21":"shipping-taxable","22":"product-type-simple"},"yoast_head":"<!-- This site is optimized with the Yoast SEO Premium plugin v27.1 (Yoast SEO v27.3) - https:\/\/yoast.com\/product\/yoast-seo-premium-wordpress\/ -->\n<title>ZMDE YATU Spray Painting Production Line YATU-3070D - ZMDE Steel Machinery<\/title>\n<meta name=\"description\" content=\"Revolutionize your operations using the ZMDE Steel Fabrication Spray Painting Production Line.\" \/>\n<meta name=\"robots\" content=\"index, follow, max-snippet:-1, max-image-preview:large, max-video-preview:-1\" \/>\n<link rel=\"canonical\" href=\"https:\/\/www.zmdetech.com\/pt\/product\/linha-de-producao-de-pintura-em-spray-da-zmde-yatu-yatu-3070d\/\" \/>\n<meta property=\"og:locale\" content=\"pt_BR\" \/>\n<meta property=\"og:type\" content=\"article\" \/>\n<meta property=\"og:title\" content=\"ZMDE YATU Spray Painting Production Line YATU-3070D\" \/>\n<meta property=\"og:description\" content=\"Revolutionize your operations using the ZMDE Steel Fabrication Spray Painting Production Line.\" \/>\n<meta property=\"og:url\" content=\"https:\/\/www.zmdetech.com\/pt\/product\/linha-de-producao-de-pintura-em-spray-da-zmde-yatu-yatu-3070d\/\" \/>\n<meta property=\"og:site_name\" content=\"ZMDE Steel Machinery\" \/>\n<meta property=\"article:publisher\" content=\"https:\/\/facebook.com\/zmdemachinery\" \/>\n<meta property=\"article:modified_time\" content=\"2025-10-17T06:50:39+00:00\" \/>\n<meta property=\"og:image\" content=\"https:\/\/www.zmdetech.com\/wp-content\/uploads\/YATU-Spray-Painting-Produnction-Line-5.webp\" \/>\n\t<meta property=\"og:image:width\" content=\"1000\" \/>\n\t<meta property=\"og:image:height\" content=\"1000\" \/>\n\t<meta property=\"og:image:type\" content=\"image\/webp\" \/>\n<meta name=\"twitter:card\" content=\"summary_large_image\" \/>\n<meta name=\"twitter:site\" content=\"@zmdemachinery\" \/>\n<meta name=\"twitter:label1\" content=\"Pre\u00e7o\" \/>\n\t<meta name=\"twitter:data1\" content=\"\" \/>\n\t<meta name=\"twitter:label2\" content=\"Disponibilidade\" \/>\n\t<meta name=\"twitter:data2\" content=\"Em Estoque\" \/>\n<script type=\"application\/ld+json\" class=\"yoast-schema-graph\">{\"@context\":\"https:\\\/\\\/schema.org\",\"@graph\":[{\"@type\":\"WebPage\",\"@id\":\"https:\\\/\\\/www.zmdetech.com\\\/product\\\/zmde-yatu-spray-painting-production-line-yatu-3070d\\\/\",\"url\":\"https:\\\/\\\/www.zmdetech.com\\\/product\\\/zmde-yatu-spray-painting-production-line-yatu-3070d\\\/\",\"name\":\"ZMDE YATU Spray Painting Production Line YATU-3070D - ZMDE Steel Machinery\",\"isPartOf\":{\"@id\":\"https:\\\/\\\/www.zmdetech.com\\\/#website\"},\"primaryImageOfPage\":{\"@id\":\"https:\\\/\\\/www.zmdetech.com\\\/product\\\/zmde-yatu-spray-painting-production-line-yatu-3070d\\\/#primaryimage\"},\"image\":{\"@id\":\"https:\\\/\\\/www.zmdetech.com\\\/product\\\/zmde-yatu-spray-painting-production-line-yatu-3070d\\\/#primaryimage\"},\"thumbnailUrl\":\"https:\\\/\\\/www.zmdetech.com\\\/wp-content\\\/uploads\\\/YATU-Spray-Painting-Produnction-Line-5.webp\",\"datePublished\":\"2025-10-17T06:35:47+00:00\",\"dateModified\":\"2025-10-17T06:50:39+00:00\",\"description\":\"Revolutionize your operations using the ZMDE Steel Fabrication Spray Painting Production Line.\",\"breadcrumb\":{\"@id\":\"https:\\\/\\\/www.zmdetech.com\\\/product\\\/zmde-yatu-spray-painting-production-line-yatu-3070d\\\/#breadcrumb\"},\"inLanguage\":\"pt-BR\",\"potentialAction\":[{\"@type\":\"ReadAction\",\"target\":[\"https:\\\/\\\/www.zmdetech.com\\\/product\\\/zmde-yatu-spray-painting-production-line-yatu-3070d\\\/\"]}]},{\"@type\":\"ImageObject\",\"inLanguage\":\"pt-BR\",\"@id\":\"https:\\\/\\\/www.zmdetech.com\\\/product\\\/zmde-yatu-spray-painting-production-line-yatu-3070d\\\/#primaryimage\",\"url\":\"https:\\\/\\\/www.zmdetech.com\\\/wp-content\\\/uploads\\\/YATU-Spray-Painting-Produnction-Line-5.webp\",\"contentUrl\":\"https:\\\/\\\/www.zmdetech.com\\\/wp-content\\\/uploads\\\/YATU-Spray-Painting-Produnction-Line-5.webp\",\"width\":1000,\"height\":1000},{\"@type\":\"BreadcrumbList\",\"@id\":\"https:\\\/\\\/www.zmdetech.com\\\/product\\\/zmde-yatu-spray-painting-production-line-yatu-3070d\\\/#breadcrumb\",\"itemListElement\":[{\"@type\":\"ListItem\",\"position\":1,\"name\":\"Home\",\"item\":\"https:\\\/\\\/www.zmdetech.com\\\/\"},{\"@type\":\"ListItem\",\"position\":2,\"name\":\"Shop\",\"item\":\"https:\\\/\\\/www.zmdetech.com\\\/shop\\\/\"},{\"@type\":\"ListItem\",\"position\":3,\"name\":\"ZMDE YATU Spray Painting Production Line YATU-3070D\"}]},{\"@type\":\"WebSite\",\"@id\":\"https:\\\/\\\/www.zmdetech.com\\\/#website\",\"url\":\"https:\\\/\\\/www.zmdetech.com\\\/\",\"name\":\"ZMDE Steel Machinery\",\"description\":\"Make Buildings Manufactured in Factory\",\"publisher\":{\"@id\":\"https:\\\/\\\/www.zmdetech.com\\\/#organization\"},\"potentialAction\":[{\"@type\":\"SearchAction\",\"target\":{\"@type\":\"EntryPoint\",\"urlTemplate\":\"https:\\\/\\\/www.zmdetech.com\\\/?s={search_term_string}\"},\"query-input\":{\"@type\":\"PropertyValueSpecification\",\"valueRequired\":true,\"valueName\":\"search_term_string\"}}],\"inLanguage\":\"pt-BR\"},{\"@type\":\"Organization\",\"@id\":\"https:\\\/\\\/www.zmdetech.com\\\/#organization\",\"name\":\"ZMDE Steel Machinery\",\"url\":\"https:\\\/\\\/www.zmdetech.com\\\/\",\"logo\":{\"@type\":\"ImageObject\",\"inLanguage\":\"pt-BR\",\"@id\":\"https:\\\/\\\/www.zmdetech.com\\\/#\\\/schema\\\/logo\\\/image\\\/\",\"url\":\"https:\\\/\\\/www.zmdetech.com\\\/wp-content\\\/uploads\\\/websitelogo3.webp\",\"contentUrl\":\"https:\\\/\\\/www.zmdetech.com\\\/wp-content\\\/uploads\\\/websitelogo3.webp\",\"width\":200,\"height\":64,\"caption\":\"ZMDE Steel Machinery\"},\"image\":{\"@id\":\"https:\\\/\\\/www.zmdetech.com\\\/#\\\/schema\\\/logo\\\/image\\\/\"},\"sameAs\":[\"https:\\\/\\\/facebook.com\\\/zmdemachinery\",\"https:\\\/\\\/x.com\\\/zmdemachinery\",\"https:\\\/\\\/www.youtube.com\\\/@ZMDE-TECH\",\"https:\\\/\\\/www.linkedin.com\\\/company\\\/zmde-tech\"]}]}<\/script>\n<meta property=\"product:price:currency\" content=\"CNY\" \/>\n<meta property=\"og:availability\" content=\"instock\" \/>\n<meta property=\"product:availability\" content=\"instock\" \/>\n<meta property=\"product:retailer_item_id\" content=\"ZMDE-YATU-3070D\" \/>\n<meta property=\"product:condition\" content=\"new\" \/>\n<!-- \/ Yoast SEO Premium plugin. -->","yoast_head_json":{"title":"Linha de produ\u00e7\u00e3o de pintura com spray YATU da ZMDE YATU-3070D - ZMDE Steel Machinery","description":"Revolucione suas opera\u00e7\u00f5es usando a linha de produ\u00e7\u00e3o de pintura por spray para fabrica\u00e7\u00e3o de a\u00e7o da ZMDE.","robots":{"index":"index","follow":"follow","max-snippet":"max-snippet:-1","max-image-preview":"max-image-preview:large","max-video-preview":"max-video-preview:-1"},"canonical":"https:\/\/www.zmdetech.com\/pt\/product\/linha-de-producao-de-pintura-em-spray-da-zmde-yatu-yatu-3070d\/","og_locale":"pt_BR","og_type":"article","og_title":"ZMDE YATU Spray Painting Production Line YATU-3070D","og_description":"Revolutionize your operations using the ZMDE Steel Fabrication Spray Painting Production Line.","og_url":"https:\/\/www.zmdetech.com\/pt\/product\/linha-de-producao-de-pintura-em-spray-da-zmde-yatu-yatu-3070d\/","og_site_name":"ZMDE Steel Machinery","article_publisher":"https:\/\/facebook.com\/zmdemachinery","article_modified_time":"2025-10-17T06:50:39+00:00","og_image":[{"width":1000,"height":1000,"url":"https:\/\/www.zmdetech.com\/wp-content\/uploads\/YATU-Spray-Painting-Produnction-Line-5.webp","type":"image\/webp"}],"twitter_card":"summary_large_image","twitter_site":"@zmdemachinery","twitter_misc":{"Pre\u00e7o":"","Disponibilidade":"Em Estoque"},"schema":{"@context":"https:\/\/schema.org","@graph":[{"@type":"WebPage","@id":"https:\/\/www.zmdetech.com\/product\/zmde-yatu-spray-painting-production-line-yatu-3070d\/","url":"https:\/\/www.zmdetech.com\/product\/zmde-yatu-spray-painting-production-line-yatu-3070d\/","name":"Linha de produ\u00e7\u00e3o de pintura com spray YATU da ZMDE YATU-3070D - ZMDE Steel Machinery","isPartOf":{"@id":"https:\/\/www.zmdetech.com\/#website"},"primaryImageOfPage":{"@id":"https:\/\/www.zmdetech.com\/product\/zmde-yatu-spray-painting-production-line-yatu-3070d\/#primaryimage"},"image":{"@id":"https:\/\/www.zmdetech.com\/product\/zmde-yatu-spray-painting-production-line-yatu-3070d\/#primaryimage"},"thumbnailUrl":"https:\/\/www.zmdetech.com\/wp-content\/uploads\/YATU-Spray-Painting-Produnction-Line-5.webp","datePublished":"2025-10-17T06:35:47+00:00","dateModified":"2025-10-17T06:50:39+00:00","description":"Revolucione suas opera\u00e7\u00f5es usando a linha de produ\u00e7\u00e3o de pintura por spray para fabrica\u00e7\u00e3o de a\u00e7o da ZMDE.","breadcrumb":{"@id":"https:\/\/www.zmdetech.com\/product\/zmde-yatu-spray-painting-production-line-yatu-3070d\/#breadcrumb"},"inLanguage":"pt-BR","potentialAction":[{"@type":"ReadAction","target":["https:\/\/www.zmdetech.com\/product\/zmde-yatu-spray-painting-production-line-yatu-3070d\/"]}]},{"@type":"ImageObject","inLanguage":"pt-BR","@id":"https:\/\/www.zmdetech.com\/product\/zmde-yatu-spray-painting-production-line-yatu-3070d\/#primaryimage","url":"https:\/\/www.zmdetech.com\/wp-content\/uploads\/YATU-Spray-Painting-Produnction-Line-5.webp","contentUrl":"https:\/\/www.zmdetech.com\/wp-content\/uploads\/YATU-Spray-Painting-Produnction-Line-5.webp","width":1000,"height":1000},{"@type":"BreadcrumbList","@id":"https:\/\/www.zmdetech.com\/product\/zmde-yatu-spray-painting-production-line-yatu-3070d\/#breadcrumb","itemListElement":[{"@type":"ListItem","position":1,"name":"Home","item":"https:\/\/www.zmdetech.com\/"},{"@type":"ListItem","position":2,"name":"Shop","item":"https:\/\/www.zmdetech.com\/shop\/"},{"@type":"ListItem","position":3,"name":"ZMDE YATU Spray Painting Production Line YATU-3070D"}]},{"@type":"WebSite","@id":"https:\/\/www.zmdetech.com\/#website","url":"https:\/\/www.zmdetech.com\/","name":"ZMDE Steel Machinery","description":"Constru\u00e7\u00f5es fabricadas na f\u00e1brica","publisher":{"@id":"https:\/\/www.zmdetech.com\/#organization"},"potentialAction":[{"@type":"SearchAction","target":{"@type":"EntryPoint","urlTemplate":"https:\/\/www.zmdetech.com\/?s={search_term_string}"},"query-input":{"@type":"PropertyValueSpecification","valueRequired":true,"valueName":"search_term_string"}}],"inLanguage":"pt-BR"},{"@type":"Organization","@id":"https:\/\/www.zmdetech.com\/#organization","name":"ZMDE Steel Machinery","url":"https:\/\/www.zmdetech.com\/","logo":{"@type":"ImageObject","inLanguage":"pt-BR","@id":"https:\/\/www.zmdetech.com\/#\/schema\/logo\/image\/","url":"https:\/\/www.zmdetech.com\/wp-content\/uploads\/websitelogo3.webp","contentUrl":"https:\/\/www.zmdetech.com\/wp-content\/uploads\/websitelogo3.webp","width":200,"height":64,"caption":"ZMDE Steel Machinery"},"image":{"@id":"https:\/\/www.zmdetech.com\/#\/schema\/logo\/image\/"},"sameAs":["https:\/\/facebook.com\/zmdemachinery","https:\/\/x.com\/zmdemachinery","https:\/\/www.youtube.com\/@ZMDE-TECH","https:\/\/www.linkedin.com\/company\/zmde-tech"]}]},"product_price_currency":"CNY","og_availability":"instock","product_availability":"instock","product_retailer_item_id":"ZMDE-YATU-3070D","product_condition":"new"},"_links":{"self":[{"href":"https:\/\/www.zmdetech.com\/pt\/wp-json\/wp\/v2\/product\/18741","targetHints":{"allow":["GET"]}}],"collection":[{"href":"https:\/\/www.zmdetech.com\/pt\/wp-json\/wp\/v2\/product"}],"about":[{"href":"https:\/\/www.zmdetech.com\/pt\/wp-json\/wp\/v2\/types\/product"}],"wp:featuredmedia":[{"embeddable":true,"href":"https:\/\/www.zmdetech.com\/pt\/wp-json\/wp\/v2\/media\/18746"}],"wp:attachment":[{"href":"https:\/\/www.zmdetech.com\/pt\/wp-json\/wp\/v2\/media?parent=18741"}],"wp:term":[{"taxonomy":"product_brand","embeddable":true,"href":"https:\/\/www.zmdetech.com\/pt\/wp-json\/wp\/v2\/product_brand?post=18741"},{"taxonomy":"product_cat","embeddable":true,"href":"https:\/\/www.zmdetech.com\/pt\/wp-json\/wp\/v2\/product_cat?post=18741"},{"taxonomy":"product_tag","embeddable":true,"href":"https:\/\/www.zmdetech.com\/pt\/wp-json\/wp\/v2\/product_tag?post=18741"}],"curies":[{"name":"wp","href":"https:\/\/api.w.org\/{rel}","templated":true}]}}