{"id":19052,"date":"2026-03-13T09:39:40","date_gmt":"2026-03-13T09:39:40","guid":{"rendered":"https:\/\/www.zmdetech.com\/?post_type=product&#038;p=19052"},"modified":"2026-03-24T06:33:05","modified_gmt":"2026-03-24T06:33:05","slug":"zmde-smart-crystal-prefabricated-full-decoration-lightweight-wall-color-landscape","status":"publish","type":"product","link":"https:\/\/www.zmdetech.com\/pt\/product\/zmde-smart-crystal-prefabricated-full-decoration-lightweight-wall-color-landscape\/","title":{"rendered":"ZMDE Smart Crystal pr\u00e9-fabricado com decora\u00e7\u00e3o completa e parede leve Color Landscape"},"content":{"rendered":"<p><img decoding=\"async\" class=\"aligncenter size-medium wp-image-19018\" src=\"https:\/\/www.zmdetech.com\/wp-content\/uploads\/Features.webp\" alt=\"Recursos\" width=\"1000\" \/><br \/>\n<img decoding=\"async\" class=\"aligncenter size-medium wp-image-19021\" src=\"https:\/\/www.zmdetech.com\/wp-content\/uploads\/Application.webp\" alt=\"Aplicativo\" width=\"1000\" \/><br \/>\n<img decoding=\"async\" class=\"aligncenter size-medium wp-image-19020\" src=\"https:\/\/www.zmdetech.com\/wp-content\/uploads\/Projects.webp\" alt=\"Projetos\" width=\"1000\" \/><br \/>\n<img decoding=\"async\" class=\"aligncenter size-medium wp-image-19019\" src=\"https:\/\/www.zmdetech.com\/wp-content\/uploads\/Certificates.webp\" alt=\"Certificados\" width=\"1000\" \/><\/p>","protected":false},"excerpt":{"rendered":"<p>A parede leve pr\u00e9-fabricada de decora\u00e7\u00e3o completa ZMDE Smart Crystal \u00e9 um material de parede leve feito de ceramsita porosa, composta principalmente de argila queimada em altas temperaturas, com uma estrutura de c\u00e9lula fechada de alta porosidade. Caracteriza-se por ser poroso, leve, dur\u00e1vel, com isolamento t\u00e9rmico, absor\u00e7\u00e3o de som, \u00e0 prova de umidade, resistente \u00e0 corros\u00e3o \u00e1cida e alcalina e retardante de chamas, com resist\u00eancia de at\u00e9 5 MPa. \u00c9 amplamente utilizado na constru\u00e7\u00e3o de paredes e telhados.<\/p>","protected":false},"featured_media":19053,"template":"","meta":[],"product_brand":[109],"product_cat":[303],"product_tag":[309,304,311,312,305,307,308,306,310],"class_list":{"0":"post-19052","1":"product","2":"type-product","3":"status-publish","4":"has-post-thumbnail","6":"product_brand-zmde","7":"product_cat-wall-material","8":"product_tag-environmental-protection","9":"product_tag-lightweight","10":"product_tag-moisture-proof","11":"product_tag-prefabricated","12":"product_tag-smart-crystal","13":"product_tag-sound-absorption","14":"product_tag-sound-insulation","15":"product_tag-thermal-insulation","16":"product_tag-waterproof","18":"first","19":"instock","20":"shipping-taxable","21":"product-type-simple"},"yoast_head":"<!-- This site is optimized with the Yoast SEO Premium plugin v27.1 (Yoast SEO v27.5) - https:\/\/yoast.com\/product\/yoast-seo-premium-wordpress\/ -->\n<title>ZMDE Smart Crystal prefabricated full decoration lightweight wall Color Landscape - ZMDE Steel Machinery<\/title>\n<meta name=\"description\" content=\"ZMDE Smart Crystal prefabricated full decoration lightweight wall is a lightweight wall material made of porous ceramsite, mainly composed of clay fired at high temperatures, with a high porosity closed-cell structure with Color Landscape.\" \/>\n<meta name=\"robots\" content=\"index, follow, max-snippet:-1, max-image-preview:large, max-video-preview:-1\" \/>\n<link rel=\"canonical\" href=\"https:\/\/www.zmdetech.com\/pt\/product\/zmde-smart-crystal-prefabricated-full-decoration-lightweight-wall-color-landscape\/\" \/>\n<meta property=\"og:locale\" content=\"pt_BR\" \/>\n<meta property=\"og:type\" content=\"article\" \/>\n<meta property=\"og:title\" content=\"ZMDE Smart Crystal prefabricated full decoration lightweight wall Color Landscape\" \/>\n<meta property=\"og:description\" content=\"ZMDE Smart Crystal prefabricated full decoration lightweight wall is a lightweight wall material made of porous ceramsite, mainly composed of clay fired at high temperatures, with a high porosity closed-cell structure with Color Landscape.\" \/>\n<meta property=\"og:url\" content=\"https:\/\/www.zmdetech.com\/pt\/product\/zmde-smart-crystal-prefabricated-full-decoration-lightweight-wall-color-landscape\/\" \/>\n<meta property=\"og:site_name\" content=\"ZMDE Steel Machinery\" \/>\n<meta property=\"article:publisher\" content=\"https:\/\/facebook.com\/zmdemachinery\" \/>\n<meta property=\"article:modified_time\" content=\"2026-03-24T06:33:05+00:00\" \/>\n<meta property=\"og:image\" content=\"https:\/\/www.zmdetech.com\/wp-content\/uploads\/Smart-Crystal-Color-Landscape-1.webp\" \/>\n\t<meta property=\"og:image:width\" content=\"1200\" \/>\n\t<meta property=\"og:image:height\" content=\"675\" \/>\n\t<meta property=\"og:image:type\" content=\"image\/webp\" \/>\n<meta name=\"twitter:card\" content=\"summary_large_image\" \/>\n<meta name=\"twitter:site\" content=\"@zmdemachinery\" \/>\n<meta name=\"twitter:label1\" content=\"Pre\u00e7o\" \/>\n\t<meta name=\"twitter:data1\" content=\"\" \/>\n\t<meta name=\"twitter:label2\" content=\"Disponibilidade\" \/>\n\t<meta name=\"twitter:data2\" content=\"Em Estoque\" \/>\n<script type=\"application\/ld+json\" class=\"yoast-schema-graph\">{\"@context\":\"https:\\\/\\\/schema.org\",\"@graph\":[{\"@type\":\"WebPage\",\"@id\":\"https:\\\/\\\/www.zmdetech.com\\\/product\\\/zmde-smart-crystal-prefabricated-full-decoration-lightweight-wall-color-landscape\\\/\",\"url\":\"https:\\\/\\\/www.zmdetech.com\\\/product\\\/zmde-smart-crystal-prefabricated-full-decoration-lightweight-wall-color-landscape\\\/\",\"name\":\"ZMDE Smart Crystal prefabricated full decoration lightweight wall Color Landscape - ZMDE Steel Machinery\",\"isPartOf\":{\"@id\":\"https:\\\/\\\/www.zmdetech.com\\\/#website\"},\"primaryImageOfPage\":{\"@id\":\"https:\\\/\\\/www.zmdetech.com\\\/product\\\/zmde-smart-crystal-prefabricated-full-decoration-lightweight-wall-color-landscape\\\/#primaryimage\"},\"image\":{\"@id\":\"https:\\\/\\\/www.zmdetech.com\\\/product\\\/zmde-smart-crystal-prefabricated-full-decoration-lightweight-wall-color-landscape\\\/#primaryimage\"},\"thumbnailUrl\":\"https:\\\/\\\/www.zmdetech.com\\\/wp-content\\\/uploads\\\/Smart-Crystal-Color-Landscape-1.webp\",\"datePublished\":\"2026-03-13T09:39:40+00:00\",\"dateModified\":\"2026-03-24T06:33:05+00:00\",\"description\":\"ZMDE Smart Crystal prefabricated full decoration lightweight wall is a lightweight wall material made of porous ceramsite, mainly composed of clay fired at high temperatures, with a high porosity closed-cell structure with Color Landscape.\",\"breadcrumb\":{\"@id\":\"https:\\\/\\\/www.zmdetech.com\\\/product\\\/zmde-smart-crystal-prefabricated-full-decoration-lightweight-wall-color-landscape\\\/#breadcrumb\"},\"inLanguage\":\"pt-BR\",\"potentialAction\":[{\"@type\":\"ReadAction\",\"target\":[\"https:\\\/\\\/www.zmdetech.com\\\/product\\\/zmde-smart-crystal-prefabricated-full-decoration-lightweight-wall-color-landscape\\\/\"]}]},{\"@type\":\"ImageObject\",\"inLanguage\":\"pt-BR\",\"@id\":\"https:\\\/\\\/www.zmdetech.com\\\/product\\\/zmde-smart-crystal-prefabricated-full-decoration-lightweight-wall-color-landscape\\\/#primaryimage\",\"url\":\"https:\\\/\\\/www.zmdetech.com\\\/wp-content\\\/uploads\\\/Smart-Crystal-Color-Landscape-1.webp\",\"contentUrl\":\"https:\\\/\\\/www.zmdetech.com\\\/wp-content\\\/uploads\\\/Smart-Crystal-Color-Landscape-1.webp\",\"width\":1200,\"height\":675},{\"@type\":\"BreadcrumbList\",\"@id\":\"https:\\\/\\\/www.zmdetech.com\\\/product\\\/zmde-smart-crystal-prefabricated-full-decoration-lightweight-wall-color-landscape\\\/#breadcrumb\",\"itemListElement\":[{\"@type\":\"ListItem\",\"position\":1,\"name\":\"Home\",\"item\":\"https:\\\/\\\/www.zmdetech.com\\\/\"},{\"@type\":\"ListItem\",\"position\":2,\"name\":\"Shop\",\"item\":\"https:\\\/\\\/www.zmdetech.com\\\/shop\\\/\"},{\"@type\":\"ListItem\",\"position\":3,\"name\":\"ZMDE Smart Crystal prefabricated full decoration lightweight wall Color Landscape\"}]},{\"@type\":\"WebSite\",\"@id\":\"https:\\\/\\\/www.zmdetech.com\\\/#website\",\"url\":\"https:\\\/\\\/www.zmdetech.com\\\/\",\"name\":\"ZMDE Steel Machinery\",\"description\":\"Make Buildings Manufactured in Factory\",\"publisher\":{\"@id\":\"https:\\\/\\\/www.zmdetech.com\\\/#organization\"},\"potentialAction\":[{\"@type\":\"SearchAction\",\"target\":{\"@type\":\"EntryPoint\",\"urlTemplate\":\"https:\\\/\\\/www.zmdetech.com\\\/?s={search_term_string}\"},\"query-input\":{\"@type\":\"PropertyValueSpecification\",\"valueRequired\":true,\"valueName\":\"search_term_string\"}}],\"inLanguage\":\"pt-BR\"},{\"@type\":\"Organization\",\"@id\":\"https:\\\/\\\/www.zmdetech.com\\\/#organization\",\"name\":\"ZMDE Steel Machinery\",\"url\":\"https:\\\/\\\/www.zmdetech.com\\\/\",\"logo\":{\"@type\":\"ImageObject\",\"inLanguage\":\"pt-BR\",\"@id\":\"https:\\\/\\\/www.zmdetech.com\\\/#\\\/schema\\\/logo\\\/image\\\/\",\"url\":\"https:\\\/\\\/www.zmdetech.com\\\/wp-content\\\/uploads\\\/websitelogo3.webp\",\"contentUrl\":\"https:\\\/\\\/www.zmdetech.com\\\/wp-content\\\/uploads\\\/websitelogo3.webp\",\"width\":200,\"height\":64,\"caption\":\"ZMDE Steel Machinery\"},\"image\":{\"@id\":\"https:\\\/\\\/www.zmdetech.com\\\/#\\\/schema\\\/logo\\\/image\\\/\"},\"sameAs\":[\"https:\\\/\\\/facebook.com\\\/zmdemachinery\",\"https:\\\/\\\/x.com\\\/zmdemachinery\",\"https:\\\/\\\/www.youtube.com\\\/@ZMDE-TECH\",\"https:\\\/\\\/www.linkedin.com\\\/company\\\/zmde-tech\"]}]}<\/script>\n<meta property=\"product:price:currency\" content=\"CNY\" \/>\n<meta property=\"og:availability\" content=\"instock\" \/>\n<meta property=\"product:availability\" content=\"instock\" \/>\n<meta property=\"product:retailer_item_id\" content=\"ZMDE-SmartCrystal-ColorLandscape\" \/>\n<meta property=\"product:condition\" content=\"new\" \/>\n<!-- \/ Yoast SEO Premium plugin. -->","yoast_head_json":{"title":"ZMDE Smart Crystal pr\u00e9-fabricado com decora\u00e7\u00e3o completa e parede leve Color Landscape - ZMDE Steel Machinery","description":"A parede leve pr\u00e9-fabricada de decora\u00e7\u00e3o completa ZMDE Smart Crystal \u00e9 um material de parede leve feito de ceramsita porosa, composta principalmente de argila queimada em altas temperaturas, com uma estrutura de c\u00e9lula fechada de alta porosidade com Color Landscape.","robots":{"index":"index","follow":"follow","max-snippet":"max-snippet:-1","max-image-preview":"max-image-preview:large","max-video-preview":"max-video-preview:-1"},"canonical":"https:\/\/www.zmdetech.com\/pt\/product\/zmde-smart-crystal-prefabricated-full-decoration-lightweight-wall-color-landscape\/","og_locale":"pt_BR","og_type":"article","og_title":"ZMDE Smart Crystal prefabricated full decoration lightweight wall Color Landscape","og_description":"ZMDE Smart Crystal prefabricated full decoration lightweight wall is a lightweight wall material made of porous ceramsite, mainly composed of clay fired at high temperatures, with a high porosity closed-cell structure with Color Landscape.","og_url":"https:\/\/www.zmdetech.com\/pt\/product\/zmde-smart-crystal-prefabricated-full-decoration-lightweight-wall-color-landscape\/","og_site_name":"ZMDE Steel Machinery","article_publisher":"https:\/\/facebook.com\/zmdemachinery","article_modified_time":"2026-03-24T06:33:05+00:00","og_image":[{"width":1200,"height":675,"url":"https:\/\/www.zmdetech.com\/wp-content\/uploads\/Smart-Crystal-Color-Landscape-1.webp","type":"image\/webp"}],"twitter_card":"summary_large_image","twitter_site":"@zmdemachinery","twitter_misc":{"Pre\u00e7o":"","Disponibilidade":"Em Estoque"},"schema":{"@context":"https:\/\/schema.org","@graph":[{"@type":"WebPage","@id":"https:\/\/www.zmdetech.com\/product\/zmde-smart-crystal-prefabricated-full-decoration-lightweight-wall-color-landscape\/","url":"https:\/\/www.zmdetech.com\/product\/zmde-smart-crystal-prefabricated-full-decoration-lightweight-wall-color-landscape\/","name":"ZMDE Smart Crystal pr\u00e9-fabricado com decora\u00e7\u00e3o completa e parede leve Color Landscape - ZMDE Steel Machinery","isPartOf":{"@id":"https:\/\/www.zmdetech.com\/#website"},"primaryImageOfPage":{"@id":"https:\/\/www.zmdetech.com\/product\/zmde-smart-crystal-prefabricated-full-decoration-lightweight-wall-color-landscape\/#primaryimage"},"image":{"@id":"https:\/\/www.zmdetech.com\/product\/zmde-smart-crystal-prefabricated-full-decoration-lightweight-wall-color-landscape\/#primaryimage"},"thumbnailUrl":"https:\/\/www.zmdetech.com\/wp-content\/uploads\/Smart-Crystal-Color-Landscape-1.webp","datePublished":"2026-03-13T09:39:40+00:00","dateModified":"2026-03-24T06:33:05+00:00","description":"A parede leve pr\u00e9-fabricada de decora\u00e7\u00e3o completa ZMDE Smart Crystal \u00e9 um material de parede leve feito de ceramsita porosa, composta principalmente de argila queimada em altas temperaturas, com uma estrutura de c\u00e9lula fechada de alta porosidade com Color Landscape.","breadcrumb":{"@id":"https:\/\/www.zmdetech.com\/product\/zmde-smart-crystal-prefabricated-full-decoration-lightweight-wall-color-landscape\/#breadcrumb"},"inLanguage":"pt-BR","potentialAction":[{"@type":"ReadAction","target":["https:\/\/www.zmdetech.com\/product\/zmde-smart-crystal-prefabricated-full-decoration-lightweight-wall-color-landscape\/"]}]},{"@type":"ImageObject","inLanguage":"pt-BR","@id":"https:\/\/www.zmdetech.com\/product\/zmde-smart-crystal-prefabricated-full-decoration-lightweight-wall-color-landscape\/#primaryimage","url":"https:\/\/www.zmdetech.com\/wp-content\/uploads\/Smart-Crystal-Color-Landscape-1.webp","contentUrl":"https:\/\/www.zmdetech.com\/wp-content\/uploads\/Smart-Crystal-Color-Landscape-1.webp","width":1200,"height":675},{"@type":"BreadcrumbList","@id":"https:\/\/www.zmdetech.com\/product\/zmde-smart-crystal-prefabricated-full-decoration-lightweight-wall-color-landscape\/#breadcrumb","itemListElement":[{"@type":"ListItem","position":1,"name":"Home","item":"https:\/\/www.zmdetech.com\/"},{"@type":"ListItem","position":2,"name":"Shop","item":"https:\/\/www.zmdetech.com\/shop\/"},{"@type":"ListItem","position":3,"name":"ZMDE Smart Crystal prefabricated full decoration lightweight wall Color Landscape"}]},{"@type":"WebSite","@id":"https:\/\/www.zmdetech.com\/#website","url":"https:\/\/www.zmdetech.com\/","name":"ZMDE Steel Machinery","description":"Constru\u00e7\u00f5es fabricadas na f\u00e1brica","publisher":{"@id":"https:\/\/www.zmdetech.com\/#organization"},"potentialAction":[{"@type":"SearchAction","target":{"@type":"EntryPoint","urlTemplate":"https:\/\/www.zmdetech.com\/?s={search_term_string}"},"query-input":{"@type":"PropertyValueSpecification","valueRequired":true,"valueName":"search_term_string"}}],"inLanguage":"pt-BR"},{"@type":"Organization","@id":"https:\/\/www.zmdetech.com\/#organization","name":"ZMDE Steel Machinery","url":"https:\/\/www.zmdetech.com\/","logo":{"@type":"ImageObject","inLanguage":"pt-BR","@id":"https:\/\/www.zmdetech.com\/#\/schema\/logo\/image\/","url":"https:\/\/www.zmdetech.com\/wp-content\/uploads\/websitelogo3.webp","contentUrl":"https:\/\/www.zmdetech.com\/wp-content\/uploads\/websitelogo3.webp","width":200,"height":64,"caption":"ZMDE Steel Machinery"},"image":{"@id":"https:\/\/www.zmdetech.com\/#\/schema\/logo\/image\/"},"sameAs":["https:\/\/facebook.com\/zmdemachinery","https:\/\/x.com\/zmdemachinery","https:\/\/www.youtube.com\/@ZMDE-TECH","https:\/\/www.linkedin.com\/company\/zmde-tech"]}]},"product_price_currency":"CNY","og_availability":"instock","product_availability":"instock","product_retailer_item_id":"ZMDE-SmartCrystal-ColorLandscape","product_condition":"new"},"_links":{"self":[{"href":"https:\/\/www.zmdetech.com\/pt\/wp-json\/wp\/v2\/product\/19052","targetHints":{"allow":["GET"]}}],"collection":[{"href":"https:\/\/www.zmdetech.com\/pt\/wp-json\/wp\/v2\/product"}],"about":[{"href":"https:\/\/www.zmdetech.com\/pt\/wp-json\/wp\/v2\/types\/product"}],"wp:featuredmedia":[{"embeddable":true,"href":"https:\/\/www.zmdetech.com\/pt\/wp-json\/wp\/v2\/media\/19053"}],"wp:attachment":[{"href":"https:\/\/www.zmdetech.com\/pt\/wp-json\/wp\/v2\/media?parent=19052"}],"wp:term":[{"taxonomy":"product_brand","embeddable":true,"href":"https:\/\/www.zmdetech.com\/pt\/wp-json\/wp\/v2\/product_brand?post=19052"},{"taxonomy":"product_cat","embeddable":true,"href":"https:\/\/www.zmdetech.com\/pt\/wp-json\/wp\/v2\/product_cat?post=19052"},{"taxonomy":"product_tag","embeddable":true,"href":"https:\/\/www.zmdetech.com\/pt\/wp-json\/wp\/v2\/product_tag?post=19052"}],"curies":[{"name":"wp","href":"https:\/\/api.w.org\/{rel}","templated":true}]}}